{"id":13,"date":"2026-01-19T09:38:57","date_gmt":"2026-01-19T09:38:57","guid":{"rendered":"https:\/\/www.smetanaquartet.com\/?page_id=13"},"modified":"2026-02-18T19:44:34","modified_gmt":"2026-02-18T19:44:34","slug":"uvod","status":"publish","type":"page","link":"https:\/\/www.smetanaquartet.com\/cs\/","title":{"rendered":"\u00davod"},"content":{"rendered":"\n<p>Smetanovo kvarteto je jeden z v\u00fdznamn\u00fdch soubor\u016f \u010desk\u00e9 komorn\u00ed hudby, kter\u00fd z\u00edskal celosv\u011btov\u00fd v\u011bhlas. Byl zalo\u017een 1943, ale pod t\u00edmto n\u00e1zvem se objevil a\u017e o dva roky pozd\u011bji. Svoj\u00ed t\u00e9m\u011b\u0159 pades\u00e1tiletou \u010dinnost ukon\u010dil v \u010dervnu 1989.<\/p>\n","protected":false},"excerpt":{"rendered":"<p>Smetanovo kvarteto je jeden z v\u00fdznamn\u00fdch soubor\u016f \u010desk\u00e9 komorn\u00ed hudby, kter\u00fd z\u00edskal celosv\u011btov\u00fd v\u011bhlas. Byl zalo\u017een 1943, ale pod t\u00edmto n\u00e1zvem se objevil a\u017e o dva roky pozd\u011bji. Svoj\u00ed t\u00e9m\u011b\u0159 pades\u00e1tiletou \u010dinnost ukon\u010dil v \u010dervnu 1989.<\/p>\n","protected":false},"author":1,"featured_media":0,"parent":0,"menu_order":0,"comment_status":"closed","ping_status":"closed","template":"","meta":{"footnotes":""},"class_list":["post-13","page","type-page","status-publish","hentry"],"_links":{"self":[{"href":"https:\/\/www.smetanaquartet.com\/cs\/wp-json\/wp\/v2\/pages\/13","targetHints":{"allow":["GET"]}}],"collection":[{"href":"https:\/\/www.smetanaquartet.com\/cs\/wp-json\/wp\/v2\/pages"}],"about":[{"href":"https:\/\/www.smetanaquartet.com\/cs\/wp-json\/wp\/v2\/types\/page"}],"author":[{"embeddable":true,"href":"https:\/\/www.smetanaquartet.com\/cs\/wp-json\/wp\/v2\/users\/1"}],"replies":[{"embeddable":true,"href":"https:\/\/www.smetanaquartet.com\/cs\/wp-json\/wp\/v2\/comments?post=13"}],"version-history":[{"count":2,"href":"https:\/\/www.smetanaquartet.com\/cs\/wp-json\/wp\/v2\/pages\/13\/revisions"}],"predecessor-version":[{"id":1307,"href":"https:\/\/www.smetanaquartet.com\/cs\/wp-json\/wp\/v2\/pages\/13\/revisions\/1307"}],"wp:attachment":[{"href":"https:\/\/www.smetanaquartet.com\/cs\/wp-json\/wp\/v2\/media?parent=13"}],"curies":[{"name":"wp","href":"https:\/\/api.w.org\/{rel}","templated":true}]}}