{"id":15,"date":"2026-01-19T09:41:17","date_gmt":"2026-01-19T09:41:17","guid":{"rendered":"https:\/\/www.smetanaquartet.com\/?page_id=15"},"modified":"2026-02-18T14:34:19","modified_gmt":"2026-02-18T14:34:19","slug":"quartet","status":"publish","type":"page","link":"https:\/\/www.smetanaquartet.com\/cs\/quartet\/","title":{"rendered":"Kvarteto"},"content":{"rendered":"\n<p><\/p>\n\n\n<ul class=\"wp-block-page-list\"><li class=\"wp-block-pages-list__item has-child\"><a class=\"wp-block-pages-list__item__link\" href=\"https:\/\/www.smetanaquartet.com\/cs\/quartet\/members\/\">\u010clenov\u00e9 kvarteta<\/a><ul class=\"wp-block-navigation__submenu-container\"><li class=\"wp-block-pages-list__item \"><a class=\"wp-block-pages-list__item__link\" href=\"https:\/\/www.smetanaquartet.com\/cs\/quartet\/members\/jiri-novak\/\">Ji\u0159\u00ed Nov\u00e1k<\/a><\/li><li class=\"wp-block-pages-list__item \"><a class=\"wp-block-pages-list__item__link\" href=\"https:\/\/www.smetanaquartet.com\/cs\/quartet\/members\/lubomir-kostecky\/\">Lubom\u00edr Kosteck\u00fd<\/a><\/li><li class=\"wp-block-pages-list__item \"><a class=\"wp-block-pages-list__item__link\" href=\"https:\/\/www.smetanaquartet.com\/cs\/quartet\/members\/antonin-kohout\/\">Anton\u00edn Kohout<\/a><\/li><li class=\"wp-block-pages-list__item \"><a class=\"wp-block-pages-list__item__link\" href=\"https:\/\/www.smetanaquartet.com\/cs\/quartet\/members\/milan-skampa\/\">Milan \u0160kampa<\/a><\/li><li class=\"wp-block-pages-list__item \"><a class=\"wp-block-pages-list__item__link\" href=\"https:\/\/www.smetanaquartet.com\/cs\/quartet\/members\/jaroslav-rybensky\/\">Jaroslav Rybensk\u00fd<\/a><\/li><li class=\"wp-block-pages-list__item \"><a class=\"wp-block-pages-list__item__link\" href=\"https:\/\/www.smetanaquartet.com\/cs\/quartet\/members\/vaclav-neumann\/\">V\u00e1clav Neumann<\/a><\/li><\/ul><\/li><li class=\"wp-block-pages-list__item\"><a class=\"wp-block-pages-list__item__link\" href=\"https:\/\/www.smetanaquartet.com\/cs\/quartet\/history\/\">Historie kvarteta<\/a><\/li><li class=\"wp-block-pages-list__item\"><a class=\"wp-block-pages-list__item__link\" href=\"https:\/\/www.smetanaquartet.com\/cs\/quartet\/concerts\/\">P\u0159ehled v\u0161ech koncert\u016f v \u010cech\u00e1ch<\/a><\/li><li class=\"wp-block-pages-list__item\"><a class=\"wp-block-pages-list__item__link\" href=\"https:\/\/www.smetanaquartet.com\/cs\/quartet\/links\/\">Odkazy<\/a><\/li><li class=\"wp-block-pages-list__item has-child\"><a class=\"wp-block-pages-list__item__link\" href=\"https:\/\/www.smetanaquartet.com\/cs\/quartet\/other\/\">Osobnosti<\/a><ul class=\"wp-block-navigation__submenu-container\"><li class=\"wp-block-pages-list__item \"><a class=\"wp-block-pages-list__item__link\" href=\"https:\/\/www.smetanaquartet.com\/cs\/quartet\/other\/ceske-kvarteto\/\">\u010cesk\u00e9 kvarteto<\/a><\/li><li class=\"wp-block-pages-list__item \"><a class=\"wp-block-pages-list__item__link\" href=\"https:\/\/www.smetanaquartet.com\/cs\/quartet\/other\/jindrich-feld\/\">Jind\u0159ich Feld<\/a><\/li><li class=\"wp-block-pages-list__item \"><a class=\"wp-block-pages-list__item__link\" href=\"https:\/\/www.smetanaquartet.com\/cs\/quartet\/other\/panochovo-kvarteto\/\">Panochovo kvarteto<\/a><\/li><\/ul><\/li><\/ul>\n\n\n<div style=\"height:304px\" aria-hidden=\"true\" class=\"wp-block-spacer\"><\/div>\n","protected":false},"excerpt":{"rendered":"","protected":false},"author":1,"featured_media":0,"parent":0,"menu_order":1,"comment_status":"closed","ping_status":"closed","template":"","meta":{"footnotes":""},"class_list":["post-15","page","type-page","status-publish","hentry"],"_links":{"self":[{"href":"https:\/\/www.smetanaquartet.com\/cs\/wp-json\/wp\/v2\/pages\/15","targetHints":{"allow":["GET"]}}],"collection":[{"href":"https:\/\/www.smetanaquartet.com\/cs\/wp-json\/wp\/v2\/pages"}],"about":[{"href":"https:\/\/www.smetanaquartet.com\/cs\/wp-json\/wp\/v2\/types\/page"}],"author":[{"embeddable":true,"href":"https:\/\/www.smetanaquartet.com\/cs\/wp-json\/wp\/v2\/users\/1"}],"replies":[{"embeddable":true,"href":"https:\/\/www.smetanaquartet.com\/cs\/wp-json\/wp\/v2\/comments?post=15"}],"version-history":[{"count":2,"href":"https:\/\/www.smetanaquartet.com\/cs\/wp-json\/wp\/v2\/pages\/15\/revisions"}],"predecessor-version":[{"id":1258,"href":"https:\/\/www.smetanaquartet.com\/cs\/wp-json\/wp\/v2\/pages\/15\/revisions\/1258"}],"wp:attachment":[{"href":"https:\/\/www.smetanaquartet.com\/cs\/wp-json\/wp\/v2\/media?parent=15"}],"curies":[{"name":"wp","href":"https:\/\/api.w.org\/{rel}","templated":true}]}}