{"id":25,"date":"2026-01-19T09:45:45","date_gmt":"2026-01-19T09:45:45","guid":{"rendered":"https:\/\/www.smetanaquartet.com\/?page_id=25"},"modified":"2026-02-18T14:39:28","modified_gmt":"2026-02-18T14:39:28","slug":"milan-skampa","status":"publish","type":"page","link":"https:\/\/www.smetanaquartet.com\/cs\/quartet\/members\/milan-skampa\/","title":{"rendered":"Milan \u0160kampa"},"content":{"rendered":"\n<p><strong>viola (1956-1989), *1928 \u20202018<\/strong><\/p>\n\n\n\n<p>Narodil se 4. 6. 1928 v&nbsp;Praze v hudbou prodchnut\u00e9 rodin\u011b. Od d\u011btstv\u00ed se cht\u011bl u\u010dit na housle, proto se ji\u017e od \u010dty\u0159 let stal \u017e\u00e1kem sv\u00e9 maminky Antonie \u0160kampov\u00e9, kter\u00e1 byla profes\u00ed pr\u00e1v\u011b u\u010ditelkou housl\u00ed. A\u010dkoliv byl jeho tat\u00ednek meteorolog, tak miloval hudbu, hr\u00e1l i na klav\u00edr. Milan m\u00e1 bratra Mirko \u0160kampu, ten se v\u011bnuje violoncellu. Dnes je v\u00fdznamn\u00fd pedagog a spolu se svou \u017eenou Vlastou zalo\u017eili Pra\u017esk\u00fd studentsk\u00fd orchestr p\u0159i ZU\u0160 Lounsk\u00fdch.<\/p>\n\n\n\n<p>Prvn\u00ed vystoupen\u00ed se pro Milana stal v&nbsp;p\u011bti letech Sladkovsk\u00e9ho s\u00e1l v&nbsp;Obecn\u00edm dom\u011b v&nbsp;Praze.<\/p>\n\n\n\n<figure data-wp-context=\"{&quot;imageId&quot;:&quot;69e345c2c651c&quot;}\" data-wp-interactive=\"core\/image\" data-wp-key=\"69e345c2c651c\" class=\"wp-block-image alignleft size-full is-resized wp-lightbox-container\"><img loading=\"lazy\" decoding=\"async\" width=\"612\" height=\"416\" data-wp-class--hide=\"state.isContentHidden\" data-wp-class--show=\"state.isContentVisible\" data-wp-init=\"callbacks.setButtonStyles\" data-wp-on--click=\"actions.showLightbox\" data-wp-on--load=\"callbacks.setButtonStyles\" data-wp-on-window--resize=\"callbacks.setButtonStyles\" src=\"https:\/\/www.smetanaquartet.com\/wp-content\/uploads\/2026\/02\/04_Scan0023.jpg\" alt=\"\" class=\"wp-image-586\" style=\"aspect-ratio:1.471183069016964;width:356px;height:auto\" srcset=\"https:\/\/www.smetanaquartet.com\/wp-content\/uploads\/2026\/02\/04_Scan0023.jpg 612w, https:\/\/www.smetanaquartet.com\/wp-content\/uploads\/2026\/02\/04_Scan0023-300x204.jpg 300w\" sizes=\"auto, (max-width: 612px) 100vw, 612px\" \/><button\n\t\t\tclass=\"lightbox-trigger\"\n\t\t\ttype=\"button\"\n\t\t\taria-haspopup=\"dialog\"\n\t\t\taria-label=\"Zv\u011bt\u0161it\"\n\t\t\tdata-wp-init=\"callbacks.initTriggerButton\"\n\t\t\tdata-wp-on--click=\"actions.showLightbox\"\n\t\t\tdata-wp-style--right=\"state.imageButtonRight\"\n\t\t\tdata-wp-style--top=\"state.imageButtonTop\"\n\t\t>\n\t\t\t<svg xmlns=\"http:\/\/www.w3.org\/2000\/svg\" width=\"12\" height=\"12\" fill=\"none\" viewBox=\"0 0 12 12\">\n\t\t\t\t<path fill=\"#fff\" d=\"M2 0a2 2 0 0 0-2 2v2h1.5V2a.5.5 0 0 1 .5-.5h2V0H2Zm2 10.5H2a.5.5 0 0 1-.5-.5V8H0v2a2 2 0 0 0 2 2h2v-1.5ZM8 12v-1.5h2a.5.5 0 0 0 .5-.5V8H12v2a2 2 0 0 1-2 2H8Zm2-12a2 2 0 0 1 2 2v2h-1.5V2a.5.5 0 0 0-.5-.5H8V0h2Z\" \/>\n\t\t\t<\/svg>\n\t\t<\/button><figcaption class=\"wp-element-caption\">Ji\u0159\u00ed Nov\u00e1k, Milan \u0160kampa<\/figcaption><\/figure>\n\n\n\n<p>V roce 1941 se rozhodla maminka \u0160kampov\u00e1 d\u00e1t Milana do rukou sv\u00e9ho spolu\u017e\u00e1ka prof. Ladislava \u010cern\u00e9ho violisty, u kter\u00e9ho se zdokonaloval soukrom\u011b a\u017e do roku 1947. Ke konci v\u00e1lky ho zachr\u00e1nil pan \u0159editel \u0161koly zm\u011bnou data na potvrzen\u00ed o ukon\u010den\u00ed studi\u00ed p\u0159ed tot\u00e1ln\u00edm nasazen\u00edm, jednalo se o ro\u010dn\u00edky 1927 a 1928. V \u0161estn\u00e1cti letech se stal s\u00f3listou \u010cesk\u00e9ho rozhlasu, kde p\u016fsobil a\u017e do roku1956. P\u0159edch\u00e1zela tomu zkou\u0161ka p\u0159ed komis\u00ed hudebn\u00edho vys\u00edl\u00e1n\u00ed rozhlasu v \u010dele s&nbsp;\u0159editelem K. B. Jir\u00e1kem. Podm\u00ednky pro p\u0159\u00edpravu byly t\u011b\u017ek\u00e9, cvi\u010dil za n\u00e1let\u016f v&nbsp;krytu ve studen\u00e9m sklep\u011b Beethoven\u016fv koncert. Byl p\u0159ijat. Ka\u017edou t\u0159et\u00ed ned\u011bli m\u011bl svou produkci na \u017eivo. Av\u0161ak pro pracovn\u00ed \u00fa\u0159ad to st\u00e1le nesta\u010dilo. Na\u0161t\u011bst\u00ed mu pomohl K. B. Jir\u00e1k ke kontaktu na Rudolfa Leo Va\u0161atu, kter\u00fd m\u011bl z\u00e1bavn\u00fd orchestr a Milana p\u0159ijal do t\u0159et\u00edch housl\u00ed. Tam hr\u00e1l a\u017e do revoluce 2x t\u00fddn\u011b. Sklidil t\u00e9\u017e \u00fasp\u011bchy na \u010deskoslovensk\u00fdch a zahrani\u010dn\u00edch sout\u011b\u017e\u00edch v&nbsp;Praze 1947,&nbsp;Berl\u00edn\u011b1951,Var\u0161av\u011b 1955. Premi\u00e9roval houslov\u00e9 koncerty Emila Axmana a Vladim\u00edra Sommera s dirigentem Karlem An\u010derlem s \u010ceskou filharmoni\u00ed a Symfonick\u00fdm orchestrem \u010cesk\u00e9ho rozhlasu v&nbsp;roce 1950. Na Akademii byl \u017e\u00e1kem prof. Alexandra Plocka a prof. Daniela oba \u017e\u00e1ci prof. \u0160ev\u010d\u00edka a koncertn\u00ed mist\u0159i \u010cF. Absolvoval v&nbsp;roce 1951 Sukovou Fantasi\u00ed. V&nbsp;letech 51-52 byl asistentem prof. Daniela a pak aspirantem AMU. Sv\u00e1 hudebn\u011b v\u011bdeck\u00e1 studia na Karlov\u011b universit\u011b zakon\u010dil 1952 diserta\u010dn\u00ed prac\u00ed o Josefu Sukovi \u010dlov\u011bku, skladateli, reproduk\u010dn\u00edm um\u011blci.<\/p>\n\n\n\n<figure data-wp-context=\"{&quot;imageId&quot;:&quot;69e345c2c6cb6&quot;}\" data-wp-interactive=\"core\/image\" data-wp-key=\"69e345c2c6cb6\" class=\"wp-block-image alignleft size-full is-resized wp-lightbox-container\"><img loading=\"lazy\" decoding=\"async\" width=\"990\" height=\"756\" data-wp-class--hide=\"state.isContentHidden\" data-wp-class--show=\"state.isContentVisible\" data-wp-init=\"callbacks.setButtonStyles\" data-wp-on--click=\"actions.showLightbox\" data-wp-on--load=\"callbacks.setButtonStyles\" data-wp-on-window--resize=\"callbacks.setButtonStyles\" src=\"https:\/\/www.smetanaquartet.com\/wp-content\/uploads\/2026\/02\/04_scan-58.jpg\" alt=\"\" class=\"wp-image-588\" style=\"aspect-ratio:1.3095505918902994;width:401px;height:auto\" srcset=\"https:\/\/www.smetanaquartet.com\/wp-content\/uploads\/2026\/02\/04_scan-58.jpg 990w, https:\/\/www.smetanaquartet.com\/wp-content\/uploads\/2026\/02\/04_scan-58-300x229.jpg 300w, https:\/\/www.smetanaquartet.com\/wp-content\/uploads\/2026\/02\/04_scan-58-768x586.jpg 768w\" sizes=\"auto, (max-width: 990px) 100vw, 990px\" \/><button\n\t\t\tclass=\"lightbox-trigger\"\n\t\t\ttype=\"button\"\n\t\t\taria-haspopup=\"dialog\"\n\t\t\taria-label=\"Zv\u011bt\u0161it\"\n\t\t\tdata-wp-init=\"callbacks.initTriggerButton\"\n\t\t\tdata-wp-on--click=\"actions.showLightbox\"\n\t\t\tdata-wp-style--right=\"state.imageButtonRight\"\n\t\t\tdata-wp-style--top=\"state.imageButtonTop\"\n\t\t>\n\t\t\t<svg xmlns=\"http:\/\/www.w3.org\/2000\/svg\" width=\"12\" height=\"12\" fill=\"none\" viewBox=\"0 0 12 12\">\n\t\t\t\t<path fill=\"#fff\" d=\"M2 0a2 2 0 0 0-2 2v2h1.5V2a.5.5 0 0 1 .5-.5h2V0H2Zm2 10.5H2a.5.5 0 0 1-.5-.5V8H0v2a2 2 0 0 0 2 2h2v-1.5ZM8 12v-1.5h2a.5.5 0 0 0 .5-.5V8H12v2a2 2 0 0 1-2 2H8Zm2-12a2 2 0 0 1 2 2v2h-1.5V2a.5.5 0 0 0-.5-.5H8V0h2Z\" \/>\n\t\t\t<\/svg>\n\t\t<\/button><figcaption class=\"wp-element-caption\">Anton\u00edn Kohout, Ji\u0159\u00ed Nov\u00e1k, Lubom\u00edr Kosteck\u00fd, Milan \u0160kampa<\/figcaption><\/figure>\n\n\n\n<p>Jako pro prim\u00e1ria Ji\u0159\u00edho Nov\u00e1ka op\u011bt leden byl zlom v jeho um\u011bleck\u00e9m \u017eivot\u011b 7. ledna 1956 \u0160kampu zastihl telegram na Slovensku. Poslal ho Anton\u00edn Kohout s&nbsp;t\u00edm, \u017ee maj\u00ed pro n\u011bj zaj\u00edmavou nab\u00eddku, a\u0165 p\u0159ijede. Rozhodl se ji p\u0159ijmout na 33 let! Dostal do ruky violu Ferdinanda Augusty Homolky, na kterou hr\u00e1l i Anton\u00edn Dvo\u0159\u00e1k. Nikdy v\u0161ak na violu nehr\u00e1l, a\u010dkoli ho u\u010dil legend\u00e1rn\u00ed violista \u010cern\u00fd. Okolnosti vstupu Milana do kvarteta byly smutn\u00e9 pro Jaroslava Rybensk\u00e9ho, p\u016fvodn\u011b prim\u00e1ria a pak violisty, proto\u017ee mu zdrav\u00ed nedovolovalo pro bolesti v&nbsp;ruce d\u00e1le pokra\u010dovat. Pro \u0160kampu zase bylo velk\u00e9 rozhodov\u00e1n\u00ed opustit nastudovan\u00fd houslov\u00fd reperto\u00e1r houslisty a za\u010d\u00edt se seznamovat s&nbsp;violou a p\u0159ipravit se rychle na ve\u0161ker\u00fd jejich kvartetn\u00ed reperto\u00e1r. Op\u011bt pro\u0161el t\u00edmt\u00e9\u017e jako v&nbsp;roce 1947 Rybensk\u00fd. Tehdy osmadvacetilet\u00fd \u0160kampa musel nastudovat Brahmse B dur a Jan\u00e1\u010dka \u010d. 1, Mozarta d moll na nahr\u00e1vku do rozhlasu v Br\u00e9m\u00e1ch. V&nbsp;\u010dervnu ho \u010dekal Stockoholm, pot\u00e9 Helsinky, kde se mohl osobn\u011b&nbsp;setkat s&nbsp;Jeanem Sibeliem, kde uvedli jeho kvartet Voces intimes, dal\u0161\u00ed festival v Salzburku. Pro presti\u017en\u00ed firmu Columbia nat\u00e1\u010deli Mozarta d moll a Es dur. Dev\u011bt m\u011bs\u00edc\u016f se p\u0159izp\u016fsoboval ji\u017e zab\u011bhl\u00e9mu reperto\u00e1ru kvarteta a usp\u011bl.<\/p>\n\n\n\n<figure data-wp-context=\"{&quot;imageId&quot;:&quot;69e345c2c749d&quot;}\" data-wp-interactive=\"core\/image\" data-wp-key=\"69e345c2c749d\" class=\"wp-block-image alignleft size-full is-resized wp-lightbox-container\"><img loading=\"lazy\" decoding=\"async\" width=\"884\" height=\"1240\" data-wp-class--hide=\"state.isContentHidden\" data-wp-class--show=\"state.isContentVisible\" data-wp-init=\"callbacks.setButtonStyles\" data-wp-on--click=\"actions.showLightbox\" data-wp-on--load=\"callbacks.setButtonStyles\" data-wp-on-window--resize=\"callbacks.setButtonStyles\" src=\"https:\/\/www.smetanaquartet.com\/wp-content\/uploads\/2026\/02\/01_Scan0018.jpg\" alt=\"\" class=\"wp-image-589\" style=\"aspect-ratio:0.7129047778733579;width:287px;height:auto\" srcset=\"https:\/\/www.smetanaquartet.com\/wp-content\/uploads\/2026\/02\/01_Scan0018.jpg 884w, https:\/\/www.smetanaquartet.com\/wp-content\/uploads\/2026\/02\/01_Scan0018-214x300.jpg 214w, https:\/\/www.smetanaquartet.com\/wp-content\/uploads\/2026\/02\/01_Scan0018-730x1024.jpg 730w, https:\/\/www.smetanaquartet.com\/wp-content\/uploads\/2026\/02\/01_Scan0018-768x1077.jpg 768w\" sizes=\"auto, (max-width: 884px) 100vw, 884px\" \/><button\n\t\t\tclass=\"lightbox-trigger\"\n\t\t\ttype=\"button\"\n\t\t\taria-haspopup=\"dialog\"\n\t\t\taria-label=\"Zv\u011bt\u0161it\"\n\t\t\tdata-wp-init=\"callbacks.initTriggerButton\"\n\t\t\tdata-wp-on--click=\"actions.showLightbox\"\n\t\t\tdata-wp-style--right=\"state.imageButtonRight\"\n\t\t\tdata-wp-style--top=\"state.imageButtonTop\"\n\t\t>\n\t\t\t<svg xmlns=\"http:\/\/www.w3.org\/2000\/svg\" width=\"12\" height=\"12\" fill=\"none\" viewBox=\"0 0 12 12\">\n\t\t\t\t<path fill=\"#fff\" d=\"M2 0a2 2 0 0 0-2 2v2h1.5V2a.5.5 0 0 1 .5-.5h2V0H2Zm2 10.5H2a.5.5 0 0 1-.5-.5V8H0v2a2 2 0 0 0 2 2h2v-1.5ZM8 12v-1.5h2a.5.5 0 0 0 .5-.5V8H12v2a2 2 0 0 1-2 2H8Zm2-12a2 2 0 0 1 2 2v2h-1.5V2a.5.5 0 0 0-.5-.5H8V0h2Z\" \/>\n\t\t\t<\/svg>\n\t\t<\/button><figcaption class=\"wp-element-caption\">Ji\u0159\u00ed Nov\u00e1k, Milan \u0160kampa<\/figcaption><\/figure>\n\n\n\n<p>Od roku 1958 vznikala hudebn\u011b v\u011bdeck\u00e1 pr\u00e1ce o Leo\u0161i Jan\u00e1\u010dkovi a jeho smy\u010dcov\u00fdch kvartetech. Rekonstrukce Jan\u00e1\u010dkova I. smy\u010dcov\u00e9ho kvartetu \u201eZ podn\u011btu Tolst\u00e9ho Kreutzerovy son\u00e1ty\u201c (1. vyd\u00e1n\u00ed Editio Supraphon 1975) se stala n\u00e1vodem pro interpretaci d\u00edla. Rekonstrukce Jan\u00e1\u010dkova II. smy\u010dcov\u00e9ho kvartetu \u201eListy d\u016fv\u011brn\u00e9\u201c, dokon\u010den\u00e1 1979 v\u0161ak dosud tiskem nevy\u0161la.<\/p>\n\n\n\n<p>Jeho pedagogick\u00e1 \u010dinnost je t\u00e9\u017e velmi v\u00fdrazn\u00e1 a nezanedbateln\u00e1. Na Akademii p\u016fsobil v&nbsp;roce 1969 jako odborn\u00fd asistent, 1975 byl jmenov\u00e1n docentem a 1990 profesorem. Jeho t\u0159\u00eddou pro\u0161li mimo jin\u00e9 Miroslav Sehnoutka (Panochovo kvarteto) Ji\u0159\u00ed Heger (s\u00f3lista, koncertn\u00ed mistr Singapursk\u00e9ho symfonick\u00e9ho orchestru, prof. konzervato\u0159e tamt\u00e9\u017e), Zden\u011bk Zindel (vedouc\u00ed violista PKO), Jaroslav Pond\u011bl\u00ed\u010dek (vedouc\u00ed violista \u010cF). V&nbsp;\u010cesk\u00e9 filharmonii p\u016fsob\u00ed dal\u0161\u00ed jeho \u017e\u00e1ci Petr \u017d\u010f\u00e1rek, Ivan Pazour, Jaroslav P\u00e1v\u00ed\u010dek, Ren\u00e9 V\u00e1cha, Luk\u00e1\u0161 Val\u00e1\u0161ek. V&nbsp;dal\u0161\u00edch orchestrech p\u016fsob\u00ed jeho studenti Milan Radi\u010d (vedouc\u00ed violista orchestru Mozarteum Salzburg), Miroslav Ka\u0161n\u00fd (vedouc\u00ed violista Filharmonie B. Martin\u016f Zl\u00edn), Vladim\u00edr Zaja\u010dik (FOK), Radim Sedmidubsk\u00fd. \u0160kampovo kvarteto, Hassovo kvarteto jsou dnes v\u00fdrazn\u00e1 komorn\u00ed t\u011blesa tak\u00e9 z&nbsp;jeho t\u0159\u00eddy.<\/p>\n\n\n\n<figure data-wp-context=\"{&quot;imageId&quot;:&quot;69e345c2c7da3&quot;}\" data-wp-interactive=\"core\/image\" data-wp-key=\"69e345c2c7da3\" class=\"wp-block-image alignleft size-full is-resized wp-lightbox-container\"><img loading=\"lazy\" decoding=\"async\" width=\"1600\" height=\"1200\" data-wp-class--hide=\"state.isContentHidden\" data-wp-class--show=\"state.isContentVisible\" data-wp-init=\"callbacks.setButtonStyles\" data-wp-on--click=\"actions.showLightbox\" data-wp-on--load=\"callbacks.setButtonStyles\" data-wp-on-window--resize=\"callbacks.setButtonStyles\" src=\"https:\/\/www.smetanaquartet.com\/wp-content\/uploads\/2026\/02\/kvarteto-013.png\" alt=\"\" class=\"wp-image-597\" style=\"width:289px;height:auto\" srcset=\"https:\/\/www.smetanaquartet.com\/wp-content\/uploads\/2026\/02\/kvarteto-013.png 1600w, https:\/\/www.smetanaquartet.com\/wp-content\/uploads\/2026\/02\/kvarteto-013-300x225.png 300w, https:\/\/www.smetanaquartet.com\/wp-content\/uploads\/2026\/02\/kvarteto-013-1024x768.png 1024w, https:\/\/www.smetanaquartet.com\/wp-content\/uploads\/2026\/02\/kvarteto-013-768x576.png 768w, https:\/\/www.smetanaquartet.com\/wp-content\/uploads\/2026\/02\/kvarteto-013-1536x1152.png 1536w\" sizes=\"auto, (max-width: 1600px) 100vw, 1600px\" \/><button\n\t\t\tclass=\"lightbox-trigger\"\n\t\t\ttype=\"button\"\n\t\t\taria-haspopup=\"dialog\"\n\t\t\taria-label=\"Zv\u011bt\u0161it\"\n\t\t\tdata-wp-init=\"callbacks.initTriggerButton\"\n\t\t\tdata-wp-on--click=\"actions.showLightbox\"\n\t\t\tdata-wp-style--right=\"state.imageButtonRight\"\n\t\t\tdata-wp-style--top=\"state.imageButtonTop\"\n\t\t>\n\t\t\t<svg xmlns=\"http:\/\/www.w3.org\/2000\/svg\" width=\"12\" height=\"12\" fill=\"none\" viewBox=\"0 0 12 12\">\n\t\t\t\t<path fill=\"#fff\" d=\"M2 0a2 2 0 0 0-2 2v2h1.5V2a.5.5 0 0 1 .5-.5h2V0H2Zm2 10.5H2a.5.5 0 0 1-.5-.5V8H0v2a2 2 0 0 0 2 2h2v-1.5ZM8 12v-1.5h2a.5.5 0 0 0 .5-.5V8H12v2a2 2 0 0 1-2 2H8Zm2-12a2 2 0 0 1 2 2v2h-1.5V2a.5.5 0 0 0-.5-.5H8V0h2Z\" \/>\n\t\t\t<\/svg>\n\t\t<\/button><figcaption class=\"wp-element-caption\">Anton\u00edn Kohout, Dagmar Virtov\u00e1, Ji\u0159\u00ed Nov\u00e1k, Milan \u0160kampa<\/figcaption><\/figure>\n\n\n\n<p>Od roku 1980 vede pravideln\u011b mistrovsk\u00e9 interpreta\u010dn\u00ed kurzy pro obory smy\u010dcov\u00e9 kvarteto, klav\u00edrn\u00ed trio, viola, housle v mnoha zem\u00edch a je jedn\u00edm z nej\u017e\u00e1dan\u011bj\u0161\u00edch porotc\u016f v\u00fdznamn\u00fdch mezin\u00e1rodn\u00edch interpreta\u010dn\u00edch sout\u011b\u017e\u00ed zvl\u00e1\u0161t\u011b kvartetn\u00edch po cel\u00e9m sv\u011bt\u011b.<\/p>\n\n\n\n<p>Scuola di Musica di Fiesole ve Florencii se stala p\u016fsobi\u0161t\u011bm po skon\u010den\u00ed kvartetn\u00ed \u010dinnosti. V&nbsp;letech 1990 &#8211; 97 vedl t\u0159\u00eddu smy\u010dcov\u00e9ho kvarteta, kde se v\u011bnoval Quartetto Prometeo, Quartetto d\u00b4archi di Torino, Quartetto di Fisiole.<\/p>\n\n\n\n<p>V&nbsp;roce 2002 se pod\u00edlel na zalo\u017een\u00ed Evropsk\u00e9 akademie smy\u010dcov\u00fdch kvartet ve Florencii. Na Nizozemsk\u00e9 akademii smy\u010dcov\u00fdch kvartet p\u016fsobil jako st\u00e1l\u00fd pedagog.<\/p>\n\n\n\n<p>Od roku 1958 vznikala hudebn\u011b v\u011bdeck\u00e1 pr\u00e1ce o Leo\u0161i Jan\u00e1\u010dkovi a jeho smy\u010dcov\u00fdch kvartetech. Rekonstrukce Jan\u00e1\u010dkova I. smy\u010dcov\u00e9ho kvartetu \u201eZ podn\u011btu Tolst\u00e9ho<br>Kreutzerovy son\u00e1ty\u201c (1. vyd\u00e1n\u00ed Editio Supraphon 1975) se stala n\u00e1vodem pro interpretaci d\u00edla. Rekonstrukce Jan\u00e1\u010dkova II. smy\u010dcov\u00e9ho kvartetu \u201eListy d\u016fv\u011brn\u00e9\u201c, dokon\u010den\u00e1 1979 v\u0161ak dosud tiskem nevy\u0161la.Ze s\u00f3lov\u00fdch gramofonov\u00fdch sn\u00edmk\u016f nahr\u00e1l:<\/p>\n\n\n\n<ul class=\"wp-block-list\">\n<li>W. A. Mozart: Sinfonia concertante (s Josefem Sukem a \u010ceskou filharmoni\u00ed)<\/li>\n\n\n\n<li>W. A. Mozart: Dua G-dur (s Ji\u0159\u00edm Nov\u00e1kem) a B-dur (s Josefem Sukem),<\/li>\n\n\n\n<li>Bohuslav Martin\u016f: Son\u00e1ta pro violu a klav\u00edr<br>(s Ji\u0159\u00edm Nov\u00e1kem, prim\u00e1riem Smetanova kvarteta).<\/li>\n\n\n\n<li>Bohuslav Martin\u016f: T\u0159i madrigaly pro housle a violu<br>(s Ji\u0159\u00edm Nov\u00e1kem) &nbsp;<\/li>\n<\/ul>\n\n\n\n<p>D\u00edky dobr\u00e9mu tipu Milana \u0160kampy a za pomoci Anton\u00edna Kohouta z\u00edskala st\u00e1tn\u00ed sb\u00edrka kr\u00e1sn\u00e9 italsk\u00e9 n\u00e1stroje, kter\u00e9 posl\u00e9ze byly zap\u016fj\u010deny Smetanovc\u016fm. Viola ze st\u00e1tn\u00ed sb\u00edrky je pravd\u011bpodobn\u011b z&nbsp;d\u00edlny Antonia et Hieronymus Fr. Amati z&nbsp;Cremony 1616.<\/p>\n\n\n\n<p>Milan \u0160kampa se o\u017eenil dvakr\u00e1t, prvn\u00ed \u017eena byla pianistka Jarom\u00edra \u0160kampov\u00e1 a maj\u00ed spolu dv\u011b dcery Milenu a Violu.&nbsp;&nbsp;S druhou \u017eenou Jarmilou m\u00e1 dva syny Milana&nbsp;&nbsp;a Jana&nbsp;&nbsp;<\/p>\n\n\n\n<p>Odjak\u017eiva byl p\u0159\u00edznivcem zdrav\u00e9ho \u017eivotn\u00edho stylu, i na z\u00e1jezdech se v\u011bnoval pravideln\u011b j\u00f3ze, joggingu a zdrav\u00e9mu j\u00eddlu.<\/p>\n\n\n\n<p>Do\u017eil se po\u017eehnan\u00e9ho v\u011bku nedo\u017eit\u00fdch devades\u00e1ti let, kter\u00e9 by oslavil v \u010dervnu. Tento sv\u011bt opustil 14. dubna 2018 u sv\u00e9 rodiny v Praze.&nbsp;<\/p>\n\n\n\n<div style=\"height:100px\" aria-hidden=\"true\" class=\"wp-block-spacer\"><\/div>\n\n\n\n<h2 class=\"wp-block-heading\" id=\"gallery\">Galerie<\/h2>\n\n\n<style type=\"text\/css\">\n#foogallery-gallery-789.fg-justified .fg-item { margin-right: 2px; margin-bottom: 2px; }\n#foogallery-gallery-789.fg-justified .fg-image { height: 200px; }<\/style>\n\t\t\t<div class=\"foogallery foogallery-container foogallery-justified foogallery-lightbox-foogallery fg-justified fg-ready fg-light fg-shadow-outline fg-loading-default fg-loaded-fade-in fg-caption-always fg-hover-fade fg-hover-zoom2\" id=\"foogallery-gallery-789\" data-foogallery=\"{&quot;item&quot;:{&quot;showCaptionTitle&quot;:true,&quot;showCaptionDescription&quot;:false},&quot;lazy&quot;:true,&quot;template&quot;:{&quot;rowHeight&quot;:200,&quot;maxRowHeight&quot;:300,&quot;margins&quot;:2,&quot;align&quot;:&quot;center&quot;,&quot;lastRow&quot;:&quot;smart&quot;}}\" data-foogallery-lightbox=\"{&quot;thumbs&quot;:&quot;bottom&quot;,&quot;thumbsCaptions&quot;:false,&quot;thumbsBestFit&quot;:false,&quot;thumbsSmall&quot;:false,&quot;thumbsCaptionsAlign&quot;:&quot;default&quot;,&quot;info&quot;:&quot;bottom&quot;,&quot;infoVisible&quot;:true,&quot;infoOverlay&quot;:true,&quot;infoAlign&quot;:&quot;default&quot;,&quot;transition&quot;:&quot;fade&quot;,&quot;hoverButtons&quot;:false,&quot;fitMedia&quot;:false,&quot;noScrollbars&quot;:true,&quot;preserveButtonSpace&quot;:true,&quot;buttons&quot;:{&quot;fullscreen&quot;:true,&quot;info&quot;:true,&quot;thumbs&quot;:false},&quot;video&quot;:{&quot;autoPlay&quot;:true}}\" style=\"--fg-title-line-clamp: 1; --fg-description-line-clamp: 2;\" >\n\t<div class=\"fg-item fg-type-image fg-idle\"><figure class=\"fg-item-inner\"><a href=\"https:\/\/www.smetanaquartet.com\/wp-content\/uploads\/2026\/02\/04_Scan0040.jpg\" data-caption-title=\"Jarom\u00edra \u0160kampov\u00e1, Milan \u0160kampa\" data-attachment-id=\"790\" data-type=\"image\" class=\"fg-thumb\"><span class=\"fg-image-wrap\"><img fetchpriority=\"high\" decoding=\"async\" title=\"Jarom\u00edra \u0160kampov\u00e1, Milan \u0160kampa\" height=\"300\" width=\"422\" class=\"skip-lazy fg-image\" data-src-fg=\"https:\/\/www.smetanaquartet.com\/wp-content\/uploads\/cache\/2026\/02\/04_Scan0040\/251106927.jpg\" data-srcset-fg=\"https:\/\/www.smetanaquartet.com\/wp-content\/uploads\/cache\/2026\/02\/04_Scan0040\/1721052771.jpg 2x\" src=\"data:image\/svg+xml,%3Csvg%20xmlns%3D%22http%3A%2F%2Fwww.w3.org%2F2000%2Fsvg%22%20width%3D%22422%22%20height%3D%22300%22%20viewBox%3D%220%200%20422%20300%22%3E%3C%2Fsvg%3E\" loading=\"eager\"><\/span><span class=\"fg-image-overlay\"><\/span><\/a><figcaption class=\"fg-caption\"><div class=\"fg-caption-inner\"><div class=\"fg-caption-title\">Jarom\u00edra \u0160kampov\u00e1, Milan \u0160kampa<\/div><\/div><\/figcaption><\/figure><div class=\"fg-loader\"><\/div><\/div><div class=\"fg-item fg-type-image fg-idle\"><figure class=\"fg-item-inner\"><a href=\"https:\/\/www.smetanaquartet.com\/wp-content\/uploads\/2026\/02\/04_spanelsko-1983-10.jpg\" data-caption-title=\"\u0160pan\u011blsko, Milan \u0160kampa\" data-attachment-id=\"791\" data-type=\"image\" class=\"fg-thumb\"><span class=\"fg-image-wrap\"><img decoding=\"async\" title=\"\u0160pan\u011blsko, Milan \u0160kampa\" height=\"300\" width=\"215\" class=\"skip-lazy fg-image\" data-src-fg=\"https:\/\/www.smetanaquartet.com\/wp-content\/uploads\/cache\/2026\/02\/04_spanelsko-1983-10\/3588374205.jpg\" data-srcset-fg=\"https:\/\/www.smetanaquartet.com\/wp-content\/uploads\/cache\/2026\/02\/04_spanelsko-1983-10\/314440599.jpg 2x\" src=\"data:image\/svg+xml,%3Csvg%20xmlns%3D%22http%3A%2F%2Fwww.w3.org%2F2000%2Fsvg%22%20width%3D%22215%22%20height%3D%22300%22%20viewBox%3D%220%200%20215%20300%22%3E%3C%2Fsvg%3E\" loading=\"eager\"><\/span><span class=\"fg-image-overlay\"><\/span><\/a><figcaption class=\"fg-caption\"><div class=\"fg-caption-inner\"><div class=\"fg-caption-title\">\u0160pan\u011blsko, Milan \u0160kampa<\/div><\/div><\/figcaption><\/figure><div class=\"fg-loader\"><\/div><\/div><div class=\"fg-item fg-type-image fg-idle\"><figure class=\"fg-item-inner\"><a href=\"https:\/\/www.smetanaquartet.com\/wp-content\/uploads\/2026\/02\/12_Scan0001.jpg\" data-caption-title=\"Anton\u00edn Kohout, Dagmar Nov\u00e1kov\u00e1 Dvo\u0159\u00e1kov\u00e1, Emiko Yoshida, Japan, Jarmila \u0160kampov\u00e1, Ji\u0159\u00ed Nov\u00e1k, Lubom\u00edr Kosteck\u00fd, Marie Kohoutov\u00e1, Milan \u0160kampa, Nad\u011b\u017eda Kosteck\u00e1\" data-attachment-id=\"792\" data-type=\"image\" class=\"fg-thumb\"><span class=\"fg-image-wrap\"><img decoding=\"async\" title=\"Anton\u00edn Kohout, Dagmar Nov\u00e1kov\u00e1 Dvo\u0159\u00e1kov\u00e1, Emiko Yoshida, Japan, Jarmila \u0160kampov\u00e1, Ji\u0159\u00ed Nov\u00e1k, Lubom\u00edr Kosteck\u00fd, Marie Kohoutov\u00e1, Milan \u0160kampa, Nad\u011b\u017eda Kosteck\u00e1\" height=\"300\" width=\"418\" class=\"skip-lazy fg-image\" data-src-fg=\"https:\/\/www.smetanaquartet.com\/wp-content\/uploads\/cache\/2026\/02\/12_Scan0001\/1695472918.jpg\" data-srcset-fg=\"https:\/\/www.smetanaquartet.com\/wp-content\/uploads\/cache\/2026\/02\/12_Scan0001\/2418486995.jpg 2x\" src=\"data:image\/svg+xml,%3Csvg%20xmlns%3D%22http%3A%2F%2Fwww.w3.org%2F2000%2Fsvg%22%20width%3D%22418%22%20height%3D%22300%22%20viewBox%3D%220%200%20418%20300%22%3E%3C%2Fsvg%3E\" loading=\"eager\"><\/span><span class=\"fg-image-overlay\"><\/span><\/a><figcaption class=\"fg-caption\"><div class=\"fg-caption-inner\"><div class=\"fg-caption-title\">Anton\u00edn Kohout, Dagmar Nov\u00e1kov\u00e1 Dvo\u0159\u00e1kov\u00e1, Emiko Yoshida, Japan, Jarmila \u0160kampov\u00e1, Ji\u0159\u00ed Nov\u00e1k, Lubom\u00edr Kosteck\u00fd, Marie Kohoutov\u00e1, Milan \u0160kampa, Nad\u011b\u017eda Kosteck\u00e1<\/div><\/div><\/figcaption><\/figure><div class=\"fg-loader\"><\/div><\/div><\/div>\n\n\n\n<p><\/p>\n\n\n\n<p><\/p>\n","protected":false},"excerpt":{"rendered":"<p>viola (1956-1989), *1928 \u20202018 Narodil se 4. 6. 1928 v&nbsp;Praze v hudbou prodchnut\u00e9 rodin\u011b. Od d\u011btstv\u00ed se cht\u011bl u\u010dit na housle, proto se ji\u017e od \u010dty\u0159 let stal \u017e\u00e1kem sv\u00e9 maminky Antonie \u0160kampov\u00e9, kter\u00e1 byla profes\u00ed pr\u00e1v\u011b u\u010ditelkou housl\u00ed. A\u010dkoliv byl jeho tat\u00ednek meteorolog, tak miloval hudbu, hr\u00e1l i na klav\u00edr. Milan m\u00e1 bratra Mirko&#8230;<\/p>\n","protected":false},"author":1,"featured_media":0,"parent":17,"menu_order":4,"comment_status":"closed","ping_status":"closed","template":"","meta":{"footnotes":""},"class_list":["post-25","page","type-page","status-publish","hentry"],"_links":{"self":[{"href":"https:\/\/www.smetanaquartet.com\/cs\/wp-json\/wp\/v2\/pages\/25","targetHints":{"allow":["GET"]}}],"collection":[{"href":"https:\/\/www.smetanaquartet.com\/cs\/wp-json\/wp\/v2\/pages"}],"about":[{"href":"https:\/\/www.smetanaquartet.com\/cs\/wp-json\/wp\/v2\/types\/page"}],"author":[{"embeddable":true,"href":"https:\/\/www.smetanaquartet.com\/cs\/wp-json\/wp\/v2\/users\/1"}],"replies":[{"embeddable":true,"href":"https:\/\/www.smetanaquartet.com\/cs\/wp-json\/wp\/v2\/comments?post=25"}],"version-history":[{"count":4,"href":"https:\/\/www.smetanaquartet.com\/cs\/wp-json\/wp\/v2\/pages\/25\/revisions"}],"predecessor-version":[{"id":1266,"href":"https:\/\/www.smetanaquartet.com\/cs\/wp-json\/wp\/v2\/pages\/25\/revisions\/1266"}],"up":[{"embeddable":true,"href":"https:\/\/www.smetanaquartet.com\/cs\/wp-json\/wp\/v2\/pages\/17"}],"wp:attachment":[{"href":"https:\/\/www.smetanaquartet.com\/cs\/wp-json\/wp\/v2\/media?parent=25"}],"curies":[{"name":"wp","href":"https:\/\/api.w.org\/{rel}","templated":true}]}}