{"id":35,"date":"2026-01-19T09:48:20","date_gmt":"2026-01-19T09:48:20","guid":{"rendered":"https:\/\/www.smetanaquartet.com\/?page_id=35"},"modified":"2026-02-18T15:30:38","modified_gmt":"2026-02-18T15:30:38","slug":"links","status":"publish","type":"page","link":"https:\/\/www.smetanaquartet.com\/cs\/quartet\/links\/","title":{"rendered":"Odkazy"},"content":{"rendered":"\n<p><strong>Tuto sekci p\u0159ipravujeme, o zm\u011bn\u011b se dozv\u00edte v aktualit\u00e1ch nebo mailov\u00e9m newsletteru (na \u00favodn\u00ed str\u00e1nce).<\/strong><\/p>\n\n\n\n<ul class=\"wp-block-list\">\n<li><a href=\"http:\/\/spidlen.com\/\">http:\/\/spidlen.com<\/a><\/li>\n\n\n\n<li><a href=\"http:\/\/www.lucany.cz\/\">www.lucany.cz<\/a><\/li>\n\n\n\n<li><a href=\"http:\/\/www.japanarts.co.jp\/\">www.japanarts.co.jp<\/a><\/li>\n\n\n\n<li><a href=\"http:\/\/www.wihanquartet.com\/\">www.wihanquartet.com<\/a><\/li>\n\n\n\n<li><a href=\"http:\/\/www.zemlinskyquartet.cz\/\">www.zemlinskyquartet.cz<\/a><\/li>\n\n\n\n<li><a href=\"http:\/\/www.skampaquartet.cz\/\">www.skampaquartet.cz<\/a><\/li>\n\n\n\n<li><a href=\"http:\/\/www.martinuquartet.eu\/\">www.martinuquartet.eu<\/a><\/li>\n\n\n\n<li><a href=\"http:\/\/bennewitzquartet.com\/\">http:\/\/bennewitzquartet.com<\/a><\/li>\n\n\n\n<li><a href=\"https:\/\/www.zsprazacka.cz\">www.zsprazacka.cz<\/a><\/li>\n\n\n\n<li><a href=\"http:\/\/www.festival.cz\/\">www.festival.cz<\/a><\/li>\n\n\n\n<li><a href=\"http:\/\/www.novotny-bretislav.com\/\">www.novotny-bretislav.com<\/a><\/li>\n<\/ul>\n","protected":false},"excerpt":{"rendered":"<p>Tuto sekci p\u0159ipravujeme, o zm\u011bn\u011b se dozv\u00edte v aktualit\u00e1ch nebo mailov\u00e9m newsletteru (na \u00favodn\u00ed str\u00e1nce).<\/p>\n","protected":false},"author":1,"featured_media":0,"parent":15,"menu_order":4,"comment_status":"closed","ping_status":"closed","template":"","meta":{"footnotes":""},"class_list":["post-35","page","type-page","status-publish","hentry"],"_links":{"self":[{"href":"https:\/\/www.smetanaquartet.com\/cs\/wp-json\/wp\/v2\/pages\/35","targetHints":{"allow":["GET"]}}],"collection":[{"href":"https:\/\/www.smetanaquartet.com\/cs\/wp-json\/wp\/v2\/pages"}],"about":[{"href":"https:\/\/www.smetanaquartet.com\/cs\/wp-json\/wp\/v2\/types\/page"}],"author":[{"embeddable":true,"href":"https:\/\/www.smetanaquartet.com\/cs\/wp-json\/wp\/v2\/users\/1"}],"replies":[{"embeddable":true,"href":"https:\/\/www.smetanaquartet.com\/cs\/wp-json\/wp\/v2\/comments?post=35"}],"version-history":[{"count":2,"href":"https:\/\/www.smetanaquartet.com\/cs\/wp-json\/wp\/v2\/pages\/35\/revisions"}],"predecessor-version":[{"id":1271,"href":"https:\/\/www.smetanaquartet.com\/cs\/wp-json\/wp\/v2\/pages\/35\/revisions\/1271"}],"up":[{"embeddable":true,"href":"https:\/\/www.smetanaquartet.com\/cs\/wp-json\/wp\/v2\/pages\/15"}],"wp:attachment":[{"href":"https:\/\/www.smetanaquartet.com\/cs\/wp-json\/wp\/v2\/media?parent=35"}],"curies":[{"name":"wp","href":"https:\/\/api.w.org\/{rel}","templated":true}]}}