{"id":53,"date":"2026-01-19T09:56:33","date_gmt":"2026-01-19T09:56:33","guid":{"rendered":"https:\/\/www.smetanaquartet.com\/?page_id=53"},"modified":"2026-02-18T15:31:32","modified_gmt":"2026-02-18T15:31:32","slug":"video","status":"publish","type":"page","link":"https:\/\/www.smetanaquartet.com\/cs\/records\/video\/","title":{"rendered":"Videa"},"content":{"rendered":"\n<p><\/p>\n\n\n\n<h2 class=\"wp-block-heading\">Z\u00e1znamy koncertu Nov\u00e1k 100 z Rudolfina 23. 11. 2024<\/h2>\n\n\n\n<div class=\"wp-block-group is-nowrap is-layout-flex wp-container-core-group-is-layout-6c531013 wp-block-group-is-layout-flex\">\n<figure class=\"wp-block-video\"><video height=\"1080\" style=\"aspect-ratio: 1920 \/ 1080;\" width=\"1920\" controls src=\"https:\/\/www.smetanaquartet.com\/wp-content\/uploads\/2026\/01\/MOV_0094.mp4\"><\/video><\/figure>\n\n\n\n<figure class=\"wp-block-video\"><video height=\"1080\" style=\"aspect-ratio: 1920 \/ 1080;\" width=\"1920\" controls src=\"https:\/\/www.smetanaquartet.com\/wp-content\/uploads\/2026\/01\/MOV_0009.mp4\"><\/video><\/figure>\n<\/div>\n\n\n\n<p><\/p>\n\n\n\n<figure class=\"wp-block-video\"><video height=\"1080\" style=\"aspect-ratio: 1920 \/ 1080;\" width=\"1920\" controls src=\"https:\/\/www.smetanaquartet.com\/wp-content\/uploads\/2026\/01\/MOV_9972.mp4\"><\/video><\/figure>\n\n\n\n<div class=\"wp-block-group is-nowrap is-layout-flex wp-container-core-group-is-layout-6c531013 wp-block-group-is-layout-flex\">\n<figure class=\"wp-block-video portret\"><video height=\"848\" style=\"aspect-ratio: 480 \/ 848;\" width=\"480\" controls src=\"https:\/\/www.smetanaquartet.com\/wp-content\/uploads\/2026\/01\/VID-20241124-WA0101.mp4\"><\/video><\/figure>\n\n\n\n<figure class=\"wp-block-video\"><video height=\"480\" style=\"aspect-ratio: 848 \/ 480;\" width=\"848\" controls src=\"https:\/\/www.smetanaquartet.com\/wp-content\/uploads\/2026\/01\/VID-20241124-WA0115.mp4\"><\/video><\/figure>\n<\/div>\n\n\n\n<p><\/p>\n\n\n\n<p><\/p>\n\n\n\n<p><\/p>\n\n\n\n<h2 class=\"wp-block-heading\">Ke st\u00e9mu v\u00fdro\u010d\u00ed narozen\u00ed Ji\u0159\u00edho Nov\u00e1ka (5. 9. 2024)&nbsp;<\/h2>\n\n\n\n<figure class=\"wp-block-video aligncenter portret\"><video height=\"1608\" style=\"aspect-ratio: 1080 \/ 1608;\" width=\"1080\" controls src=\"https:\/\/www.smetanaquartet.com\/wp-content\/uploads\/2026\/01\/InShot_20240825_225231491.mp4\"><\/video><\/figure>\n\n\n\n<h2 class=\"wp-block-heading\">Uk\u00e1zky z DVD<\/h2>\n\n\n\n<p>Uk\u00e1zky z DVD o Smetanov\u011b kvartetu m\u016f\u017eete shl\u00e9dnout d\u00edky panu Ji\u0159\u00edmu Huba\u010dovi z nahr\u00e1vac\u00ed spole\u010dnosti&nbsp;<a href=\"http:\/\/www.bva.cz\/\">BVA International Ltd.<\/a><\/p>\n\n\n\n<h3 class=\"wp-block-heading\">Bed\u0159ich Smetana: smy\u010dcov\u00fd kvartet e moll &#8211; Z m\u00e9ho \u017eivota, 1.v\u011bta<\/h3>\n\n\n\n<figure class=\"wp-block-video\"><video height=\"224\" style=\"aspect-ratio: 320 \/ 224;\" width=\"320\" controls poster=\"https:\/\/www.smetanaquartet.com\/wp-content\/uploads\/2026\/01\/videonahled-1.png\" src=\"https:\/\/www.smetanaquartet.com\/wp-content\/uploads\/2026\/01\/Smyccovy_kvartet_c_1_e_moll_240p.mp4\"><\/video><\/figure>\n\n\n\n<h3 class=\"wp-block-heading\">Bed\u0159ich Smetana: smy\u010dcov\u00fd kvartet d moll,&nbsp; 2.v\u011bta<\/h3>\n\n\n\n<figure class=\"wp-block-video\"><video height=\"224\" style=\"aspect-ratio: 320 \/ 224;\" width=\"320\" controls poster=\"https:\/\/www.smetanaquartet.com\/wp-content\/uploads\/2026\/01\/videonahled-2.png\" src=\"https:\/\/www.smetanaquartet.com\/wp-content\/uploads\/2026\/01\/Smyccovy-kvartet-c2-d-moll-240p.mp4\"><\/video><\/figure>\n\n\n\n<h3 class=\"wp-block-heading\">Smetanovci &#8211; \u010d\u00e1st dokumentu: Epilog<\/h3>\n\n\n\n<figure class=\"wp-block-video\"><video height=\"220\" style=\"aspect-ratio: 320 \/ 220;\" width=\"320\" controls poster=\"https:\/\/www.smetanaquartet.com\/wp-content\/uploads\/2026\/01\/videonahled-3.png\" src=\"https:\/\/www.smetanaquartet.com\/wp-content\/uploads\/2026\/01\/Smetanovci_240p.mp4\"><\/video><\/figure>\n\n\n\n<h3 class=\"wp-block-heading\">Anton\u00edn Dvo\u0159\u00e1k: sextet A dur, 4.v\u011bta<\/h3>\n\n\n\n<figure class=\"wp-block-video\"><video height=\"224\" style=\"aspect-ratio: 320 \/ 224;\" width=\"320\" controls poster=\"https:\/\/www.smetanaquartet.com\/wp-content\/uploads\/2026\/01\/videonahled-4.png\" src=\"https:\/\/www.smetanaquartet.com\/wp-content\/uploads\/2026\/01\/Sextet_a_dur_op_48_240p.mp4\"><\/video><\/figure>\n","protected":false},"excerpt":{"rendered":"<p>Z\u00e1znamy koncertu Nov\u00e1k 100 z Rudolfina 23. 11. 2024 Ke st\u00e9mu v\u00fdro\u010d\u00ed narozen\u00ed Ji\u0159\u00edho Nov\u00e1ka (5. 9. 2024)&nbsp; Uk\u00e1zky z DVD Uk\u00e1zky z DVD o Smetanov\u011b kvartetu m\u016f\u017eete shl\u00e9dnout d\u00edky panu Ji\u0159\u00edmu Huba\u010dovi z nahr\u00e1vac\u00ed spole\u010dnosti&nbsp;BVA International Ltd. Bed\u0159ich Smetana: smy\u010dcov\u00fd kvartet e moll &#8211; Z m\u00e9ho \u017eivota, 1.v\u011bta Bed\u0159ich Smetana: smy\u010dcov\u00fd kvartet d moll,&nbsp;&#8230;<\/p>\n","protected":false},"author":1,"featured_media":0,"parent":45,"menu_order":0,"comment_status":"closed","ping_status":"closed","template":"","meta":{"footnotes":""},"class_list":["post-53","page","type-page","status-publish","hentry"],"_links":{"self":[{"href":"https:\/\/www.smetanaquartet.com\/cs\/wp-json\/wp\/v2\/pages\/53","targetHints":{"allow":["GET"]}}],"collection":[{"href":"https:\/\/www.smetanaquartet.com\/cs\/wp-json\/wp\/v2\/pages"}],"about":[{"href":"https:\/\/www.smetanaquartet.com\/cs\/wp-json\/wp\/v2\/types\/page"}],"author":[{"embeddable":true,"href":"https:\/\/www.smetanaquartet.com\/cs\/wp-json\/wp\/v2\/users\/1"}],"replies":[{"embeddable":true,"href":"https:\/\/www.smetanaquartet.com\/cs\/wp-json\/wp\/v2\/comments?post=53"}],"version-history":[{"count":2,"href":"https:\/\/www.smetanaquartet.com\/cs\/wp-json\/wp\/v2\/pages\/53\/revisions"}],"predecessor-version":[{"id":1280,"href":"https:\/\/www.smetanaquartet.com\/cs\/wp-json\/wp\/v2\/pages\/53\/revisions\/1280"}],"up":[{"embeddable":true,"href":"https:\/\/www.smetanaquartet.com\/cs\/wp-json\/wp\/v2\/pages\/45"}],"wp:attachment":[{"href":"https:\/\/www.smetanaquartet.com\/cs\/wp-json\/wp\/v2\/media?parent=53"}],"curies":[{"name":"wp","href":"https:\/\/api.w.org\/{rel}","templated":true}]}}