{"id":55,"date":"2026-01-19T09:56:47","date_gmt":"2026-01-19T09:56:47","guid":{"rendered":"https:\/\/www.smetanaquartet.com\/?page_id=55"},"modified":"2026-02-18T15:31:46","modified_gmt":"2026-02-18T15:31:46","slug":"music","status":"publish","type":"page","link":"https:\/\/www.smetanaquartet.com\/cs\/records\/music\/","title":{"rendered":"Hudba"},"content":{"rendered":"\n<h3 class=\"wp-block-heading\">Bed\u0159ich Smetana &#8211; smy\u010dcov\u00fd kvartet \u010d.1 e moll,<br>&#8222;Z m\u00e9ho \u017eivota&#8220;, II. v\u011bta, Allegro moderato \u00e1 la Polka<\/h3>\n\n\n\n<p>Studio Domovina v roce 1962 (P) Supraphon<br><\/p>\n\n\n\n<figure class=\"wp-block-audio\"><audio controls src=\"https:\/\/www.smetanaquartet.com\/wp-content\/uploads\/2026\/01\/Bedrich-Smetana-Polka.mp3\"><\/audio><\/figure>\n\n\n\n<figure data-wp-context=\"{&quot;imageId&quot;:&quot;69e345c595103&quot;}\" data-wp-interactive=\"core\/image\" data-wp-key=\"69e345c595103\" class=\"wp-block-image alignright size-full is-resized wp-lightbox-container\"><img loading=\"lazy\" decoding=\"async\" width=\"968\" height=\"462\" data-wp-class--hide=\"state.isContentHidden\" data-wp-class--show=\"state.isContentVisible\" data-wp-init=\"callbacks.setButtonStyles\" data-wp-on--click=\"actions.showLightbox\" data-wp-on--load=\"callbacks.setButtonStyles\" data-wp-on-window--resize=\"callbacks.setButtonStyles\" src=\"https:\/\/www.smetanaquartet.com\/wp-content\/uploads\/2026\/01\/nahravka-polka-desky.png\" alt=\"\" class=\"wp-image-453\" style=\"aspect-ratio:2.09530339389784;width:401px;height:auto\" srcset=\"https:\/\/www.smetanaquartet.com\/wp-content\/uploads\/2026\/01\/nahravka-polka-desky.png 968w, https:\/\/www.smetanaquartet.com\/wp-content\/uploads\/2026\/01\/nahravka-polka-desky-300x143.png 300w, https:\/\/www.smetanaquartet.com\/wp-content\/uploads\/2026\/01\/nahravka-polka-desky-768x367.png 768w\" sizes=\"auto, (max-width: 968px) 100vw, 968px\" \/><button\n\t\t\tclass=\"lightbox-trigger\"\n\t\t\ttype=\"button\"\n\t\t\taria-haspopup=\"dialog\"\n\t\t\taria-label=\"Zv\u011bt\u0161it\"\n\t\t\tdata-wp-init=\"callbacks.initTriggerButton\"\n\t\t\tdata-wp-on--click=\"actions.showLightbox\"\n\t\t\tdata-wp-style--right=\"state.imageButtonRight\"\n\t\t\tdata-wp-style--top=\"state.imageButtonTop\"\n\t\t>\n\t\t\t<svg xmlns=\"http:\/\/www.w3.org\/2000\/svg\" width=\"12\" height=\"12\" fill=\"none\" viewBox=\"0 0 12 12\">\n\t\t\t\t<path fill=\"#fff\" d=\"M2 0a2 2 0 0 0-2 2v2h1.5V2a.5.5 0 0 1 .5-.5h2V0H2Zm2 10.5H2a.5.5 0 0 1-.5-.5V8H0v2a2 2 0 0 0 2 2h2v-1.5ZM8 12v-1.5h2a.5.5 0 0 0 .5-.5V8H12v2a2 2 0 0 1-2 2H8Zm2-12a2 2 0 0 1 2 2v2h-1.5V2a.5.5 0 0 0-.5-.5H8V0h2Z\" \/>\n\t\t\t<\/svg>\n\t\t<\/button><\/figure>\n\n\n\n<p><strong>Smetanovo kvarteto<\/strong><br>Ji\u0159\u00ed Nov\u00e1k 1.housle<br>Lubom\u00edr Kosteck\u00fd 2.housle<br>Anton\u00edn Kohout violoncello<br>Milan \u0160kampa viola<\/p>\n\n\n\n<div style=\"height:100px\" aria-hidden=\"true\" class=\"wp-block-spacer\"><\/div>\n\n\n\n<p>Nahr\u00e1vka byla poskytnuta s laskav\u00fdm souhlasem&nbsp;<a href=\"http:\/\/www.supraphon.com\/\">vydavatelstv\u00ed Supraphon<\/a>.<\/p>\n","protected":false},"excerpt":{"rendered":"<p>Bed\u0159ich Smetana &#8211; smy\u010dcov\u00fd kvartet \u010d.1 e moll,&#8222;Z m\u00e9ho \u017eivota&#8220;, II. v\u011bta, Allegro moderato \u00e1 la Polka Studio Domovina v roce 1962 (P) Supraphon Smetanovo kvartetoJi\u0159\u00ed Nov\u00e1k 1.housleLubom\u00edr Kosteck\u00fd 2.housleAnton\u00edn Kohout violoncelloMilan \u0160kampa viola Nahr\u00e1vka byla poskytnuta s laskav\u00fdm souhlasem&nbsp;vydavatelstv\u00ed Supraphon.<\/p>\n","protected":false},"author":1,"featured_media":0,"parent":45,"menu_order":2,"comment_status":"closed","ping_status":"closed","template":"","meta":{"footnotes":""},"class_list":["post-55","page","type-page","status-publish","hentry"],"_links":{"self":[{"href":"https:\/\/www.smetanaquartet.com\/cs\/wp-json\/wp\/v2\/pages\/55","targetHints":{"allow":["GET"]}}],"collection":[{"href":"https:\/\/www.smetanaquartet.com\/cs\/wp-json\/wp\/v2\/pages"}],"about":[{"href":"https:\/\/www.smetanaquartet.com\/cs\/wp-json\/wp\/v2\/types\/page"}],"author":[{"embeddable":true,"href":"https:\/\/www.smetanaquartet.com\/cs\/wp-json\/wp\/v2\/users\/1"}],"replies":[{"embeddable":true,"href":"https:\/\/www.smetanaquartet.com\/cs\/wp-json\/wp\/v2\/comments?post=55"}],"version-history":[{"count":2,"href":"https:\/\/www.smetanaquartet.com\/cs\/wp-json\/wp\/v2\/pages\/55\/revisions"}],"predecessor-version":[{"id":1281,"href":"https:\/\/www.smetanaquartet.com\/cs\/wp-json\/wp\/v2\/pages\/55\/revisions\/1281"}],"up":[{"embeddable":true,"href":"https:\/\/www.smetanaquartet.com\/cs\/wp-json\/wp\/v2\/pages\/45"}],"wp:attachment":[{"href":"https:\/\/www.smetanaquartet.com\/cs\/wp-json\/wp\/v2\/media?parent=55"}],"curies":[{"name":"wp","href":"https:\/\/api.w.org\/{rel}","templated":true}]}}