{"id":57,"date":"2026-01-19T09:57:01","date_gmt":"2026-01-19T09:57:01","guid":{"rendered":"https:\/\/www.smetanaquartet.com\/?page_id=57"},"modified":"2026-02-18T15:31:57","modified_gmt":"2026-02-18T15:31:57","slug":"spoken-word","status":"publish","type":"page","link":"https:\/\/www.smetanaquartet.com\/cs\/records\/spoken-word\/","title":{"rendered":"Mluven\u00e9 slovo"},"content":{"rendered":"\n<p><\/p>\n\n\n\n<h3 class=\"wp-block-heading\">Rozhovor s Miloslavem Kulhanem<\/h3>\n\n\n\n<figure data-wp-context=\"{&quot;imageId&quot;:&quot;69e345c48ce2c&quot;}\" data-wp-interactive=\"core\/image\" data-wp-key=\"69e345c48ce2c\" class=\"wp-block-image alignleft size-full is-resized wp-lightbox-container\"><img loading=\"lazy\" decoding=\"async\" width=\"1200\" height=\"1600\" data-wp-class--hide=\"state.isContentHidden\" data-wp-class--show=\"state.isContentVisible\" data-wp-init=\"callbacks.setButtonStyles\" data-wp-on--click=\"actions.showLightbox\" data-wp-on--load=\"callbacks.setButtonStyles\" data-wp-on-window--resize=\"callbacks.setButtonStyles\" src=\"https:\/\/www.smetanaquartet.com\/wp-content\/uploads\/2026\/02\/DSC09896.jpg\" alt=\"\" class=\"wp-image-691\" style=\"aspect-ratio:0.750007669417431;width:133px;height:auto\" srcset=\"https:\/\/www.smetanaquartet.com\/wp-content\/uploads\/2026\/02\/DSC09896.jpg 1200w, https:\/\/www.smetanaquartet.com\/wp-content\/uploads\/2026\/02\/DSC09896-225x300.jpg 225w, https:\/\/www.smetanaquartet.com\/wp-content\/uploads\/2026\/02\/DSC09896-768x1024.jpg 768w, https:\/\/www.smetanaquartet.com\/wp-content\/uploads\/2026\/02\/DSC09896-1152x1536.jpg 1152w\" sizes=\"auto, (max-width: 1200px) 100vw, 1200px\" \/><button\n\t\t\tclass=\"lightbox-trigger\"\n\t\t\ttype=\"button\"\n\t\t\taria-haspopup=\"dialog\"\n\t\t\taria-label=\"Zv\u011bt\u0161it\"\n\t\t\tdata-wp-init=\"callbacks.initTriggerButton\"\n\t\t\tdata-wp-on--click=\"actions.showLightbox\"\n\t\t\tdata-wp-style--right=\"state.imageButtonRight\"\n\t\t\tdata-wp-style--top=\"state.imageButtonTop\"\n\t\t>\n\t\t\t<svg xmlns=\"http:\/\/www.w3.org\/2000\/svg\" width=\"12\" height=\"12\" fill=\"none\" viewBox=\"0 0 12 12\">\n\t\t\t\t<path fill=\"#fff\" d=\"M2 0a2 2 0 0 0-2 2v2h1.5V2a.5.5 0 0 1 .5-.5h2V0H2Zm2 10.5H2a.5.5 0 0 1-.5-.5V8H0v2a2 2 0 0 0 2 2h2v-1.5ZM8 12v-1.5h2a.5.5 0 0 0 .5-.5V8H12v2a2 2 0 0 1-2 2H8Zm2-12a2 2 0 0 1 2 2v2h-1.5V2a.5.5 0 0 0-.5-.5H8V0h2Z\" \/>\n\t\t\t<\/svg>\n\t\t<\/button><\/figure>\n\n\n\n<p>Jedn\u00e1 se u zvukov\u00e9ho re\u017eis\u00e9ra, kter\u00fd spolupracoval se Smetanovci na v\u011bt\u0161in\u011b nahr\u00e1vek pro Supraphon a japonskou spole\u010dnost Nippon Columbia. Obsahem rozhovoru jsou vzpom\u00ednky o prvotn\u00ed spolupr\u00e1ci se Smetanovci, nat\u00e1\u010den\u00ed z roku 1975 prvn\u00ed digit\u00e1ln\u00ed nahr\u00e1vky v Lu\u010danech nad Nisou a tak\u00e9 o pov\u00e1le\u010dn\u00e9m v\u00fdvoji zvukov\u00e9 nahr\u00e1vac\u00ed techniky. Jedn\u00e1 se o \u010dlov\u011bka, kter\u00fd byl s kvartetem sp\u0159\u00edzn\u011bn nejen pracovn\u011b, ale byl i jejich kamar\u00e1d.<\/p>\n\n\n\n<figure class=\"wp-block-audio\"><audio controls src=\"https:\/\/www.smetanaquartet.com\/wp-content\/uploads\/2026\/01\/kulhan.mp3\"><\/audio><\/figure>\n\n\n\n<div style=\"height:58px\" aria-hidden=\"true\" class=\"wp-block-spacer\"><\/div>\n\n\n\n<h3 class=\"wp-block-heading\">Rozhovor s Mari\u00ed Kohoutovou<\/h3>\n\n\n\n<figure data-wp-context=\"{&quot;imageId&quot;:&quot;69e345c493f30&quot;}\" data-wp-interactive=\"core\/image\" data-wp-key=\"69e345c493f30\" class=\"wp-block-image alignleft size-full is-resized wp-lightbox-container\"><img loading=\"lazy\" decoding=\"async\" width=\"442\" height=\"563\" data-wp-class--hide=\"state.isContentHidden\" data-wp-class--show=\"state.isContentVisible\" data-wp-init=\"callbacks.setButtonStyles\" data-wp-on--click=\"actions.showLightbox\" data-wp-on--load=\"callbacks.setButtonStyles\" data-wp-on-window--resize=\"callbacks.setButtonStyles\" src=\"https:\/\/www.smetanaquartet.com\/wp-content\/uploads\/2026\/01\/masa-2.jpg\" alt=\"\" class=\"wp-image-344\" style=\"aspect-ratio:0.7851301115241636;width:133px;height:auto\" srcset=\"https:\/\/www.smetanaquartet.com\/wp-content\/uploads\/2026\/01\/masa-2.jpg 442w, https:\/\/www.smetanaquartet.com\/wp-content\/uploads\/2026\/01\/masa-2-236x300.jpg 236w\" sizes=\"auto, (max-width: 442px) 100vw, 442px\" \/><button\n\t\t\tclass=\"lightbox-trigger\"\n\t\t\ttype=\"button\"\n\t\t\taria-haspopup=\"dialog\"\n\t\t\taria-label=\"Zv\u011bt\u0161it\"\n\t\t\tdata-wp-init=\"callbacks.initTriggerButton\"\n\t\t\tdata-wp-on--click=\"actions.showLightbox\"\n\t\t\tdata-wp-style--right=\"state.imageButtonRight\"\n\t\t\tdata-wp-style--top=\"state.imageButtonTop\"\n\t\t>\n\t\t\t<svg xmlns=\"http:\/\/www.w3.org\/2000\/svg\" width=\"12\" height=\"12\" fill=\"none\" viewBox=\"0 0 12 12\">\n\t\t\t\t<path fill=\"#fff\" d=\"M2 0a2 2 0 0 0-2 2v2h1.5V2a.5.5 0 0 1 .5-.5h2V0H2Zm2 10.5H2a.5.5 0 0 1-.5-.5V8H0v2a2 2 0 0 0 2 2h2v-1.5ZM8 12v-1.5h2a.5.5 0 0 0 .5-.5V8H12v2a2 2 0 0 1-2 2H8Zm2-12a2 2 0 0 1 2 2v2h-1.5V2a.5.5 0 0 0-.5-.5H8V0h2Z\" \/>\n\t\t\t<\/svg>\n\t\t<\/button><\/figure>\n\n\n\n<p>Tato nahr\u00e1vka obsahuje vzpom\u00ednky dcery Anton\u00edna Kohouta, kterou jsem po\u0159\u00eddila p\u0159\u00edmo v&nbsp;byt\u011b, kde Smetanovci \u0159adu let zkou\u0161eli. Marie Kohoutov\u00e1 byla \u010dasto sv\u011bdkem t\u011bchto zkou\u0161ek a mohla tak popsat styl p\u0159\u00edpravy a mnoho zaj\u00edmav\u00fdch skute\u010dnost\u00ed. P\u0159ipomn\u011bla i rodi\u010de sv\u00e9ho t\u00e1ty a prost\u0159ed\u00ed kde se narodil, jeho profesory B. Jaro\u0161e a K. P. S\u00e1dla. D\u00e1le se zmi\u0148uje o z\u00edsk\u00e1n\u00ed italsk\u00fdch n\u00e1stroj\u016f do st\u00e1tn\u00ed sb\u00edrky. A v&nbsp;z\u00e1v\u011bru se m\u016f\u017eeme p\u0159esunout do lu\u010dansk\u00fdch Silvestr\u016f, kter\u00e9 byly nezvykle po\u0159\u00e1d\u00e1ny v\u017edy o letn\u00edch pr\u00e1zdnin\u00e1ch.<\/p>\n\n\n\n<figure class=\"wp-block-audio\"><audio controls src=\"https:\/\/www.smetanaquartet.com\/wp-content\/uploads\/2026\/01\/masa.mp3\"><\/audio><\/figure>\n","protected":false},"excerpt":{"rendered":"<p>Rozhovor s Miloslavem Kulhanem Jedn\u00e1 se u zvukov\u00e9ho re\u017eis\u00e9ra, kter\u00fd spolupracoval se Smetanovci na v\u011bt\u0161in\u011b nahr\u00e1vek pro Supraphon a japonskou spole\u010dnost Nippon Columbia. Obsahem rozhovoru jsou vzpom\u00ednky o prvotn\u00ed spolupr\u00e1ci se Smetanovci, nat\u00e1\u010den\u00ed z roku 1975 prvn\u00ed digit\u00e1ln\u00ed nahr\u00e1vky v Lu\u010danech nad Nisou a tak\u00e9 o pov\u00e1le\u010dn\u00e9m v\u00fdvoji zvukov\u00e9 nahr\u00e1vac\u00ed techniky. Jedn\u00e1 se o \u010dlov\u011bka,&#8230;<\/p>\n","protected":false},"author":1,"featured_media":0,"parent":45,"menu_order":0,"comment_status":"closed","ping_status":"closed","template":"","meta":{"footnotes":""},"class_list":["post-57","page","type-page","status-publish","hentry"],"_links":{"self":[{"href":"https:\/\/www.smetanaquartet.com\/cs\/wp-json\/wp\/v2\/pages\/57","targetHints":{"allow":["GET"]}}],"collection":[{"href":"https:\/\/www.smetanaquartet.com\/cs\/wp-json\/wp\/v2\/pages"}],"about":[{"href":"https:\/\/www.smetanaquartet.com\/cs\/wp-json\/wp\/v2\/types\/page"}],"author":[{"embeddable":true,"href":"https:\/\/www.smetanaquartet.com\/cs\/wp-json\/wp\/v2\/users\/1"}],"replies":[{"embeddable":true,"href":"https:\/\/www.smetanaquartet.com\/cs\/wp-json\/wp\/v2\/comments?post=57"}],"version-history":[{"count":2,"href":"https:\/\/www.smetanaquartet.com\/cs\/wp-json\/wp\/v2\/pages\/57\/revisions"}],"predecessor-version":[{"id":1282,"href":"https:\/\/www.smetanaquartet.com\/cs\/wp-json\/wp\/v2\/pages\/57\/revisions\/1282"}],"up":[{"embeddable":true,"href":"https:\/\/www.smetanaquartet.com\/cs\/wp-json\/wp\/v2\/pages\/45"}],"wp:attachment":[{"href":"https:\/\/www.smetanaquartet.com\/cs\/wp-json\/wp\/v2\/media?parent=57"}],"curies":[{"name":"wp","href":"https:\/\/api.w.org\/{rel}","templated":true}]}}