{"id":63,"date":"2026-01-19T09:59:27","date_gmt":"2026-01-19T09:59:27","guid":{"rendered":"https:\/\/www.smetanaquartet.com\/?page_id=63"},"modified":"2026-02-18T15:34:20","modified_gmt":"2026-02-18T15:34:20","slug":"japan-prague","status":"publish","type":"page","link":"https:\/\/www.smetanaquartet.com\/cs\/gallery\/japan-prague\/","title":{"rendered":"Japonsko-Praha"},"content":{"rendered":"<style type=\"text\/css\">\n#foogallery-gallery-901.fg-justified .fg-item { margin-right: 2px; margin-bottom: 2px; }\n#foogallery-gallery-901.fg-justified .fg-image { height: 200px; }<\/style>\n\t\t\t<div class=\"foogallery foogallery-container foogallery-justified foogallery-lightbox-foogallery fg-justified fg-ready fg-light fg-shadow-outline fg-loading-default fg-loaded-fade-in fg-caption-always fg-hover-fade fg-hover-zoom2\" id=\"foogallery-gallery-901\" data-foogallery=\"{&quot;item&quot;:{&quot;showCaptionTitle&quot;:true,&quot;showCaptionDescription&quot;:false},&quot;lazy&quot;:true,&quot;template&quot;:{&quot;rowHeight&quot;:200,&quot;maxRowHeight&quot;:300,&quot;margins&quot;:2,&quot;align&quot;:&quot;center&quot;,&quot;lastRow&quot;:&quot;smart&quot;}}\" data-foogallery-lightbox=\"{&quot;thumbs&quot;:&quot;bottom&quot;,&quot;thumbsCaptions&quot;:false,&quot;thumbsBestFit&quot;:false,&quot;thumbsSmall&quot;:false,&quot;thumbsCaptionsAlign&quot;:&quot;default&quot;,&quot;info&quot;:&quot;bottom&quot;,&quot;infoVisible&quot;:true,&quot;infoOverlay&quot;:true,&quot;infoAlign&quot;:&quot;default&quot;,&quot;transition&quot;:&quot;fade&quot;,&quot;hoverButtons&quot;:false,&quot;fitMedia&quot;:false,&quot;noScrollbars&quot;:true,&quot;preserveButtonSpace&quot;:true,&quot;buttons&quot;:{&quot;fullscreen&quot;:true,&quot;info&quot;:true,&quot;thumbs&quot;:false},&quot;video&quot;:{&quot;autoPlay&quot;:true}}\" style=\"--fg-title-line-clamp: 1; --fg-description-line-clamp: 2;\" >\n\t<div class=\"fg-item fg-type-image fg-idle\"><figure class=\"fg-item-inner\"><a href=\"https:\/\/www.smetanaquartet.com\/wp-content\/uploads\/2026\/02\/06_Scan0023.jpg\" data-attachment-id=\"902\" data-type=\"image\" class=\"fg-thumb\"><span class=\"fg-image-wrap\"><img fetchpriority=\"high\" decoding=\"async\" height=\"300\" width=\"462\" class=\"skip-lazy fg-image\" data-src-fg=\"https:\/\/www.smetanaquartet.com\/wp-content\/uploads\/cache\/2026\/02\/06_Scan0023\/2722336627.jpg\" data-srcset-fg=\"https:\/\/www.smetanaquartet.com\/wp-content\/uploads\/cache\/2026\/02\/06_Scan0023\/224839.jpg 2x\" src=\"data:image\/svg+xml,%3Csvg%20xmlns%3D%22http%3A%2F%2Fwww.w3.org%2F2000%2Fsvg%22%20width%3D%22462%22%20height%3D%22300%22%20viewBox%3D%220%200%20462%20300%22%3E%3C%2Fsvg%3E\" loading=\"eager\"><\/span><span class=\"fg-image-overlay\"><\/span><\/a><\/figure><div class=\"fg-loader\"><\/div><\/div><div class=\"fg-item fg-type-image fg-idle\"><figure class=\"fg-item-inner\"><a href=\"https:\/\/www.smetanaquartet.com\/wp-content\/uploads\/2026\/02\/12_Scan0005.jpg\" data-caption-title=\"Ji\u0159\u00ed Nov\u00e1k, Lubom\u00edr Kosteck\u00fd, Praha\" data-attachment-id=\"903\" data-type=\"image\" class=\"fg-thumb\"><span class=\"fg-image-wrap\"><img decoding=\"async\" title=\"Ji\u0159\u00ed Nov\u00e1k, Lubom\u00edr Kosteck\u00fd, Praha\" height=\"300\" width=\"423\" class=\"skip-lazy fg-image\" data-src-fg=\"https:\/\/www.smetanaquartet.com\/wp-content\/uploads\/cache\/2026\/02\/12_Scan0005\/2414654173.jpg\" data-srcset-fg=\"https:\/\/www.smetanaquartet.com\/wp-content\/uploads\/cache\/2026\/02\/12_Scan0005\/3297584292.jpg 2x\" src=\"data:image\/svg+xml,%3Csvg%20xmlns%3D%22http%3A%2F%2Fwww.w3.org%2F2000%2Fsvg%22%20width%3D%22423%22%20height%3D%22300%22%20viewBox%3D%220%200%20423%20300%22%3E%3C%2Fsvg%3E\" loading=\"eager\"><\/span><span class=\"fg-image-overlay\"><\/span><\/a><figcaption class=\"fg-caption\"><div class=\"fg-caption-inner\"><div class=\"fg-caption-title\">Ji\u0159\u00ed Nov\u00e1k, Lubom\u00edr Kosteck\u00fd, Praha<\/div><\/div><\/figcaption><\/figure><div class=\"fg-loader\"><\/div><\/div><div class=\"fg-item fg-type-image fg-idle\"><figure class=\"fg-item-inner\"><a href=\"https:\/\/www.smetanaquartet.com\/wp-content\/uploads\/2026\/02\/12_Scan0007.jpg\" data-caption-title=\"1979, Dagmar Nov\u00e1kov\u00e1 Dvo\u0159\u00e1kov\u00e1, Dagmar Virtov\u00e1, Karl\u0161tejn, Milan \u0160kampa\" data-attachment-id=\"904\" data-type=\"image\" class=\"fg-thumb\"><span class=\"fg-image-wrap\"><img decoding=\"async\" title=\"1979, Dagmar Nov\u00e1kov\u00e1 Dvo\u0159\u00e1kov\u00e1, Dagmar Virtov\u00e1, Karl\u0161tejn, Milan \u0160kampa\" height=\"300\" width=\"434\" class=\"skip-lazy fg-image\" data-src-fg=\"https:\/\/www.smetanaquartet.com\/wp-content\/uploads\/cache\/2026\/02\/12_Scan0007\/2562659174.jpg\" data-srcset-fg=\"https:\/\/www.smetanaquartet.com\/wp-content\/uploads\/cache\/2026\/02\/12_Scan0007\/4086432642.jpg 2x\" src=\"data:image\/svg+xml,%3Csvg%20xmlns%3D%22http%3A%2F%2Fwww.w3.org%2F2000%2Fsvg%22%20width%3D%22434%22%20height%3D%22300%22%20viewBox%3D%220%200%20434%20300%22%3E%3C%2Fsvg%3E\" loading=\"eager\"><\/span><span class=\"fg-image-overlay\"><\/span><\/a><figcaption class=\"fg-caption\"><div class=\"fg-caption-inner\"><div class=\"fg-caption-title\">1979, Dagmar Nov\u00e1kov\u00e1 Dvo\u0159\u00e1kov\u00e1, Dagmar Virtov\u00e1, Karl\u0161tejn, Milan \u0160kampa<\/div><\/div><\/figcaption><\/figure><div class=\"fg-loader\"><\/div><\/div><div class=\"fg-item fg-type-image fg-idle\"><figure class=\"fg-item-inner\"><a href=\"https:\/\/www.smetanaquartet.com\/wp-content\/uploads\/2026\/02\/12_Scan0008.jpg\" data-caption-title=\"1979, Dagmar Nov\u00e1kov\u00e1 Dvo\u0159\u00e1kov\u00e1, Karl\u0161tejn, Milan \u0160kampa, Yasuo Nakato\" data-attachment-id=\"905\" data-type=\"image\" class=\"fg-thumb\"><span class=\"fg-image-wrap\"><img decoding=\"async\" title=\"1979, Dagmar Nov\u00e1kov\u00e1 Dvo\u0159\u00e1kov\u00e1, Karl\u0161tejn, Milan \u0160kampa, Yasuo Nakato\" height=\"300\" width=\"442\" class=\"skip-lazy fg-image\" data-src-fg=\"https:\/\/www.smetanaquartet.com\/wp-content\/uploads\/cache\/2026\/02\/12_Scan0008\/418614347.jpg\" data-srcset-fg=\"https:\/\/www.smetanaquartet.com\/wp-content\/uploads\/cache\/2026\/02\/12_Scan0008\/3560919446.jpg 2x\" src=\"data:image\/svg+xml,%3Csvg%20xmlns%3D%22http%3A%2F%2Fwww.w3.org%2F2000%2Fsvg%22%20width%3D%22442%22%20height%3D%22300%22%20viewBox%3D%220%200%20442%20300%22%3E%3C%2Fsvg%3E\" loading=\"eager\"><\/span><span class=\"fg-image-overlay\"><\/span><\/a><figcaption class=\"fg-caption\"><div class=\"fg-caption-inner\"><div class=\"fg-caption-title\">1979, Dagmar Nov\u00e1kov\u00e1 Dvo\u0159\u00e1kov\u00e1, Karl\u0161tejn, Milan \u0160kampa, Yasuo Nakato<\/div><\/div><\/figcaption><\/figure><div class=\"fg-loader\"><\/div><\/div><div class=\"fg-item fg-type-image fg-idle\"><figure class=\"fg-item-inner\"><a href=\"https:\/\/www.smetanaquartet.com\/wp-content\/uploads\/2026\/02\/12_Scan0009.jpg\" data-caption-title=\"1979, Dagmar Nov\u00e1kov\u00e1 Dvo\u0159\u00e1kov\u00e1, Dagmar Virtov\u00e1, Karl\u0161tejn, Milan \u0160kampa, Yasuo Nakato\" data-attachment-id=\"906\" data-type=\"image\" class=\"fg-thumb\"><span class=\"fg-image-wrap\"><img decoding=\"async\" title=\"1979, Dagmar Nov\u00e1kov\u00e1 Dvo\u0159\u00e1kov\u00e1, Dagmar Virtov\u00e1, Karl\u0161tejn, Milan \u0160kampa, Yasuo Nakato\" height=\"300\" width=\"439\" class=\"skip-lazy fg-image\" data-src-fg=\"https:\/\/www.smetanaquartet.com\/wp-content\/uploads\/cache\/2026\/02\/12_Scan0009\/1072437846.jpg\" data-srcset-fg=\"https:\/\/www.smetanaquartet.com\/wp-content\/uploads\/cache\/2026\/02\/12_Scan0009\/2841627356.jpg 2x\" src=\"data:image\/svg+xml,%3Csvg%20xmlns%3D%22http%3A%2F%2Fwww.w3.org%2F2000%2Fsvg%22%20width%3D%22439%22%20height%3D%22300%22%20viewBox%3D%220%200%20439%20300%22%3E%3C%2Fsvg%3E\" loading=\"eager\"><\/span><span class=\"fg-image-overlay\"><\/span><\/a><figcaption class=\"fg-caption\"><div class=\"fg-caption-inner\"><div class=\"fg-caption-title\">1979, Dagmar Nov\u00e1kov\u00e1 Dvo\u0159\u00e1kov\u00e1, Dagmar Virtov\u00e1, Karl\u0161tejn, Milan \u0160kampa, Yasuo Nakato<\/div><\/div><\/figcaption><\/figure><div class=\"fg-loader\"><\/div><\/div><div class=\"fg-item fg-type-image fg-idle\"><figure class=\"fg-item-inner\"><a href=\"https:\/\/www.smetanaquartet.com\/wp-content\/uploads\/2026\/02\/12_Scan0010.jpg\" data-caption-title=\"1979, Dagmar Nov\u00e1kov\u00e1 Dvo\u0159\u00e1kov\u00e1, Dagmar Virtov\u00e1, Karl\u0161tejn, Milan \u0160kampa, Yasuo Nakato\" data-attachment-id=\"907\" data-type=\"image\" class=\"fg-thumb\"><span class=\"fg-image-wrap\"><img decoding=\"async\" title=\"1979, Dagmar Nov\u00e1kov\u00e1 Dvo\u0159\u00e1kov\u00e1, Dagmar Virtov\u00e1, Karl\u0161tejn, Milan \u0160kampa, Yasuo Nakato\" height=\"300\" width=\"437\" class=\"skip-lazy fg-image\" data-src-fg=\"https:\/\/www.smetanaquartet.com\/wp-content\/uploads\/cache\/2026\/02\/12_Scan0010\/1857329343.jpg\" data-srcset-fg=\"https:\/\/www.smetanaquartet.com\/wp-content\/uploads\/cache\/2026\/02\/12_Scan0010\/3674498624.jpg 2x\" src=\"data:image\/svg+xml,%3Csvg%20xmlns%3D%22http%3A%2F%2Fwww.w3.org%2F2000%2Fsvg%22%20width%3D%22437%22%20height%3D%22300%22%20viewBox%3D%220%200%20437%20300%22%3E%3C%2Fsvg%3E\" loading=\"eager\"><\/span><span class=\"fg-image-overlay\"><\/span><\/a><figcaption class=\"fg-caption\"><div class=\"fg-caption-inner\"><div class=\"fg-caption-title\">1979, Dagmar Nov\u00e1kov\u00e1 Dvo\u0159\u00e1kov\u00e1, Dagmar Virtov\u00e1, Karl\u0161tejn, Milan \u0160kampa, Yasuo Nakato<\/div><\/div><\/figcaption><\/figure><div class=\"fg-loader\"><\/div><\/div><\/div>\n","protected":false},"excerpt":{"rendered":"","protected":false},"author":1,"featured_media":902,"parent":47,"menu_order":0,"comment_status":"closed","ping_status":"closed","template":"","meta":{"footnotes":""},"class_list":["post-63","page","type-page","status-publish","has-post-thumbnail","hentry"],"_links":{"self":[{"href":"https:\/\/www.smetanaquartet.com\/cs\/wp-json\/wp\/v2\/pages\/63","targetHints":{"allow":["GET"]}}],"collection":[{"href":"https:\/\/www.smetanaquartet.com\/cs\/wp-json\/wp\/v2\/pages"}],"about":[{"href":"https:\/\/www.smetanaquartet.com\/cs\/wp-json\/wp\/v2\/types\/page"}],"author":[{"embeddable":true,"href":"https:\/\/www.smetanaquartet.com\/cs\/wp-json\/wp\/v2\/users\/1"}],"replies":[{"embeddable":true,"href":"https:\/\/www.smetanaquartet.com\/cs\/wp-json\/wp\/v2\/comments?post=63"}],"version-history":[{"count":2,"href":"https:\/\/www.smetanaquartet.com\/cs\/wp-json\/wp\/v2\/pages\/63\/revisions"}],"predecessor-version":[{"id":1285,"href":"https:\/\/www.smetanaquartet.com\/cs\/wp-json\/wp\/v2\/pages\/63\/revisions\/1285"}],"up":[{"embeddable":true,"href":"https:\/\/www.smetanaquartet.com\/cs\/wp-json\/wp\/v2\/pages\/47"}],"wp:featuredmedia":[{"embeddable":true,"href":"https:\/\/www.smetanaquartet.com\/cs\/wp-json\/wp\/v2\/media\/902"}],"wp:attachment":[{"href":"https:\/\/www.smetanaquartet.com\/cs\/wp-json\/wp\/v2\/media?parent=63"}],"curies":[{"name":"wp","href":"https:\/\/api.w.org\/{rel}","templated":true}]}}