{"id":25,"date":"2026-01-19T09:45:45","date_gmt":"2026-01-19T09:45:45","guid":{"rendered":"https:\/\/www.smetanaquartet.com\/?page_id=25"},"modified":"2026-02-18T14:39:28","modified_gmt":"2026-02-18T14:39:28","slug":"milan-skampa","status":"publish","type":"page","link":"https:\/\/www.smetanaquartet.com\/en\/quartet\/members\/milan-skampa\/","title":{"rendered":"Milan \u0160kampa"},"content":{"rendered":"<p><strong>Viola (1956-1989), *1928 &dagger;2018<\/strong><\/p><p>He was born on June 4, 1928 in Prague into a music-loving family. Since childhood, he wanted to learn to play the violin, so he became a student of his mother, Antonie &Scaron;kampov&aacute;, who was a violin teacher, already from the age of four. Although his father was a meteorologist, he loved music and also played the piano. Milan has a brother, Mirko &Scaron;kampa, who plays the cello. Today he is a prominent educator and, together with his wife Vlasta, founded the Prague Student Orchestra at the Lounsk&eacute; Conservatory.<\/p><p>The first performance for Milan took place at the Sladkovsk&yacute; Hall in the Municipal House in Prague when he was five years old.<\/p><figure data-wp-context=\"{&quot;imageId&quot;:&quot;69e360bc0fc33&quot;}\" data-wp-interactive=\"core\/image\" data-wp-key=\"69e360bc0fc33\" class=\"wp-block-image alignleft size-full is-resized wp-lightbox-container\"><img loading=\"lazy\" decoding=\"async\" width=\"612\" height=\"416\" data-wp-class--hide=\"state.isContentHidden\" data-wp-class--show=\"state.isContentVisible\" data-wp-init=\"callbacks.setButtonStyles\" data-wp-on--click=\"actions.showLightbox\" data-wp-on--load=\"callbacks.setButtonStyles\" data-wp-on-window--resize=\"callbacks.setButtonStyles\" src=\"https:\/\/www.smetanaquartet.com\/wp-content\/uploads\/2026\/02\/04_Scan0023.jpg\" alt=\"\" class=\"wp-image-586\" style=\"aspect-ratio:1.471183069016964;width:356px;height:auto\" srcset=\"https:\/\/www.smetanaquartet.com\/wp-content\/uploads\/2026\/02\/04_Scan0023.jpg 612w, https:\/\/www.smetanaquartet.com\/wp-content\/uploads\/2026\/02\/04_Scan0023-300x204.jpg 300w\" sizes=\"auto, (max-width: 612px) 100vw, 612px\" \/><button\n\t\t\tclass=\"lightbox-trigger\"\n\t\t\ttype=\"button\"\n\t\t\taria-haspopup=\"dialog\"\n\t\t\taria-label=\"Enlarge\"\n\t\t\tdata-wp-init=\"callbacks.initTriggerButton\"\n\t\t\tdata-wp-on--click=\"actions.showLightbox\"\n\t\t\tdata-wp-style--right=\"state.imageButtonRight\"\n\t\t\tdata-wp-style--top=\"state.imageButtonTop\"\n\t\t>\n\t\t\t<svg xmlns=\"http:\/\/www.w3.org\/2000\/svg\" width=\"12\" height=\"12\" fill=\"none\" viewBox=\"0 0 12 12\">\n\t\t\t\t<path fill=\"#fff\" d=\"M2 0a2 2 0 0 0-2 2v2h1.5V2a.5.5 0 0 1 .5-.5h2V0H2Zm2 10.5H2a.5.5 0 0 1-.5-.5V8H0v2a2 2 0 0 0 2 2h2v-1.5ZM8 12v-1.5h2a.5.5 0 0 0 .5-.5V8H12v2a2 2 0 0 1-2 2H8Zm2-12a2 2 0 0 1 2 2v2h-1.5V2a.5.5 0 0 0-.5-.5H8V0h2Z\" \/>\n\t\t\t<\/svg>\n\t\t<\/button><figcaption class=\"wp-element-caption\">Ji&#345;&iacute; Nov&aacute;k, Milan &Scaron;kampa<\/figcaption><\/figure><p>In 1941, Milan&#8217;s mother, Mrs. &Scaron;kampov&aacute;, decided to entrust Milan to the hands of her classmate, Professor Ladislav &#268;ern&yacute;, a violinist, with whom he privately perfected his skills until 1947. Toward the end of the war, he was saved by the school principal changing the date on the certificate of completion of studies before total deployment, referring to the years 1927 and 1928. At the age of sixteen, he became a soloist at the Czech Radio, where he performed until 1956. This was preceded by an audition before a commission of the radio music broadcast led by director K.B. Jir&aacute;k. The conditions for preparation were tough; he practiced Beethoven&#8217;s concerto in a cold cellar during air raids. He was accepted. Every third Sunday, he had his own live broadcast. However, it still wasn&#8217;t enough for the labor office. Fortunately, K.B. Jir&aacute;k helped him get in touch with Rudolf Leo Va&scaron;at, who had an entertainment orchestra and accepted Milan as the third violin. He played there twice a week until the revolution. He also achieved success in Czechoslovak and international competitions in Prague 1947, Berlin 1951, Warsaw 1955. He premiered violin concerts by Emil Axman and Vladim&iacute;r Sommer with conductor Karel An&#269;erl and the Czech Philharmonic and the Symphony Orchestra of the Czech Radio in 1950. At the Academy, he was a student of Professor Alexander Plock and Professor Daniel, both students of Professor &Scaron;ev&#269;&iacute;k and concertmasters of the Czech Philharmonic. He graduated in 1951 with Suk&#8217;s Fantasia. In the years 51-52, he was an assistant to Professor Daniel and then an aspirant at the Academy of Performing Arts. He completed his musical studies at Charles University in 1952 with a dissertation on Josef Suk, the man, composer, and performing artist.<\/p><figure data-wp-context=\"{&quot;imageId&quot;:&quot;69e360bc100b9&quot;}\" data-wp-interactive=\"core\/image\" data-wp-key=\"69e360bc100b9\" class=\"wp-block-image alignleft size-full is-resized wp-lightbox-container\"><img loading=\"lazy\" decoding=\"async\" width=\"990\" height=\"756\" data-wp-class--hide=\"state.isContentHidden\" data-wp-class--show=\"state.isContentVisible\" data-wp-init=\"callbacks.setButtonStyles\" data-wp-on--click=\"actions.showLightbox\" data-wp-on--load=\"callbacks.setButtonStyles\" data-wp-on-window--resize=\"callbacks.setButtonStyles\" src=\"https:\/\/www.smetanaquartet.com\/wp-content\/uploads\/2026\/02\/04_scan-58.jpg\" alt=\"\" class=\"wp-image-588\" style=\"aspect-ratio:1.3095505918902994;width:401px;height:auto\" srcset=\"https:\/\/www.smetanaquartet.com\/wp-content\/uploads\/2026\/02\/04_scan-58.jpg 990w, https:\/\/www.smetanaquartet.com\/wp-content\/uploads\/2026\/02\/04_scan-58-300x229.jpg 300w, https:\/\/www.smetanaquartet.com\/wp-content\/uploads\/2026\/02\/04_scan-58-768x586.jpg 768w\" sizes=\"auto, (max-width: 990px) 100vw, 990px\" \/><button\n\t\t\tclass=\"lightbox-trigger\"\n\t\t\ttype=\"button\"\n\t\t\taria-haspopup=\"dialog\"\n\t\t\taria-label=\"Enlarge\"\n\t\t\tdata-wp-init=\"callbacks.initTriggerButton\"\n\t\t\tdata-wp-on--click=\"actions.showLightbox\"\n\t\t\tdata-wp-style--right=\"state.imageButtonRight\"\n\t\t\tdata-wp-style--top=\"state.imageButtonTop\"\n\t\t>\n\t\t\t<svg xmlns=\"http:\/\/www.w3.org\/2000\/svg\" width=\"12\" height=\"12\" fill=\"none\" viewBox=\"0 0 12 12\">\n\t\t\t\t<path fill=\"#fff\" d=\"M2 0a2 2 0 0 0-2 2v2h1.5V2a.5.5 0 0 1 .5-.5h2V0H2Zm2 10.5H2a.5.5 0 0 1-.5-.5V8H0v2a2 2 0 0 0 2 2h2v-1.5ZM8 12v-1.5h2a.5.5 0 0 0 .5-.5V8H12v2a2 2 0 0 1-2 2H8Zm2-12a2 2 0 0 1 2 2v2h-1.5V2a.5.5 0 0 0-.5-.5H8V0h2Z\" \/>\n\t\t\t<\/svg>\n\t\t<\/button><figcaption class=\"wp-element-caption\">Anton&iacute;n Kohout, Ji&#345;&iacute; Nov&aacute;k, Lubom&iacute;r Kosteck&yacute;, Milan &Scaron;kampa<\/figcaption><\/figure><p>As for Ji&#345;&iacute; Nov&aacute;k&#8217;s primary school, January was again a turning point in his artistic life on January 7, 1956, when he was caught by a telegram in Slovakia. It was sent by Anton&iacute;n Kohout with an interesting offer for him to come. He decided to accept it for 33 years! He was handed a viola by Ferdinand August Homolka, which was also played by Anton&iacute;n Dvo&#345;&aacute;k. However, he had never played the viola, although he was taught by the legendary violinist &#268;ern&yacute;. The circumstances of Milan&#8217;s entry into the quartet were sad for Jaroslav Rybensk&yacute;, originally the primary and then the violinist, because his health did not allow him to continue due to pain in his arm. For &Scaron;kampa, on the other hand, it was a big decision to leave behind the prepared violin repertoire and start familiarizing himself with the viola to quickly prepare for all their quartet repertoire. He went through the same process as Rybensk&yacute; did in 1947. At that time, the twenty-eight-year-old &Scaron;kampa had to study Brahms in B flat major and Jan&aacute;&#269;ek No. 1, Mozart in D minor for a recording for the radio in Bremen. In June, he had Stockholm ahead of him, then Helsinki, where he could personally meet Jean Sibelius, where they performed his quartet &#8220;Voces Intimes,&#8221; and another festival in Salzburg. They recorded Mozart in D minor and E flat major for the prestigious Columbia company. For nine months, he adapted to the quartet&rsquo;s established repertoire and succeeded.<\/p><figure data-wp-context=\"{&quot;imageId&quot;:&quot;69e360bc1043e&quot;}\" data-wp-interactive=\"core\/image\" data-wp-key=\"69e360bc1043e\" class=\"wp-block-image alignleft size-full is-resized wp-lightbox-container\"><img loading=\"lazy\" decoding=\"async\" width=\"884\" height=\"1240\" data-wp-class--hide=\"state.isContentHidden\" data-wp-class--show=\"state.isContentVisible\" data-wp-init=\"callbacks.setButtonStyles\" data-wp-on--click=\"actions.showLightbox\" data-wp-on--load=\"callbacks.setButtonStyles\" data-wp-on-window--resize=\"callbacks.setButtonStyles\" src=\"https:\/\/www.smetanaquartet.com\/wp-content\/uploads\/2026\/02\/01_Scan0018.jpg\" alt=\"\" class=\"wp-image-589\" style=\"aspect-ratio:0.7129047778733579;width:287px;height:auto\" srcset=\"https:\/\/www.smetanaquartet.com\/wp-content\/uploads\/2026\/02\/01_Scan0018.jpg 884w, https:\/\/www.smetanaquartet.com\/wp-content\/uploads\/2026\/02\/01_Scan0018-214x300.jpg 214w, https:\/\/www.smetanaquartet.com\/wp-content\/uploads\/2026\/02\/01_Scan0018-730x1024.jpg 730w, https:\/\/www.smetanaquartet.com\/wp-content\/uploads\/2026\/02\/01_Scan0018-768x1077.jpg 768w\" sizes=\"auto, (max-width: 884px) 100vw, 884px\" \/><button\n\t\t\tclass=\"lightbox-trigger\"\n\t\t\ttype=\"button\"\n\t\t\taria-haspopup=\"dialog\"\n\t\t\taria-label=\"Enlarge\"\n\t\t\tdata-wp-init=\"callbacks.initTriggerButton\"\n\t\t\tdata-wp-on--click=\"actions.showLightbox\"\n\t\t\tdata-wp-style--right=\"state.imageButtonRight\"\n\t\t\tdata-wp-style--top=\"state.imageButtonTop\"\n\t\t>\n\t\t\t<svg xmlns=\"http:\/\/www.w3.org\/2000\/svg\" width=\"12\" height=\"12\" fill=\"none\" viewBox=\"0 0 12 12\">\n\t\t\t\t<path fill=\"#fff\" d=\"M2 0a2 2 0 0 0-2 2v2h1.5V2a.5.5 0 0 1 .5-.5h2V0H2Zm2 10.5H2a.5.5 0 0 1-.5-.5V8H0v2a2 2 0 0 0 2 2h2v-1.5ZM8 12v-1.5h2a.5.5 0 0 0 .5-.5V8H12v2a2 2 0 0 1-2 2H8Zm2-12a2 2 0 0 1 2 2v2h-1.5V2a.5.5 0 0 0-.5-.5H8V0h2Z\" \/>\n\t\t\t<\/svg>\n\t\t<\/button><figcaption class=\"wp-element-caption\">Ji&#345;&iacute; Nov&aacute;k, Milan &Scaron;kampa<\/figcaption><\/figure><p>Since 1958, a musicological work on Leo&scaron; Jan&aacute;&#269;ek and his string quartets has been created. The reconstruction of Jan&aacute;&#269;ek&#8217;s String Quartet No. 1 &#8220;Inspired by Tolstoy&#8217;s Kreutzer Sonata&#8221; (1st edition by Editio Supraphon 1975) has become a guide for interpreting the work. However, the reconstruction of Jan&aacute;&#269;ek&#8217;s String Quartet No. 2 &#8220;Intimate Letters,&#8221; completed in 1979, has not yet been published.<\/p><p>His teaching activity is also very significant and noteworthy. At the Academy, he worked as an assistant professor in 1969, was appointed associate professor in 1975, and a full professor in 1990. Among his students were Miroslav Sehnoutka (Panocha Quartet), Ji&#345;&iacute; Heger (soloist, concertmaster of the Singapore Symphony Orchestra, professor at the conservatory there), Zden&#283;k Zindel (principal violist of the PKO), Jaroslav Pond&#283;l&iacute;&#269;ek (principal violist of the Czech Philharmonic). Additional students of his are active in the Czech Philharmonic: Petr &#381;&#271;&aacute;rek, Ivan Pazour, Jaroslav P&aacute;v&iacute;&#269;ek, Ren&eacute; V&aacute;cha, Luk&aacute;&scaron; Val&aacute;&scaron;ek. His other students perform in various orchestras: Milan Radi&#269; (principal violist of the Mozarteum Salzburg Orchestra), Miroslav Ka&scaron;n&yacute; (principal violist of the Bohuslav Martin&#367; Philharmonic Orchestra in Zl&iacute;n), Vladim&iacute;r Zaja&#269;ik (Prague Symphony Orchestra), Radim Sedmidubsk&yacute;. The &Scaron;kampa Quartet, the Haas Quartet are also prominent chamber ensembles from his class.<\/p><figure data-wp-context=\"{&quot;imageId&quot;:&quot;69e360bc10773&quot;}\" data-wp-interactive=\"core\/image\" data-wp-key=\"69e360bc10773\" class=\"wp-block-image alignleft size-full is-resized wp-lightbox-container\"><img loading=\"lazy\" decoding=\"async\" width=\"1600\" height=\"1200\" data-wp-class--hide=\"state.isContentHidden\" data-wp-class--show=\"state.isContentVisible\" data-wp-init=\"callbacks.setButtonStyles\" data-wp-on--click=\"actions.showLightbox\" data-wp-on--load=\"callbacks.setButtonStyles\" data-wp-on-window--resize=\"callbacks.setButtonStyles\" src=\"https:\/\/www.smetanaquartet.com\/wp-content\/uploads\/2026\/02\/kvarteto-013.png\" alt=\"\" class=\"wp-image-597\" style=\"width:289px;height:auto\" srcset=\"https:\/\/www.smetanaquartet.com\/wp-content\/uploads\/2026\/02\/kvarteto-013.png 1600w, https:\/\/www.smetanaquartet.com\/wp-content\/uploads\/2026\/02\/kvarteto-013-300x225.png 300w, https:\/\/www.smetanaquartet.com\/wp-content\/uploads\/2026\/02\/kvarteto-013-1024x768.png 1024w, https:\/\/www.smetanaquartet.com\/wp-content\/uploads\/2026\/02\/kvarteto-013-768x576.png 768w, https:\/\/www.smetanaquartet.com\/wp-content\/uploads\/2026\/02\/kvarteto-013-1536x1152.png 1536w\" sizes=\"auto, (max-width: 1600px) 100vw, 1600px\" \/><button\n\t\t\tclass=\"lightbox-trigger\"\n\t\t\ttype=\"button\"\n\t\t\taria-haspopup=\"dialog\"\n\t\t\taria-label=\"Enlarge\"\n\t\t\tdata-wp-init=\"callbacks.initTriggerButton\"\n\t\t\tdata-wp-on--click=\"actions.showLightbox\"\n\t\t\tdata-wp-style--right=\"state.imageButtonRight\"\n\t\t\tdata-wp-style--top=\"state.imageButtonTop\"\n\t\t>\n\t\t\t<svg xmlns=\"http:\/\/www.w3.org\/2000\/svg\" width=\"12\" height=\"12\" fill=\"none\" viewBox=\"0 0 12 12\">\n\t\t\t\t<path fill=\"#fff\" d=\"M2 0a2 2 0 0 0-2 2v2h1.5V2a.5.5 0 0 1 .5-.5h2V0H2Zm2 10.5H2a.5.5 0 0 1-.5-.5V8H0v2a2 2 0 0 0 2 2h2v-1.5ZM8 12v-1.5h2a.5.5 0 0 0 .5-.5V8H12v2a2 2 0 0 1-2 2H8Zm2-12a2 2 0 0 1 2 2v2h-1.5V2a.5.5 0 0 0-.5-.5H8V0h2Z\" \/>\n\t\t\t<\/svg>\n\t\t<\/button><figcaption class=\"wp-element-caption\">Anton&iacute;n Kohout, Dagmar Virtov&aacute;, Ji&#345;&iacute; Nov&aacute;k, Milan &Scaron;kampa<\/figcaption><\/figure><p>Since 1980, he has been regularly leading master classes for the fields of string quartet, piano trio, viola, and violin in many countries, and he is one of the most sought-after judges of significant international interpretive competitions, especially quartet competitions, around the world.<\/p><p>The Scuola di Musica di Fiesole in Florence became a venue after the end of the quartet activity. From 1990 to 1997, he led the string quartet class, focusing on Quartetto Prometeo, Quartetto d&acute;archi di Torino, Quartetto di Fisiole.<\/p><p>In 2002, he was involved in the establishment of the European String Quartet Academy in Florence. He served as a permanent teacher at the Dutch String Quartet Academy.<\/p><p>Since 1958, musicological work on Leo&scaron; Jan&aacute;&#269;ek and his string quartets has been created. Reconstruction of Jan&aacute;&#269;ek&#8217;s String Quartet No. 1 &#8220;Inspired by Tolstoy&#8221;.<br>&#8220;Kreutzerovy son&aacute;ty&ldquo; (1st edition Editio Supraphon 1975) has become a guide for interpreting the work. The reconstruction of Jan&aacute;&#269;ek&#8217;s String Quartet No. II &#8220;Intimate Letters&#8221;, completed in 1979, has not yet been published. From solo gramophone recordings he recorded:<\/p><ul class=\"wp-block-list\">\n<li>W. A. Mozart: Sinfonia concertante (with Josef Suk and the Czech Philharmonic)<\/li>\n\n\n\n<li>W. A. Mozart: Duo in G major (with Ji&#345;&iacute; Nov&aacute;k) and B-flat major (with Josef Suk),<\/li>\n\n\n\n<li>Bohuslav Martin&#367;: Sonata for Viola and Piano<br>(with Ji&#345;&iacute; Nov&aacute;k, the first violinist of the Smetana Quartet).<\/li>\n\n\n\n<li>Bohuslav Martin&#367;: Three Madrigals for Violin and Viola<br>(with Ji&#345;&iacute; Nov&aacute;k)<\/li>\n<\/ul><p>Thanks to a good tip from Milan &Scaron;kampa and with the help of Anton&iacute;n Kohout, the state collection acquired beautiful Italian instruments, which were later loaned to the Smetana Quartet. The viola from the state collection is likely from the workshop of Antonio and Hieronymus Fr. Amati of Cremony 1616.<\/p><p>Milan &Scaron;kampa was married twice, his first wife was the pianist Jarom&iacute;ra &Scaron;kampov&aacute; and together they have two daughters Milena and Viola. With his second wife Jarmila, he has two sons Milan and Jan.<\/p><p>From the beginning, he was a supporter of a healthy lifestyle, even on trips he regularly practiced yoga, jogging, and healthy eating.<\/p><p>He reached the blessed age of almost ninety, which he would have celebrated in June. He left this world on April 14, 2018, at his family&#8217;s home in Prague.<\/p><div style=\"height:100px\" aria-hidden=\"true\" class=\"wp-block-spacer\"><\/div><h2 class=\"wp-block-heading\" id=\"gallery\">Gallery<\/h2><style type=\"text\/css\">\n#foogallery-gallery-789.fg-justified .fg-item { margin-right: 2px; margin-bottom: 2px; }\n#foogallery-gallery-789.fg-justified .fg-image { height: 200px; }<\/style>\n\t\t\t<div class=\"foogallery foogallery-container foogallery-justified foogallery-lightbox-foogallery fg-justified fg-ready fg-light fg-shadow-outline fg-loading-default fg-loaded-fade-in fg-caption-always fg-hover-fade fg-hover-zoom2\" id=\"foogallery-gallery-789\" data-foogallery=\"{&quot;item&quot;:{&quot;showCaptionTitle&quot;:true,&quot;showCaptionDescription&quot;:false},&quot;lazy&quot;:true,&quot;template&quot;:{&quot;rowHeight&quot;:200,&quot;maxRowHeight&quot;:300,&quot;margins&quot;:2,&quot;align&quot;:&quot;center&quot;,&quot;lastRow&quot;:&quot;smart&quot;}}\" data-foogallery-lightbox=\"{&quot;thumbs&quot;:&quot;bottom&quot;,&quot;thumbsCaptions&quot;:false,&quot;thumbsBestFit&quot;:false,&quot;thumbsSmall&quot;:false,&quot;thumbsCaptionsAlign&quot;:&quot;default&quot;,&quot;info&quot;:&quot;bottom&quot;,&quot;infoVisible&quot;:true,&quot;infoOverlay&quot;:true,&quot;infoAlign&quot;:&quot;default&quot;,&quot;transition&quot;:&quot;fade&quot;,&quot;hoverButtons&quot;:false,&quot;fitMedia&quot;:false,&quot;noScrollbars&quot;:true,&quot;preserveButtonSpace&quot;:true,&quot;buttons&quot;:{&quot;fullscreen&quot;:true,&quot;info&quot;:true,&quot;thumbs&quot;:false},&quot;video&quot;:{&quot;autoPlay&quot;:true}}\" style=\"--fg-title-line-clamp: 1; --fg-description-line-clamp: 2;\" >\n\t<div class=\"fg-item fg-type-image fg-idle\"><figure class=\"fg-item-inner\"><a href=\"https:\/\/www.smetanaquartet.com\/wp-content\/uploads\/2026\/02\/04_Scan0040.jpg\" data-caption-title=\"Jarom\u00edra \u0160kampov\u00e1, Milan \u0160kampa\" data-attachment-id=\"790\" data-type=\"image\" class=\"fg-thumb\"><span class=\"fg-image-wrap\"><img fetchpriority=\"high\" decoding=\"async\" title=\"Jarom\u00edra \u0160kampov\u00e1, Milan \u0160kampa\" height=\"300\" width=\"422\" class=\"skip-lazy fg-image\" data-src-fg=\"https:\/\/www.smetanaquartet.com\/wp-content\/uploads\/cache\/2026\/02\/04_Scan0040\/251106927.jpg\" data-srcset-fg=\"https:\/\/www.smetanaquartet.com\/wp-content\/uploads\/cache\/2026\/02\/04_Scan0040\/1721052771.jpg 2x\" src=\"data:image\/svg+xml,%3Csvg%20xmlns%3D%22http%3A%2F%2Fwww.w3.org%2F2000%2Fsvg%22%20width%3D%22422%22%20height%3D%22300%22%20viewBox%3D%220%200%20422%20300%22%3E%3C%2Fsvg%3E\" loading=\"eager\"><\/span><span class=\"fg-image-overlay\"><\/span><\/a><figcaption class=\"fg-caption\"><div class=\"fg-caption-inner\"><div class=\"fg-caption-title\">Jarom\u00edra \u0160kampov\u00e1, Milan \u0160kampa<\/div><\/div><\/figcaption><\/figure><div class=\"fg-loader\"><\/div><\/div><div class=\"fg-item fg-type-image fg-idle\"><figure class=\"fg-item-inner\"><a href=\"https:\/\/www.smetanaquartet.com\/wp-content\/uploads\/2026\/02\/04_spanelsko-1983-10.jpg\" data-caption-title=\"\u0160pan\u011blsko, Milan \u0160kampa\" data-attachment-id=\"791\" data-type=\"image\" class=\"fg-thumb\"><span class=\"fg-image-wrap\"><img decoding=\"async\" title=\"\u0160pan\u011blsko, Milan \u0160kampa\" height=\"300\" width=\"215\" class=\"skip-lazy fg-image\" data-src-fg=\"https:\/\/www.smetanaquartet.com\/wp-content\/uploads\/cache\/2026\/02\/04_spanelsko-1983-10\/3588374205.jpg\" data-srcset-fg=\"https:\/\/www.smetanaquartet.com\/wp-content\/uploads\/cache\/2026\/02\/04_spanelsko-1983-10\/314440599.jpg 2x\" src=\"data:image\/svg+xml,%3Csvg%20xmlns%3D%22http%3A%2F%2Fwww.w3.org%2F2000%2Fsvg%22%20width%3D%22215%22%20height%3D%22300%22%20viewBox%3D%220%200%20215%20300%22%3E%3C%2Fsvg%3E\" loading=\"eager\"><\/span><span class=\"fg-image-overlay\"><\/span><\/a><figcaption class=\"fg-caption\"><div class=\"fg-caption-inner\"><div class=\"fg-caption-title\">\u0160pan\u011blsko, Milan \u0160kampa<\/div><\/div><\/figcaption><\/figure><div class=\"fg-loader\"><\/div><\/div><div class=\"fg-item fg-type-image fg-idle\"><figure class=\"fg-item-inner\"><a href=\"https:\/\/www.smetanaquartet.com\/wp-content\/uploads\/2026\/02\/12_Scan0001.jpg\" data-caption-title=\"Anton\u00edn Kohout, Dagmar Nov\u00e1kov\u00e1 Dvo\u0159\u00e1kov\u00e1, Emiko Yoshida, Japan, Jarmila \u0160kampov\u00e1, Ji\u0159\u00ed Nov\u00e1k, Lubom\u00edr Kosteck\u00fd, Marie Kohoutov\u00e1, Milan \u0160kampa, Nad\u011b\u017eda Kosteck\u00e1\" data-attachment-id=\"792\" data-type=\"image\" class=\"fg-thumb\"><span class=\"fg-image-wrap\"><img decoding=\"async\" title=\"Anton\u00edn Kohout, Dagmar Nov\u00e1kov\u00e1 Dvo\u0159\u00e1kov\u00e1, Emiko Yoshida, Japan, Jarmila \u0160kampov\u00e1, Ji\u0159\u00ed Nov\u00e1k, Lubom\u00edr Kosteck\u00fd, Marie Kohoutov\u00e1, Milan \u0160kampa, Nad\u011b\u017eda Kosteck\u00e1\" height=\"300\" width=\"418\" class=\"skip-lazy fg-image\" data-src-fg=\"https:\/\/www.smetanaquartet.com\/wp-content\/uploads\/cache\/2026\/02\/12_Scan0001\/1695472918.jpg\" data-srcset-fg=\"https:\/\/www.smetanaquartet.com\/wp-content\/uploads\/cache\/2026\/02\/12_Scan0001\/2418486995.jpg 2x\" src=\"data:image\/svg+xml,%3Csvg%20xmlns%3D%22http%3A%2F%2Fwww.w3.org%2F2000%2Fsvg%22%20width%3D%22418%22%20height%3D%22300%22%20viewBox%3D%220%200%20418%20300%22%3E%3C%2Fsvg%3E\" loading=\"eager\"><\/span><span class=\"fg-image-overlay\"><\/span><\/a><figcaption class=\"fg-caption\"><div class=\"fg-caption-inner\"><div class=\"fg-caption-title\">Anton\u00edn Kohout, Dagmar Nov\u00e1kov\u00e1 Dvo\u0159\u00e1kov\u00e1, Emiko Yoshida, Japan, Jarmila \u0160kampov\u00e1, Ji\u0159\u00ed Nov\u00e1k, Lubom\u00edr Kosteck\u00fd, Marie Kohoutov\u00e1, Milan \u0160kampa, Nad\u011b\u017eda Kosteck\u00e1<\/div><\/div><\/figcaption><\/figure><div class=\"fg-loader\"><\/div><\/div><\/div>\n<p><\/p><p><\/p>","protected":false},"excerpt":{"rendered":"<p>Viola (1956-1989), *1928 &dagger;2018 He was born on June 4, 1928 in Prague into a music-loving family. Since childhood, he wanted to learn to play the violin, so he became a student of his mother, Antonie &Scaron;kampov&aacute;, who was a violin teacher, already from the age of four. Although his father was a meteorologist, he&#8230;<\/p>\n","protected":false},"author":1,"featured_media":0,"parent":17,"menu_order":4,"comment_status":"closed","ping_status":"closed","template":"","meta":{"footnotes":""},"class_list":["post-25","page","type-page","status-publish","hentry"],"_links":{"self":[{"href":"https:\/\/www.smetanaquartet.com\/en\/wp-json\/wp\/v2\/pages\/25","targetHints":{"allow":["GET"]}}],"collection":[{"href":"https:\/\/www.smetanaquartet.com\/en\/wp-json\/wp\/v2\/pages"}],"about":[{"href":"https:\/\/www.smetanaquartet.com\/en\/wp-json\/wp\/v2\/types\/page"}],"author":[{"embeddable":true,"href":"https:\/\/www.smetanaquartet.com\/en\/wp-json\/wp\/v2\/users\/1"}],"replies":[{"embeddable":true,"href":"https:\/\/www.smetanaquartet.com\/en\/wp-json\/wp\/v2\/comments?post=25"}],"version-history":[{"count":4,"href":"https:\/\/www.smetanaquartet.com\/en\/wp-json\/wp\/v2\/pages\/25\/revisions"}],"predecessor-version":[{"id":1266,"href":"https:\/\/www.smetanaquartet.com\/en\/wp-json\/wp\/v2\/pages\/25\/revisions\/1266"}],"up":[{"embeddable":true,"href":"https:\/\/www.smetanaquartet.com\/en\/wp-json\/wp\/v2\/pages\/17"}],"wp:attachment":[{"href":"https:\/\/www.smetanaquartet.com\/en\/wp-json\/wp\/v2\/media?parent=25"}],"curies":[{"name":"wp","href":"https:\/\/api.w.org\/{rel}","templated":true}]}}