{"id":27,"date":"2026-01-19T09:46:02","date_gmt":"2026-01-19T09:46:02","guid":{"rendered":"https:\/\/www.smetanaquartet.com\/?page_id=27"},"modified":"2026-02-18T14:39:51","modified_gmt":"2026-02-18T14:39:51","slug":"jaroslav-rybensky","status":"publish","type":"page","link":"https:\/\/www.smetanaquartet.com\/en\/quartet\/members\/jaroslav-rybensky\/","title":{"rendered":"Jaroslav Rybensk\u00fd"},"content":{"rendered":"<p><strong>violin, viola (1943-1955), *1923 &dagger;1997<\/strong><\/p><figure data-wp-context=\"{&quot;imageId&quot;:&quot;69e360bb1ed83&quot;}\" data-wp-interactive=\"core\/image\" data-wp-key=\"69e360bb1ed83\" class=\"wp-block-image alignleft size-full is-resized wp-lightbox-container\"><img loading=\"lazy\" decoding=\"async\" width=\"1006\" height=\"610\" data-wp-class--hide=\"state.isContentHidden\" data-wp-class--show=\"state.isContentVisible\" data-wp-init=\"callbacks.setButtonStyles\" data-wp-on--click=\"actions.showLightbox\" data-wp-on--load=\"callbacks.setButtonStyles\" data-wp-on-window--resize=\"callbacks.setButtonStyles\" src=\"https:\/\/www.smetanaquartet.com\/wp-content\/uploads\/2026\/02\/04_Scan0009.jpg\" alt=\"\" class=\"wp-image-592\" style=\"aspect-ratio:1.6492174851592012;width:312px;height:auto\" srcset=\"https:\/\/www.smetanaquartet.com\/wp-content\/uploads\/2026\/02\/04_Scan0009.jpg 1006w, https:\/\/www.smetanaquartet.com\/wp-content\/uploads\/2026\/02\/04_Scan0009-300x182.jpg 300w, https:\/\/www.smetanaquartet.com\/wp-content\/uploads\/2026\/02\/04_Scan0009-768x466.jpg 768w\" sizes=\"auto, (max-width: 1006px) 100vw, 1006px\" \/><button\n\t\t\tclass=\"lightbox-trigger\"\n\t\t\ttype=\"button\"\n\t\t\taria-haspopup=\"dialog\"\n\t\t\taria-label=\"Enlarge\"\n\t\t\tdata-wp-init=\"callbacks.initTriggerButton\"\n\t\t\tdata-wp-on--click=\"actions.showLightbox\"\n\t\t\tdata-wp-style--right=\"state.imageButtonRight\"\n\t\t\tdata-wp-style--top=\"state.imageButtonTop\"\n\t\t>\n\t\t\t<svg xmlns=\"http:\/\/www.w3.org\/2000\/svg\" width=\"12\" height=\"12\" fill=\"none\" viewBox=\"0 0 12 12\">\n\t\t\t\t<path fill=\"#fff\" d=\"M2 0a2 2 0 0 0-2 2v2h1.5V2a.5.5 0 0 1 .5-.5h2V0H2Zm2 10.5H2a.5.5 0 0 1-.5-.5V8H0v2a2 2 0 0 0 2 2h2v-1.5ZM8 12v-1.5h2a.5.5 0 0 0 .5-.5V8H12v2a2 2 0 0 1-2 2H8Zm2-12a2 2 0 0 1 2 2v2h-1.5V2a.5.5 0 0 0-.5-.5H8V0h2Z\" \/>\n\t\t\t<\/svg>\n\t\t<\/button><figcaption class=\"wp-element-caption\">Anton&iacute;n Kohout, Jaroslav Rybensk&yacute;, Ji&#345;&iacute; Nov&aacute;k, Lubom&iacute;r Kosteck&yacute;<\/figcaption><\/figure><p>He was born on January 12, 1923 in Bojanov near Chrudim. He spent his childhood in very modest conditions. He had two sisters who did not pursue music, but his brother became a professional cellist. Their father was an amateur musician, so he easily recognized the talent of his son. With the help of local teachers, little Jaroslav was allowed training at the B&#345;evnov Monastery in Prague. He was preparing for the Archbishop&#8217;s Gymnasium to become a priest. Shortly thereafter, he needed higher musical education. Therefore, Professor Josef Micka prepared him for two years for entry into the conservatory, where he studied during 1943-6. At the same time, he became acquainted with the future members of the Smetana Quartet. Initially, he joined the quartet as a second violinist after Josef Vlach, who was conscripted in 1943. In the same year, they had their first performance under the name Chamber Ensemble of the Music Conservatory at the City Library in Prague on September 28, 1943. Two years later, the quartet appeared with Jaroslav Rybensk&yacute; as first violin, Lubom&iacute;r Kosteck&yacute; as second violin, V&aacute;clav Neumann on viola and Anton&iacute;n Kohout on cello. They made their debut at the historically dated first independent concert of the future Smetana Quartet in the large hall of the City Library in Prague on November 6, 1945.<\/p><figure data-wp-context=\"{&quot;imageId&quot;:&quot;69e360bb1f1d5&quot;}\" data-wp-interactive=\"core\/image\" data-wp-key=\"69e360bb1f1d5\" class=\"wp-block-image alignleft size-full is-resized wp-lightbox-container\"><img loading=\"lazy\" decoding=\"async\" width=\"682\" height=\"448\" data-wp-class--hide=\"state.isContentHidden\" data-wp-class--show=\"state.isContentVisible\" data-wp-init=\"callbacks.setButtonStyles\" data-wp-on--click=\"actions.showLightbox\" data-wp-on--load=\"callbacks.setButtonStyles\" data-wp-on-window--resize=\"callbacks.setButtonStyles\" src=\"https:\/\/www.smetanaquartet.com\/wp-content\/uploads\/2026\/02\/04_Scan0014.jpg\" alt=\"\" class=\"wp-image-594\" style=\"aspect-ratio:1.5224191866527632;width:325px;height:auto\" srcset=\"https:\/\/www.smetanaquartet.com\/wp-content\/uploads\/2026\/02\/04_Scan0014.jpg 682w, https:\/\/www.smetanaquartet.com\/wp-content\/uploads\/2026\/02\/04_Scan0014-300x197.jpg 300w\" sizes=\"auto, (max-width: 682px) 100vw, 682px\" \/><button\n\t\t\tclass=\"lightbox-trigger\"\n\t\t\ttype=\"button\"\n\t\t\taria-haspopup=\"dialog\"\n\t\t\taria-label=\"Enlarge\"\n\t\t\tdata-wp-init=\"callbacks.initTriggerButton\"\n\t\t\tdata-wp-on--click=\"actions.showLightbox\"\n\t\t\tdata-wp-style--right=\"state.imageButtonRight\"\n\t\t\tdata-wp-style--top=\"state.imageButtonTop\"\n\t\t>\n\t\t\t<svg xmlns=\"http:\/\/www.w3.org\/2000\/svg\" width=\"12\" height=\"12\" fill=\"none\" viewBox=\"0 0 12 12\">\n\t\t\t\t<path fill=\"#fff\" d=\"M2 0a2 2 0 0 0-2 2v2h1.5V2a.5.5 0 0 1 .5-.5h2V0H2Zm2 10.5H2a.5.5 0 0 1-.5-.5V8H0v2a2 2 0 0 0 2 2h2v-1.5ZM8 12v-1.5h2a.5.5 0 0 0 .5-.5V8H12v2a2 2 0 0 1-2 2H8Zm2-12a2 2 0 0 1 2 2v2h-1.5V2a.5.5 0 0 0-.5-.5H8V0h2Z\" \/>\n\t\t\t<\/svg>\n\t\t<\/button><figcaption class=\"wp-element-caption\">1950, Anton&iacute;n Kohout, Jaroslav Rybensk&yacute;, Ji&#345;&iacute; Nov&aacute;k, Lubom&iacute;r Kosteck&yacute;<\/figcaption><\/figure><p>In 1947, V&aacute;clav Neumann decided to leave the quartet to pursue a career as a conductor, leading to discussions within the quartet about its new line-up. When Ji&#345;&iacute; Nov&aacute;k joined as the first violinist, Jaroslav moved to the viola. He had to study the existing quartet repertoire. At the same time, he continued his studies at the Academy under Professor Franti&scaron;ek Daniel. Subsequently, he studied with the famous violist of the &Scaron;ev&#269;&iacute;k Quartet, Professor Karel Moravec, completing his studies on June 26, 1952. He performed Handel&#8217;s viola concerto in B minor with the Czech Philharmonic under the baton of Karel An&#269;erl. During the same time, he became an employee of the Czech Philharmonic as a violist in the Smetana Quartet from May 1, 1951, to June 30, 1956.<\/p><p>In April 1955, Rybensk&yacute; had the opportunity to play Bart&oacute;k solo at the Gewandhaus at the invitation of conductor Konwitchn&yacute;, who also invited the entire quartet. In that year, he had to say goodbye to the quartet due to back and hand pains. Surely it was a very difficult decision to leave the quartet after thirteen years at a time when it had finally reached the limelight. It certainly affected him for a long time. Likely he regretted his cruel fate for the rest of his life. After leaving the quartet, a year of treatment followed. From July 1, 1956, to April 16, 1958, he found employment in the Czech Philharmonic as a violinist. The following year, on April 14, he became an employee of the North Bohemian Symphony Orchestra in Teplice, where he stayed until April 14, 1959. He tried to stay in shape so he could occasionally play solo and in chamber ensembles. During this time, he met his second fateful wife, the timpanist of this orchestra, with whom he shared both good and bad moments until the end of his life.<\/p><figure data-wp-context=\"{&quot;imageId&quot;:&quot;69e360bb1f726&quot;}\" data-wp-interactive=\"core\/image\" data-wp-key=\"69e360bb1f726\" class=\"wp-block-image alignleft size-large is-resized wp-lightbox-container\"><img loading=\"lazy\" decoding=\"async\" width=\"1024\" height=\"721\" data-wp-class--hide=\"state.isContentHidden\" data-wp-class--show=\"state.isContentVisible\" data-wp-init=\"callbacks.setButtonStyles\" data-wp-on--click=\"actions.showLightbox\" data-wp-on--load=\"callbacks.setButtonStyles\" data-wp-on-window--resize=\"callbacks.setButtonStyles\" src=\"https:\/\/www.smetanaquartet.com\/wp-content\/uploads\/2026\/02\/06_Scan0009-1024x721.jpg\" alt=\"\" class=\"wp-image-595\" style=\"aspect-ratio:1.4202576062304764;width:306px;height:auto\" srcset=\"https:\/\/www.smetanaquartet.com\/wp-content\/uploads\/2026\/02\/06_Scan0009-1024x721.jpg 1024w, https:\/\/www.smetanaquartet.com\/wp-content\/uploads\/2026\/02\/06_Scan0009-300x211.jpg 300w, https:\/\/www.smetanaquartet.com\/wp-content\/uploads\/2026\/02\/06_Scan0009-768x541.jpg 768w, https:\/\/www.smetanaquartet.com\/wp-content\/uploads\/2026\/02\/06_Scan0009.jpg 1328w\" sizes=\"auto, (max-width: 1024px) 100vw, 1024px\" \/><button\n\t\t\tclass=\"lightbox-trigger\"\n\t\t\ttype=\"button\"\n\t\t\taria-haspopup=\"dialog\"\n\t\t\taria-label=\"Enlarge\"\n\t\t\tdata-wp-init=\"callbacks.initTriggerButton\"\n\t\t\tdata-wp-on--click=\"actions.showLightbox\"\n\t\t\tdata-wp-style--right=\"state.imageButtonRight\"\n\t\t\tdata-wp-style--top=\"state.imageButtonTop\"\n\t\t>\n\t\t\t<svg xmlns=\"http:\/\/www.w3.org\/2000\/svg\" width=\"12\" height=\"12\" fill=\"none\" viewBox=\"0 0 12 12\">\n\t\t\t\t<path fill=\"#fff\" d=\"M2 0a2 2 0 0 0-2 2v2h1.5V2a.5.5 0 0 1 .5-.5h2V0H2Zm2 10.5H2a.5.5 0 0 1-.5-.5V8H0v2a2 2 0 0 0 2 2h2v-1.5ZM8 12v-1.5h2a.5.5 0 0 0 .5-.5V8H12v2a2 2 0 0 1-2 2H8Zm2-12a2 2 0 0 1 2 2v2h-1.5V2a.5.5 0 0 0-.5-.5H8V0h2Z\" \/>\n\t\t\t<\/svg>\n\t\t<\/button><figcaption class=\"wp-element-caption\">Anton&iacute;n Kohout, Jaroslav Rybensk&yacute;, Ji&#345;&iacute; Nov&aacute;k, Lubom&iacute;r Kosteck&yacute;, Milan &Scaron;kampa<\/figcaption><\/figure><p>He joined the viola section of the Symphony Orchestra of the Capital City of Prague FOK (8th April 1961 &#8211; 7th January 1965). At that time, Dr. V&aacute;clav Smet&aacute;&#269;ek was the director of FOK. He briefly joined the viola section as a concertmaster at the Slovak Philharmonic in Bratislava (8th January &#8211; 16th June 1965). After an audition, he returned to Teplice as the deputy concertmaster (10th July 1965 &#8211; 27th August 1967). He joined the Kru&scaron;nohorsk&eacute; divadlo on 25th August 1967 and left on 31st May 1968. During this time, he continued to suffer from back pain, which he alleviated with alcohol. For these reasons, he frequently changed his work locations. He had two separate periods at the Zden&#283;k Nejedl&yacute; Theatre in &Uacute;st&iacute; nad Labem (9th January 1969 &#8211; 30th November 1969 and 1st June 1970 &#8211; 31st July 1975). In the meantime, he served as the leader of the second violins in the Karlovy Vary Symphony Orchestra (1st December 1969 &#8211; 31st May 1970).<br>On September 1, 1975, he committed to perform pedagogical work at the Teplice Conservatory.<br>as a professor of violin and chamber music. He ended his activity on 1st September 1988.<\/p><p>He died in Teplice on February 20, 1997 after a serious illness at the age of 72.<\/p><div style=\"height:100px\" aria-hidden=\"true\" class=\"wp-block-spacer\"><\/div><h2 class=\"wp-block-heading\" id=\"gallery\">Gallery<\/h2><style type=\"text\/css\">\n#foogallery-gallery-776.fg-justified .fg-item { margin-right: 2px; margin-bottom: 2px; }\n#foogallery-gallery-776.fg-justified .fg-image { height: 200px; }<\/style>\n\t\t\t<div class=\"foogallery foogallery-container foogallery-justified foogallery-lightbox-foogallery fg-justified fg-ready fg-light fg-shadow-outline fg-loading-default fg-loaded-fade-in fg-caption-always fg-hover-fade fg-hover-zoom2\" id=\"foogallery-gallery-776\" data-foogallery=\"{&quot;item&quot;:{&quot;showCaptionTitle&quot;:true,&quot;showCaptionDescription&quot;:false},&quot;lazy&quot;:true,&quot;template&quot;:{&quot;rowHeight&quot;:200,&quot;maxRowHeight&quot;:300,&quot;margins&quot;:2,&quot;align&quot;:&quot;center&quot;,&quot;lastRow&quot;:&quot;smart&quot;}}\" data-foogallery-lightbox=\"{&quot;thumbs&quot;:&quot;bottom&quot;,&quot;thumbsCaptions&quot;:false,&quot;thumbsBestFit&quot;:false,&quot;thumbsSmall&quot;:false,&quot;thumbsCaptionsAlign&quot;:&quot;default&quot;,&quot;info&quot;:&quot;bottom&quot;,&quot;infoVisible&quot;:true,&quot;infoOverlay&quot;:true,&quot;infoAlign&quot;:&quot;default&quot;,&quot;transition&quot;:&quot;fade&quot;,&quot;hoverButtons&quot;:false,&quot;fitMedia&quot;:false,&quot;noScrollbars&quot;:true,&quot;preserveButtonSpace&quot;:true,&quot;buttons&quot;:{&quot;fullscreen&quot;:true,&quot;info&quot;:true,&quot;thumbs&quot;:false},&quot;video&quot;:{&quot;autoPlay&quot;:true}}\" style=\"--fg-title-line-clamp: 1; --fg-description-line-clamp: 2;\" >\n\t<div class=\"fg-item fg-type-image fg-idle\"><figure class=\"fg-item-inner\"><a href=\"https:\/\/www.smetanaquartet.com\/wp-content\/uploads\/2026\/02\/06_Scan0008.jpg\" data-caption-title=\"Jaroslav Rybensk\u00fd, V\u00e1clav Smet\u00e1\u010dek\" data-attachment-id=\"780\" data-type=\"image\" class=\"fg-thumb\"><span class=\"fg-image-wrap\"><img fetchpriority=\"high\" decoding=\"async\" title=\"Jaroslav Rybensk\u00fd, V\u00e1clav Smet\u00e1\u010dek\" height=\"300\" width=\"219\" class=\"skip-lazy fg-image\" data-src-fg=\"https:\/\/www.smetanaquartet.com\/wp-content\/uploads\/cache\/2026\/02\/06_Scan0008\/1565696696.jpg\" data-srcset-fg=\"https:\/\/www.smetanaquartet.com\/wp-content\/uploads\/cache\/2026\/02\/06_Scan0008\/450738312.jpg 2x\" src=\"data:image\/svg+xml,%3Csvg%20xmlns%3D%22http%3A%2F%2Fwww.w3.org%2F2000%2Fsvg%22%20width%3D%22219%22%20height%3D%22300%22%20viewBox%3D%220%200%20219%20300%22%3E%3C%2Fsvg%3E\" loading=\"eager\"><\/span><span class=\"fg-image-overlay\"><\/span><\/a><figcaption class=\"fg-caption\"><div class=\"fg-caption-inner\"><div class=\"fg-caption-title\">Jaroslav Rybensk\u00fd, V\u00e1clav Smet\u00e1\u010dek<\/div><\/div><\/figcaption><\/figure><div class=\"fg-loader\"><\/div><\/div><div class=\"fg-item fg-type-image fg-idle\"><figure class=\"fg-item-inner\"><a href=\"https:\/\/www.smetanaquartet.com\/wp-content\/uploads\/2026\/02\/06_Scan0009-1.jpg\" data-caption-title=\"Anton\u00edn Kohout, Jaroslav Rybensk\u00fd, Ji\u0159\u00ed Nov\u00e1k, Lubom\u00edr Kosteck\u00fd, Milan \u0160kampa\" data-attachment-id=\"781\" data-type=\"image\" class=\"fg-thumb\"><span class=\"fg-image-wrap\"><img decoding=\"async\" title=\"Anton\u00edn Kohout, Jaroslav Rybensk\u00fd, Ji\u0159\u00ed Nov\u00e1k, Lubom\u00edr Kosteck\u00fd, Milan \u0160kampa\" height=\"300\" width=\"426\" class=\"skip-lazy fg-image\" data-src-fg=\"https:\/\/www.smetanaquartet.com\/wp-content\/uploads\/cache\/2026\/02\/06_Scan0009-1\/1924021565.jpg\" data-srcset-fg=\"https:\/\/www.smetanaquartet.com\/wp-content\/uploads\/cache\/2026\/02\/06_Scan0009-1\/862567210.jpg 2x\" src=\"data:image\/svg+xml,%3Csvg%20xmlns%3D%22http%3A%2F%2Fwww.w3.org%2F2000%2Fsvg%22%20width%3D%22426%22%20height%3D%22300%22%20viewBox%3D%220%200%20426%20300%22%3E%3C%2Fsvg%3E\" loading=\"eager\"><\/span><span class=\"fg-image-overlay\"><\/span><\/a><figcaption class=\"fg-caption\"><div class=\"fg-caption-inner\"><div class=\"fg-caption-title\">Anton\u00edn Kohout, Jaroslav Rybensk\u00fd, Ji\u0159\u00ed Nov\u00e1k, Lubom\u00edr Kosteck\u00fd, Milan \u0160kampa<\/div><\/div><\/figcaption><\/figure><div class=\"fg-loader\"><\/div><\/div><div class=\"fg-item fg-type-image fg-idle\"><figure class=\"fg-item-inner\"><a href=\"https:\/\/www.smetanaquartet.com\/wp-content\/uploads\/2026\/02\/06_Scan0010.jpg\" data-caption-title=\"Jaroslav Rybensk\u00fd\" data-attachment-id=\"782\" data-type=\"image\" class=\"fg-thumb\"><span class=\"fg-image-wrap\"><img decoding=\"async\" title=\"Jaroslav Rybensk\u00fd\" height=\"300\" width=\"226\" class=\"skip-lazy fg-image\" data-src-fg=\"https:\/\/www.smetanaquartet.com\/wp-content\/uploads\/cache\/2026\/02\/06_Scan0010\/722843212.jpg\" data-srcset-fg=\"https:\/\/www.smetanaquartet.com\/wp-content\/uploads\/cache\/2026\/02\/06_Scan0010\/1766479172.jpg 2x\" src=\"data:image\/svg+xml,%3Csvg%20xmlns%3D%22http%3A%2F%2Fwww.w3.org%2F2000%2Fsvg%22%20width%3D%22226%22%20height%3D%22300%22%20viewBox%3D%220%200%20226%20300%22%3E%3C%2Fsvg%3E\" loading=\"eager\"><\/span><span class=\"fg-image-overlay\"><\/span><\/a><figcaption class=\"fg-caption\"><div class=\"fg-caption-inner\"><div class=\"fg-caption-title\">Jaroslav Rybensk\u00fd<\/div><\/div><\/figcaption><\/figure><div class=\"fg-loader\"><\/div><\/div><div class=\"fg-item fg-type-image fg-idle\"><figure class=\"fg-item-inner\"><a href=\"https:\/\/www.smetanaquartet.com\/wp-content\/uploads\/2026\/02\/06_Scan0014.jpg\" data-attachment-id=\"783\" data-type=\"image\" class=\"fg-thumb\"><span class=\"fg-image-wrap\"><img decoding=\"async\" height=\"300\" width=\"218\" class=\"skip-lazy fg-image\" data-src-fg=\"https:\/\/www.smetanaquartet.com\/wp-content\/uploads\/cache\/2026\/02\/06_Scan0014\/4130551095.jpg\" data-srcset-fg=\"https:\/\/www.smetanaquartet.com\/wp-content\/uploads\/cache\/2026\/02\/06_Scan0014\/2461991282.jpg 2x\" src=\"data:image\/svg+xml,%3Csvg%20xmlns%3D%22http%3A%2F%2Fwww.w3.org%2F2000%2Fsvg%22%20width%3D%22218%22%20height%3D%22300%22%20viewBox%3D%220%200%20218%20300%22%3E%3C%2Fsvg%3E\" loading=\"eager\"><\/span><span class=\"fg-image-overlay\"><\/span><\/a><\/figure><div class=\"fg-loader\"><\/div><\/div><div class=\"fg-item fg-type-image fg-idle\"><figure class=\"fg-item-inner\"><a href=\"https:\/\/www.smetanaquartet.com\/wp-content\/uploads\/2026\/02\/06_Scan0015.jpg\" data-attachment-id=\"784\" data-type=\"image\" class=\"fg-thumb\"><span class=\"fg-image-wrap\"><img decoding=\"async\" height=\"300\" width=\"218\" class=\"skip-lazy fg-image\" data-src-fg=\"https:\/\/www.smetanaquartet.com\/wp-content\/uploads\/cache\/2026\/02\/06_Scan0015\/1877971823.jpg\" data-srcset-fg=\"https:\/\/www.smetanaquartet.com\/wp-content\/uploads\/cache\/2026\/02\/06_Scan0015\/677415263.jpg 2x\" src=\"data:image\/svg+xml,%3Csvg%20xmlns%3D%22http%3A%2F%2Fwww.w3.org%2F2000%2Fsvg%22%20width%3D%22218%22%20height%3D%22300%22%20viewBox%3D%220%200%20218%20300%22%3E%3C%2Fsvg%3E\" loading=\"eager\"><\/span><span class=\"fg-image-overlay\"><\/span><\/a><\/figure><div class=\"fg-loader\"><\/div><\/div><div class=\"fg-item fg-type-image fg-idle\"><figure class=\"fg-item-inner\"><a href=\"https:\/\/www.smetanaquartet.com\/wp-content\/uploads\/2026\/02\/06_Scan0016.jpg\" data-attachment-id=\"785\" data-type=\"image\" class=\"fg-thumb\"><span class=\"fg-image-wrap\"><img decoding=\"async\" height=\"300\" width=\"218\" class=\"skip-lazy fg-image\" data-src-fg=\"https:\/\/www.smetanaquartet.com\/wp-content\/uploads\/cache\/2026\/02\/06_Scan0016\/3087800589.jpg\" data-srcset-fg=\"https:\/\/www.smetanaquartet.com\/wp-content\/uploads\/cache\/2026\/02\/06_Scan0016\/4286776125.jpg 2x\" src=\"data:image\/svg+xml,%3Csvg%20xmlns%3D%22http%3A%2F%2Fwww.w3.org%2F2000%2Fsvg%22%20width%3D%22218%22%20height%3D%22300%22%20viewBox%3D%220%200%20218%20300%22%3E%3C%2Fsvg%3E\" loading=\"eager\"><\/span><span class=\"fg-image-overlay\"><\/span><\/a><\/figure><div class=\"fg-loader\"><\/div><\/div><div class=\"fg-item fg-type-image fg-idle\"><figure class=\"fg-item-inner\"><a href=\"https:\/\/www.smetanaquartet.com\/wp-content\/uploads\/2026\/02\/06_Scan0017.jpg\" data-attachment-id=\"786\" data-type=\"image\" class=\"fg-thumb\"><span class=\"fg-image-wrap\"><img decoding=\"async\" height=\"300\" width=\"216\" class=\"skip-lazy fg-image\" data-src-fg=\"https:\/\/www.smetanaquartet.com\/wp-content\/uploads\/cache\/2026\/02\/06_Scan0017\/2668859152.jpg\" data-srcset-fg=\"https:\/\/www.smetanaquartet.com\/wp-content\/uploads\/cache\/2026\/02\/06_Scan0017\/2660944330.jpg 2x\" src=\"data:image\/svg+xml,%3Csvg%20xmlns%3D%22http%3A%2F%2Fwww.w3.org%2F2000%2Fsvg%22%20width%3D%22216%22%20height%3D%22300%22%20viewBox%3D%220%200%20216%20300%22%3E%3C%2Fsvg%3E\" loading=\"eager\"><\/span><span class=\"fg-image-overlay\"><\/span><\/a><\/figure><div class=\"fg-loader\"><\/div><\/div><div class=\"fg-item fg-type-image fg-idle\"><figure class=\"fg-item-inner\"><a href=\"https:\/\/www.smetanaquartet.com\/wp-content\/uploads\/2026\/02\/04_Scan0046.jpg\" data-caption-title=\"Jaroslav Rybensk\u00fd\" data-attachment-id=\"777\" data-type=\"image\" class=\"fg-thumb\"><span class=\"fg-image-wrap\"><img decoding=\"async\" title=\"Jaroslav Rybensk\u00fd\" height=\"300\" width=\"428\" class=\"skip-lazy fg-image\" data-src-fg=\"https:\/\/www.smetanaquartet.com\/wp-content\/uploads\/cache\/2026\/02\/04_Scan0046\/3929811706.jpg\" data-srcset-fg=\"https:\/\/www.smetanaquartet.com\/wp-content\/uploads\/cache\/2026\/02\/04_Scan0046\/2143310488.jpg 2x\" src=\"data:image\/svg+xml,%3Csvg%20xmlns%3D%22http%3A%2F%2Fwww.w3.org%2F2000%2Fsvg%22%20width%3D%22428%22%20height%3D%22300%22%20viewBox%3D%220%200%20428%20300%22%3E%3C%2Fsvg%3E\" loading=\"eager\"><\/span><span class=\"fg-image-overlay\"><\/span><\/a><figcaption class=\"fg-caption\"><div class=\"fg-caption-inner\"><div class=\"fg-caption-title\">Jaroslav Rybensk\u00fd<\/div><\/div><\/figcaption><\/figure><div class=\"fg-loader\"><\/div><\/div><div class=\"fg-item fg-type-image fg-idle\"><figure class=\"fg-item-inner\"><a href=\"https:\/\/www.smetanaquartet.com\/wp-content\/uploads\/2026\/02\/04_Scan0047.jpg\" data-caption-title=\"Jaroslav Rybensk\u00fd\" data-attachment-id=\"778\" data-type=\"image\" class=\"fg-thumb\"><span class=\"fg-image-wrap\"><img decoding=\"async\" title=\"Jaroslav Rybensk\u00fd\" height=\"300\" width=\"208\" class=\"skip-lazy fg-image\" data-src-fg=\"https:\/\/www.smetanaquartet.com\/wp-content\/uploads\/cache\/2026\/02\/04_Scan0047\/3575114345.jpg\" data-srcset-fg=\"https:\/\/www.smetanaquartet.com\/wp-content\/uploads\/cache\/2026\/02\/04_Scan0047\/3000268484.jpg 2x\" src=\"data:image\/svg+xml,%3Csvg%20xmlns%3D%22http%3A%2F%2Fwww.w3.org%2F2000%2Fsvg%22%20width%3D%22208%22%20height%3D%22300%22%20viewBox%3D%220%200%20208%20300%22%3E%3C%2Fsvg%3E\" loading=\"eager\"><\/span><span class=\"fg-image-overlay\"><\/span><\/a><figcaption class=\"fg-caption\"><div class=\"fg-caption-inner\"><div class=\"fg-caption-title\">Jaroslav Rybensk\u00fd<\/div><\/div><\/figcaption><\/figure><div class=\"fg-loader\"><\/div><\/div><div class=\"fg-item fg-type-image fg-idle\"><figure class=\"fg-item-inner\"><a href=\"https:\/\/www.smetanaquartet.com\/wp-content\/uploads\/2026\/02\/04_Scan0048.jpg\" data-caption-title=\"Jaroslav Rybensk\u00fd, Lubom\u00edr Kosteck\u00fd, Milan \u0160kampa\" data-attachment-id=\"779\" data-type=\"image\" class=\"fg-thumb\"><span class=\"fg-image-wrap\"><img decoding=\"async\" title=\"Jaroslav Rybensk\u00fd, Lubom\u00edr Kosteck\u00fd, Milan \u0160kampa\" height=\"300\" width=\"429\" class=\"skip-lazy fg-image\" data-src-fg=\"https:\/\/www.smetanaquartet.com\/wp-content\/uploads\/cache\/2026\/02\/04_Scan0048\/1432057156.jpg\" data-srcset-fg=\"https:\/\/www.smetanaquartet.com\/wp-content\/uploads\/cache\/2026\/02\/04_Scan0048\/3819184979.jpg 2x\" src=\"data:image\/svg+xml,%3Csvg%20xmlns%3D%22http%3A%2F%2Fwww.w3.org%2F2000%2Fsvg%22%20width%3D%22429%22%20height%3D%22300%22%20viewBox%3D%220%200%20429%20300%22%3E%3C%2Fsvg%3E\" loading=\"eager\"><\/span><span class=\"fg-image-overlay\"><\/span><\/a><figcaption class=\"fg-caption\"><div class=\"fg-caption-inner\"><div class=\"fg-caption-title\">Jaroslav Rybensk\u00fd, Lubom\u00edr Kosteck\u00fd, Milan \u0160kampa<\/div><\/div><\/figcaption><\/figure><div class=\"fg-loader\"><\/div><\/div><\/div>\n","protected":false},"excerpt":{"rendered":"<p>violin, viola (1943-1955), *1923 &dagger;1997 He was born on January 12, 1923 in Bojanov near Chrudim. He spent his childhood in very modest conditions. He had two sisters who did not pursue music, but his brother became a professional cellist. Their father was an amateur musician, so he easily recognized the talent of his son&#8230;.<\/p>\n","protected":false},"author":1,"featured_media":0,"parent":17,"menu_order":5,"comment_status":"closed","ping_status":"closed","template":"","meta":{"footnotes":""},"class_list":["post-27","page","type-page","status-publish","hentry"],"_links":{"self":[{"href":"https:\/\/www.smetanaquartet.com\/en\/wp-json\/wp\/v2\/pages\/27","targetHints":{"allow":["GET"]}}],"collection":[{"href":"https:\/\/www.smetanaquartet.com\/en\/wp-json\/wp\/v2\/pages"}],"about":[{"href":"https:\/\/www.smetanaquartet.com\/en\/wp-json\/wp\/v2\/types\/page"}],"author":[{"embeddable":true,"href":"https:\/\/www.smetanaquartet.com\/en\/wp-json\/wp\/v2\/users\/1"}],"replies":[{"embeddable":true,"href":"https:\/\/www.smetanaquartet.com\/en\/wp-json\/wp\/v2\/comments?post=27"}],"version-history":[{"count":2,"href":"https:\/\/www.smetanaquartet.com\/en\/wp-json\/wp\/v2\/pages\/27\/revisions"}],"predecessor-version":[{"id":1267,"href":"https:\/\/www.smetanaquartet.com\/en\/wp-json\/wp\/v2\/pages\/27\/revisions\/1267"}],"up":[{"embeddable":true,"href":"https:\/\/www.smetanaquartet.com\/en\/wp-json\/wp\/v2\/pages\/17"}],"wp:attachment":[{"href":"https:\/\/www.smetanaquartet.com\/en\/wp-json\/wp\/v2\/media?parent=27"}],"curies":[{"name":"wp","href":"https:\/\/api.w.org\/{rel}","templated":true}]}}