{"id":67,"date":"2026-01-19T09:59:57","date_gmt":"2026-01-19T09:59:57","guid":{"rendered":"https:\/\/www.smetanaquartet.com\/?page_id=67"},"modified":"2026-02-18T15:34:24","modified_gmt":"2026-02-18T15:34:24","slug":"lucany","status":"publish","type":"page","link":"https:\/\/www.smetanaquartet.com\/en\/gallery\/lucany\/","title":{"rendered":"Lu\u010dany"},"content":{"rendered":"<style type=\"text\/css\">\n#foogallery-gallery-1003.fg-justified .fg-item { margin-right: 2px; margin-bottom: 2px; }\n#foogallery-gallery-1003.fg-justified .fg-image { height: 200px; }<\/style>\n\t\t\t<div class=\"foogallery foogallery-container foogallery-justified foogallery-lightbox-foogallery fg-justified fg-ready fg-light fg-shadow-outline fg-loading-default fg-loaded-fade-in fg-caption-always fg-hover-fade fg-hover-zoom2\" id=\"foogallery-gallery-1003\" data-foogallery=\"{&quot;item&quot;:{&quot;showCaptionTitle&quot;:true,&quot;showCaptionDescription&quot;:false},&quot;lazy&quot;:true,&quot;template&quot;:{&quot;rowHeight&quot;:200,&quot;maxRowHeight&quot;:300,&quot;margins&quot;:2,&quot;align&quot;:&quot;center&quot;,&quot;lastRow&quot;:&quot;smart&quot;}}\" data-foogallery-lightbox=\"{&quot;thumbs&quot;:&quot;bottom&quot;,&quot;thumbsCaptions&quot;:false,&quot;thumbsBestFit&quot;:false,&quot;thumbsSmall&quot;:false,&quot;thumbsCaptionsAlign&quot;:&quot;default&quot;,&quot;info&quot;:&quot;bottom&quot;,&quot;infoVisible&quot;:true,&quot;infoOverlay&quot;:true,&quot;infoAlign&quot;:&quot;default&quot;,&quot;transition&quot;:&quot;fade&quot;,&quot;hoverButtons&quot;:false,&quot;fitMedia&quot;:false,&quot;noScrollbars&quot;:true,&quot;preserveButtonSpace&quot;:true,&quot;buttons&quot;:{&quot;fullscreen&quot;:true,&quot;info&quot;:true,&quot;thumbs&quot;:false},&quot;video&quot;:{&quot;autoPlay&quot;:true}}\" style=\"--fg-title-line-clamp: 1; --fg-description-line-clamp: 2;\" >\n\t<div class=\"fg-item fg-type-image fg-idle\"><figure class=\"fg-item-inner\"><a href=\"https:\/\/www.smetanaquartet.com\/wp-content\/uploads\/2026\/02\/01_Scan0021.jpg\" data-caption-title=\"Anton\u00edn Kohout, Ji\u0159\u00ed Nov\u00e1k, Lu\u010dany nad Nisou, Lubom\u00edr Kosteck\u00fd, Milan \u0160kampa\" data-attachment-id=\"1004\" data-type=\"image\" class=\"fg-thumb\"><span class=\"fg-image-wrap\"><img fetchpriority=\"high\" decoding=\"async\" title=\"Anton\u00edn Kohout, Ji\u0159\u00ed Nov\u00e1k, Lu\u010dany nad Nisou, Lubom\u00edr Kosteck\u00fd, Milan \u0160kampa\" height=\"300\" width=\"401\" class=\"skip-lazy fg-image\" data-src-fg=\"https:\/\/www.smetanaquartet.com\/wp-content\/uploads\/cache\/2026\/02\/01_Scan0021\/82130653.jpg\" data-srcset-fg=\"https:\/\/www.smetanaquartet.com\/wp-content\/uploads\/cache\/2026\/02\/01_Scan0021\/4039018735.jpg 2x\" src=\"data:image\/svg+xml,%3Csvg%20xmlns%3D%22http%3A%2F%2Fwww.w3.org%2F2000%2Fsvg%22%20width%3D%22401%22%20height%3D%22300%22%20viewBox%3D%220%200%20401%20300%22%3E%3C%2Fsvg%3E\" loading=\"eager\"><\/span><span class=\"fg-image-overlay\"><\/span><\/a><figcaption class=\"fg-caption\"><div class=\"fg-caption-inner\"><div class=\"fg-caption-title\">Anton\u00edn Kohout, Ji\u0159\u00ed Nov\u00e1k, Lu\u010dany nad Nisou, Lubom\u00edr Kosteck\u00fd, Milan \u0160kampa<\/div><\/div><\/figcaption><\/figure><div class=\"fg-loader\"><\/div><\/div><div class=\"fg-item fg-type-image fg-idle\"><figure class=\"fg-item-inner\"><a href=\"https:\/\/www.smetanaquartet.com\/wp-content\/uploads\/2026\/02\/04_scan-52.jpg\" data-caption-title=\"Anton\u00edn Kohout, Lu\u010dany nad Nisou\" data-attachment-id=\"1005\" data-type=\"image\" class=\"fg-thumb\"><span class=\"fg-image-wrap\"><img decoding=\"async\" title=\"Anton\u00edn Kohout, Lu\u010dany nad Nisou\" height=\"300\" width=\"442\" class=\"skip-lazy fg-image\" data-src-fg=\"https:\/\/www.smetanaquartet.com\/wp-content\/uploads\/cache\/2026\/02\/04_scan-52\/147133577.jpg\" data-srcset-fg=\"https:\/\/www.smetanaquartet.com\/wp-content\/uploads\/cache\/2026\/02\/04_scan-52\/2428435866.jpg 2x\" src=\"data:image\/svg+xml,%3Csvg%20xmlns%3D%22http%3A%2F%2Fwww.w3.org%2F2000%2Fsvg%22%20width%3D%22442%22%20height%3D%22300%22%20viewBox%3D%220%200%20442%20300%22%3E%3C%2Fsvg%3E\" loading=\"eager\"><\/span><span class=\"fg-image-overlay\"><\/span><\/a><figcaption class=\"fg-caption\"><div class=\"fg-caption-inner\"><div class=\"fg-caption-title\">Anton\u00edn Kohout, Lu\u010dany nad Nisou<\/div><\/div><\/figcaption><\/figure><div class=\"fg-loader\"><\/div><\/div><div class=\"fg-item fg-type-image fg-idle\"><figure class=\"fg-item-inner\"><a href=\"https:\/\/www.smetanaquartet.com\/wp-content\/uploads\/2026\/02\/04_Scan0003.jpg\" data-caption-title=\"1957, Anton\u00edn Kohout, Ji\u0159\u00ed Nov\u00e1k, Lu\u010dany nad Nisou, Lubom\u00edr Kosteck\u00fd, Milan \u0160kampa\" data-attachment-id=\"1006\" data-type=\"image\" class=\"fg-thumb\"><span class=\"fg-image-wrap\"><img decoding=\"async\" title=\"1957, Anton\u00edn Kohout, Ji\u0159\u00ed Nov\u00e1k, Lu\u010dany nad Nisou, Lubom\u00edr Kosteck\u00fd, Milan \u0160kampa\" height=\"300\" width=\"458\" class=\"skip-lazy fg-image\" data-src-fg=\"https:\/\/www.smetanaquartet.com\/wp-content\/uploads\/cache\/2026\/02\/04_Scan0003\/1914981789.jpg\" src=\"data:image\/svg+xml,%3Csvg%20xmlns%3D%22http%3A%2F%2Fwww.w3.org%2F2000%2Fsvg%22%20width%3D%22458%22%20height%3D%22300%22%20viewBox%3D%220%200%20458%20300%22%3E%3C%2Fsvg%3E\" loading=\"eager\"><\/span><span class=\"fg-image-overlay\"><\/span><\/a><figcaption class=\"fg-caption\"><div class=\"fg-caption-inner\"><div class=\"fg-caption-title\">1957, Anton\u00edn Kohout, Ji\u0159\u00ed Nov\u00e1k, Lu\u010dany nad Nisou, Lubom\u00edr Kosteck\u00fd, Milan \u0160kampa<\/div><\/div><\/figcaption><\/figure><div class=\"fg-loader\"><\/div><\/div><div class=\"fg-item fg-type-image fg-idle\"><figure class=\"fg-item-inner\"><a href=\"https:\/\/www.smetanaquartet.com\/wp-content\/uploads\/2026\/02\/04_Scan0021.jpg\" data-caption-title=\"1975, Ji\u0159\u00ed Nov\u00e1k, Lu\u010dany nad Nisou, Lubom\u00edr Kosteck\u00fd\" data-attachment-id=\"1007\" data-type=\"image\" class=\"fg-thumb\"><span class=\"fg-image-wrap\"><img decoding=\"async\" title=\"1975, Ji\u0159\u00ed Nov\u00e1k, Lu\u010dany nad Nisou, Lubom\u00edr Kosteck\u00fd\" height=\"300\" width=\"290\" class=\"skip-lazy fg-image\" data-src-fg=\"https:\/\/www.smetanaquartet.com\/wp-content\/uploads\/cache\/2026\/02\/04_Scan0021\/2215755101.jpg\" data-srcset-fg=\"https:\/\/www.smetanaquartet.com\/wp-content\/uploads\/cache\/2026\/02\/04_Scan0021\/2081569827.jpg 2x\" src=\"data:image\/svg+xml,%3Csvg%20xmlns%3D%22http%3A%2F%2Fwww.w3.org%2F2000%2Fsvg%22%20width%3D%22290%22%20height%3D%22300%22%20viewBox%3D%220%200%20290%20300%22%3E%3C%2Fsvg%3E\" loading=\"eager\"><\/span><span class=\"fg-image-overlay\"><\/span><\/a><figcaption class=\"fg-caption\"><div class=\"fg-caption-inner\"><div class=\"fg-caption-title\">1975, Ji\u0159\u00ed Nov\u00e1k, Lu\u010dany nad Nisou, Lubom\u00edr Kosteck\u00fd<\/div><\/div><\/figcaption><\/figure><div class=\"fg-loader\"><\/div><\/div><div class=\"fg-item fg-type-image fg-idle\"><figure class=\"fg-item-inner\"><a href=\"https:\/\/www.smetanaquartet.com\/wp-content\/uploads\/2026\/02\/04_Scan0053.jpg\" data-caption-title=\"Anton\u00edn Kohout, Ji\u0159\u00ed Nov\u00e1k, Lu\u010dany nad Nisou, Lubom\u00edr Kosteck\u00fd, Milan \u0160kampa\" data-attachment-id=\"1008\" data-type=\"image\" class=\"fg-thumb\"><span class=\"fg-image-wrap\"><img decoding=\"async\" title=\"Anton\u00edn Kohout, Ji\u0159\u00ed Nov\u00e1k, Lu\u010dany nad Nisou, Lubom\u00edr Kosteck\u00fd, Milan \u0160kampa\" height=\"300\" width=\"444\" class=\"skip-lazy fg-image\" data-src-fg=\"https:\/\/www.smetanaquartet.com\/wp-content\/uploads\/cache\/2026\/02\/04_Scan0053\/3692505748.jpg\" src=\"data:image\/svg+xml,%3Csvg%20xmlns%3D%22http%3A%2F%2Fwww.w3.org%2F2000%2Fsvg%22%20width%3D%22444%22%20height%3D%22300%22%20viewBox%3D%220%200%20444%20300%22%3E%3C%2Fsvg%3E\" loading=\"eager\"><\/span><span class=\"fg-image-overlay\"><\/span><\/a><figcaption class=\"fg-caption\"><div class=\"fg-caption-inner\"><div class=\"fg-caption-title\">Anton\u00edn Kohout, Ji\u0159\u00ed Nov\u00e1k, Lu\u010dany nad Nisou, Lubom\u00edr Kosteck\u00fd, Milan \u0160kampa<\/div><\/div><\/figcaption><\/figure><div class=\"fg-loader\"><\/div><\/div><div class=\"fg-item fg-type-image fg-idle\"><figure class=\"fg-item-inner\"><a href=\"https:\/\/www.smetanaquartet.com\/wp-content\/uploads\/2026\/02\/04_Scan0060-1.jpg\" data-caption-title=\"Anton\u00edn Kohout, Jitka Vla\u0161\u00e1nkov\u00e1, Lu\u010dany nad Nisou, Lubom\u00edr Kosteck\u00fd\" data-attachment-id=\"1009\" data-type=\"image\" class=\"fg-thumb\"><span class=\"fg-image-wrap\"><img decoding=\"async\" title=\"Anton\u00edn Kohout, Jitka Vla\u0161\u00e1nkov\u00e1, Lu\u010dany nad Nisou, Lubom\u00edr Kosteck\u00fd\" height=\"300\" width=\"430\" class=\"skip-lazy fg-image\" data-src-fg=\"https:\/\/www.smetanaquartet.com\/wp-content\/uploads\/cache\/2026\/02\/04_Scan0060-1\/2930040728.jpg\" data-srcset-fg=\"https:\/\/www.smetanaquartet.com\/wp-content\/uploads\/cache\/2026\/02\/04_Scan0060-1\/1669746303.jpg 2x\" src=\"data:image\/svg+xml,%3Csvg%20xmlns%3D%22http%3A%2F%2Fwww.w3.org%2F2000%2Fsvg%22%20width%3D%22430%22%20height%3D%22300%22%20viewBox%3D%220%200%20430%20300%22%3E%3C%2Fsvg%3E\" loading=\"eager\"><\/span><span class=\"fg-image-overlay\"><\/span><\/a><figcaption class=\"fg-caption\"><div class=\"fg-caption-inner\"><div class=\"fg-caption-title\">Anton\u00edn Kohout, Jitka Vla\u0161\u00e1nkov\u00e1, Lu\u010dany nad Nisou, Lubom\u00edr Kosteck\u00fd<\/div><\/div><\/figcaption><\/figure><div class=\"fg-loader\"><\/div><\/div><div class=\"fg-item fg-type-image fg-idle\"><figure class=\"fg-item-inner\"><a href=\"https:\/\/www.smetanaquartet.com\/wp-content\/uploads\/2026\/02\/04_Scan0061.jpg\" data-caption-title=\"Havl\u00e1kovo kvarteto, Lu\u010dany nad Nisou, Lubom\u00edr Kosteck\u00fd\" data-attachment-id=\"1010\" data-type=\"image\" class=\"fg-thumb\"><span class=\"fg-image-wrap\"><img decoding=\"async\" title=\"Havl\u00e1kovo kvarteto, Lu\u010dany nad Nisou, Lubom\u00edr Kosteck\u00fd\" height=\"300\" width=\"425\" class=\"skip-lazy fg-image\" data-src-fg=\"https:\/\/www.smetanaquartet.com\/wp-content\/uploads\/cache\/2026\/02\/04_Scan0061\/440332937.jpg\" data-srcset-fg=\"https:\/\/www.smetanaquartet.com\/wp-content\/uploads\/cache\/2026\/02\/04_Scan0061\/3580352481.jpg 2x\" src=\"data:image\/svg+xml,%3Csvg%20xmlns%3D%22http%3A%2F%2Fwww.w3.org%2F2000%2Fsvg%22%20width%3D%22425%22%20height%3D%22300%22%20viewBox%3D%220%200%20425%20300%22%3E%3C%2Fsvg%3E\" loading=\"eager\"><\/span><span class=\"fg-image-overlay\"><\/span><\/a><figcaption class=\"fg-caption\"><div class=\"fg-caption-inner\"><div class=\"fg-caption-title\">Havl\u00e1kovo kvarteto, Lu\u010dany nad Nisou, Lubom\u00edr Kosteck\u00fd<\/div><\/div><\/figcaption><\/figure><div class=\"fg-loader\"><\/div><\/div><div class=\"fg-item fg-type-image fg-idle\"><figure class=\"fg-item-inner\"><a href=\"https:\/\/www.smetanaquartet.com\/wp-content\/uploads\/2026\/02\/06_Scan0002.jpg\" data-caption-title=\"Anton\u00edn Kohout, Ji\u0159\u00ed Nov\u00e1k, Lu\u010dany nad Nisou, Lubom\u00edr Kosteck\u00fd, Milan \u0160kampa\" data-attachment-id=\"1011\" data-type=\"image\" class=\"fg-thumb\"><span class=\"fg-image-wrap\"><img decoding=\"async\" title=\"Anton\u00edn Kohout, Ji\u0159\u00ed Nov\u00e1k, Lu\u010dany nad Nisou, Lubom\u00edr Kosteck\u00fd, Milan \u0160kampa\" height=\"300\" width=\"403\" class=\"skip-lazy fg-image\" data-src-fg=\"https:\/\/www.smetanaquartet.com\/wp-content\/uploads\/cache\/2026\/02\/06_Scan0002\/2842805020.jpg\" data-srcset-fg=\"https:\/\/www.smetanaquartet.com\/wp-content\/uploads\/cache\/2026\/02\/06_Scan0002\/368615150.jpg 2x\" src=\"data:image\/svg+xml,%3Csvg%20xmlns%3D%22http%3A%2F%2Fwww.w3.org%2F2000%2Fsvg%22%20width%3D%22403%22%20height%3D%22300%22%20viewBox%3D%220%200%20403%20300%22%3E%3C%2Fsvg%3E\" loading=\"eager\"><\/span><span class=\"fg-image-overlay\"><\/span><\/a><figcaption class=\"fg-caption\"><div class=\"fg-caption-inner\"><div class=\"fg-caption-title\">Anton\u00edn Kohout, Ji\u0159\u00ed Nov\u00e1k, Lu\u010dany nad Nisou, Lubom\u00edr Kosteck\u00fd, Milan \u0160kampa<\/div><\/div><\/figcaption><\/figure><div class=\"fg-loader\"><\/div><\/div><div class=\"fg-item fg-type-image fg-idle\"><figure class=\"fg-item-inner\"><a href=\"https:\/\/www.smetanaquartet.com\/wp-content\/uploads\/2026\/02\/06_Scan0003.jpg\" data-caption-title=\"1975, Ji\u0159\u00ed Nov\u00e1k, Lu\u010dany nad Nisou\" data-attachment-id=\"1012\" data-type=\"image\" class=\"fg-thumb\"><span class=\"fg-image-wrap\"><img decoding=\"async\" title=\"1975, Ji\u0159\u00ed Nov\u00e1k, Lu\u010dany nad Nisou\" height=\"300\" width=\"410\" class=\"skip-lazy fg-image\" data-src-fg=\"https:\/\/www.smetanaquartet.com\/wp-content\/uploads\/cache\/2026\/02\/06_Scan0003\/293708942.jpg\" data-srcset-fg=\"https:\/\/www.smetanaquartet.com\/wp-content\/uploads\/cache\/2026\/02\/06_Scan0003\/636414130.jpg 2x\" src=\"data:image\/svg+xml,%3Csvg%20xmlns%3D%22http%3A%2F%2Fwww.w3.org%2F2000%2Fsvg%22%20width%3D%22410%22%20height%3D%22300%22%20viewBox%3D%220%200%20410%20300%22%3E%3C%2Fsvg%3E\" loading=\"eager\"><\/span><span class=\"fg-image-overlay\"><\/span><\/a><figcaption class=\"fg-caption\"><div class=\"fg-caption-inner\"><div class=\"fg-caption-title\">1975, Ji\u0159\u00ed Nov\u00e1k, Lu\u010dany nad Nisou<\/div><\/div><\/figcaption><\/figure><div class=\"fg-loader\"><\/div><\/div><div class=\"fg-item fg-type-image fg-idle\"><figure class=\"fg-item-inner\"><a href=\"https:\/\/www.smetanaquartet.com\/wp-content\/uploads\/2026\/02\/06_Scan0004.jpg\" data-caption-title=\"1975, Ji\u0159\u00ed Nov\u00e1k, Lu\u010dany nad Nisou\" data-attachment-id=\"1013\" data-type=\"image\" class=\"fg-thumb\"><span class=\"fg-image-wrap\"><img decoding=\"async\" title=\"1975, Ji\u0159\u00ed Nov\u00e1k, Lu\u010dany nad Nisou\" height=\"300\" width=\"241\" class=\"skip-lazy fg-image\" data-src-fg=\"https:\/\/www.smetanaquartet.com\/wp-content\/uploads\/cache\/2026\/02\/06_Scan0004\/2174907052.jpg\" data-srcset-fg=\"https:\/\/www.smetanaquartet.com\/wp-content\/uploads\/cache\/2026\/02\/06_Scan0004\/4249573081.jpg 2x\" src=\"data:image\/svg+xml,%3Csvg%20xmlns%3D%22http%3A%2F%2Fwww.w3.org%2F2000%2Fsvg%22%20width%3D%22241%22%20height%3D%22300%22%20viewBox%3D%220%200%20241%20300%22%3E%3C%2Fsvg%3E\" loading=\"eager\"><\/span><span class=\"fg-image-overlay\"><\/span><\/a><figcaption class=\"fg-caption\"><div class=\"fg-caption-inner\"><div class=\"fg-caption-title\">1975, Ji\u0159\u00ed Nov\u00e1k, Lu\u010dany nad Nisou<\/div><\/div><\/figcaption><\/figure><div class=\"fg-loader\"><\/div><\/div><div class=\"fg-item fg-type-image fg-idle\"><figure class=\"fg-item-inner\"><a href=\"https:\/\/www.smetanaquartet.com\/wp-content\/uploads\/2026\/02\/06_Scan0005.jpg\" data-caption-title=\"1975, Anton\u00edn Kohout, Ji\u0159\u00ed Nov\u00e1k, Lu\u010dany nad Nisou, Lubom\u00edr Kosteck\u00fd, Milan \u0160kampa\" data-attachment-id=\"1014\" data-type=\"image\" class=\"fg-thumb\"><span class=\"fg-image-wrap\"><img decoding=\"async\" title=\"1975, Anton\u00edn Kohout, Ji\u0159\u00ed Nov\u00e1k, Lu\u010dany nad Nisou, Lubom\u00edr Kosteck\u00fd, Milan \u0160kampa\" height=\"300\" width=\"215\" class=\"skip-lazy fg-image\" data-src-fg=\"https:\/\/www.smetanaquartet.com\/wp-content\/uploads\/cache\/2026\/02\/06_Scan0005\/1062888209.jpg\" data-srcset-fg=\"https:\/\/www.smetanaquartet.com\/wp-content\/uploads\/cache\/2026\/02\/06_Scan0005\/1650456303.jpg 2x\" src=\"data:image\/svg+xml,%3Csvg%20xmlns%3D%22http%3A%2F%2Fwww.w3.org%2F2000%2Fsvg%22%20width%3D%22215%22%20height%3D%22300%22%20viewBox%3D%220%200%20215%20300%22%3E%3C%2Fsvg%3E\" loading=\"eager\"><\/span><span class=\"fg-image-overlay\"><\/span><\/a><figcaption class=\"fg-caption\"><div class=\"fg-caption-inner\"><div class=\"fg-caption-title\">1975, Anton\u00edn Kohout, Ji\u0159\u00ed Nov\u00e1k, Lu\u010dany nad Nisou, Lubom\u00edr Kosteck\u00fd, Milan \u0160kampa<\/div><\/div><\/figcaption><\/figure><div class=\"fg-loader\"><\/div><\/div><div class=\"fg-item fg-type-image fg-idle\"><figure class=\"fg-item-inner\"><a href=\"https:\/\/www.smetanaquartet.com\/wp-content\/uploads\/2026\/02\/06_Scan0006.jpg\" data-caption-title=\"Anton\u00edn Kohout, Ji\u0159\u00ed Nov\u00e1k\" data-attachment-id=\"1015\" data-type=\"image\" class=\"fg-thumb\"><span class=\"fg-image-wrap\"><img decoding=\"async\" title=\"Anton\u00edn Kohout, Ji\u0159\u00ed Nov\u00e1k\" height=\"300\" width=\"219\" class=\"skip-lazy fg-image\" data-src-fg=\"https:\/\/www.smetanaquartet.com\/wp-content\/uploads\/cache\/2026\/02\/06_Scan0006\/724810697.jpg\" data-srcset-fg=\"https:\/\/www.smetanaquartet.com\/wp-content\/uploads\/cache\/2026\/02\/06_Scan0006\/372004656.jpg 2x\" src=\"data:image\/svg+xml,%3Csvg%20xmlns%3D%22http%3A%2F%2Fwww.w3.org%2F2000%2Fsvg%22%20width%3D%22219%22%20height%3D%22300%22%20viewBox%3D%220%200%20219%20300%22%3E%3C%2Fsvg%3E\" loading=\"eager\"><\/span><span class=\"fg-image-overlay\"><\/span><\/a><figcaption class=\"fg-caption\"><div class=\"fg-caption-inner\"><div class=\"fg-caption-title\">Anton\u00edn Kohout, Ji\u0159\u00ed Nov\u00e1k<\/div><\/div><\/figcaption><\/figure><div class=\"fg-loader\"><\/div><\/div><div class=\"fg-item fg-type-image fg-idle\"><figure class=\"fg-item-inner\"><a href=\"https:\/\/www.smetanaquartet.com\/wp-content\/uploads\/2026\/02\/06_Scan0007.jpg\" data-caption-title=\"Anton\u00edn Kohout, Ji\u0159\u00ed Nov\u00e1k, Lu\u010dany nad Nisou, Lubom\u00edr Kosteck\u00fd\" data-attachment-id=\"1016\" data-type=\"image\" class=\"fg-thumb\"><span class=\"fg-image-wrap\"><img decoding=\"async\" title=\"Anton\u00edn Kohout, Ji\u0159\u00ed Nov\u00e1k, Lu\u010dany nad Nisou, Lubom\u00edr Kosteck\u00fd\" height=\"300\" width=\"411\" class=\"skip-lazy fg-image\" data-src-fg=\"https:\/\/www.smetanaquartet.com\/wp-content\/uploads\/cache\/2026\/02\/06_Scan0007\/2479086683.jpg\" data-srcset-fg=\"https:\/\/www.smetanaquartet.com\/wp-content\/uploads\/cache\/2026\/02\/06_Scan0007\/2813104231.jpg 2x\" src=\"data:image\/svg+xml,%3Csvg%20xmlns%3D%22http%3A%2F%2Fwww.w3.org%2F2000%2Fsvg%22%20width%3D%22411%22%20height%3D%22300%22%20viewBox%3D%220%200%20411%20300%22%3E%3C%2Fsvg%3E\" loading=\"eager\"><\/span><span class=\"fg-image-overlay\"><\/span><\/a><figcaption class=\"fg-caption\"><div class=\"fg-caption-inner\"><div class=\"fg-caption-title\">Anton\u00edn Kohout, Ji\u0159\u00ed Nov\u00e1k, Lu\u010dany nad Nisou, Lubom\u00edr Kosteck\u00fd<\/div><\/div><\/figcaption><\/figure><div class=\"fg-loader\"><\/div><\/div><div class=\"fg-item fg-type-image fg-idle\"><figure class=\"fg-item-inner\"><a href=\"https:\/\/www.smetanaquartet.com\/wp-content\/uploads\/2026\/02\/06_Scan0018.jpg\" data-caption-title=\"Jan Panenka, Josef Chuchro, Josef Suk, Lu\u010dany nad Nisou\" data-attachment-id=\"1017\" data-type=\"image\" class=\"fg-thumb\"><span class=\"fg-image-wrap\"><img decoding=\"async\" title=\"Jan Panenka, Josef Chuchro, Josef Suk, Lu\u010dany nad Nisou\" height=\"300\" width=\"441\" class=\"skip-lazy fg-image\" data-src-fg=\"https:\/\/www.smetanaquartet.com\/wp-content\/uploads\/cache\/2026\/02\/06_Scan0018\/3346924943.jpg\" data-srcset-fg=\"https:\/\/www.smetanaquartet.com\/wp-content\/uploads\/cache\/2026\/02\/06_Scan0018\/2232712967.jpg 2x\" src=\"data:image\/svg+xml,%3Csvg%20xmlns%3D%22http%3A%2F%2Fwww.w3.org%2F2000%2Fsvg%22%20width%3D%22441%22%20height%3D%22300%22%20viewBox%3D%220%200%20441%20300%22%3E%3C%2Fsvg%3E\" loading=\"eager\"><\/span><span class=\"fg-image-overlay\"><\/span><\/a><figcaption class=\"fg-caption\"><div class=\"fg-caption-inner\"><div class=\"fg-caption-title\">Jan Panenka, Josef Chuchro, Josef Suk, Lu\u010dany nad Nisou<\/div><\/div><\/figcaption><\/figure><div class=\"fg-loader\"><\/div><\/div><div class=\"fg-item fg-type-image fg-idle\"><figure class=\"fg-item-inner\"><a href=\"https:\/\/www.smetanaquartet.com\/wp-content\/uploads\/2026\/02\/06_Scan0019.jpg\" data-caption-title=\"Jan Panenka, Josef Chuchro, Josef Suk, Lu\u010dany nad Nisou\" data-attachment-id=\"1018\" data-type=\"image\" class=\"fg-thumb\"><span class=\"fg-image-wrap\"><img decoding=\"async\" title=\"Jan Panenka, Josef Chuchro, Josef Suk, Lu\u010dany nad Nisou\" height=\"300\" width=\"451\" class=\"skip-lazy fg-image\" data-src-fg=\"https:\/\/www.smetanaquartet.com\/wp-content\/uploads\/cache\/2026\/02\/06_Scan0019\/1972828268.jpg\" data-srcset-fg=\"https:\/\/www.smetanaquartet.com\/wp-content\/uploads\/cache\/2026\/02\/06_Scan0019\/533318020.jpg 2x\" src=\"data:image\/svg+xml,%3Csvg%20xmlns%3D%22http%3A%2F%2Fwww.w3.org%2F2000%2Fsvg%22%20width%3D%22451%22%20height%3D%22300%22%20viewBox%3D%220%200%20451%20300%22%3E%3C%2Fsvg%3E\" loading=\"eager\"><\/span><span class=\"fg-image-overlay\"><\/span><\/a><figcaption class=\"fg-caption\"><div class=\"fg-caption-inner\"><div class=\"fg-caption-title\">Jan Panenka, Josef Chuchro, Josef Suk, Lu\u010dany nad Nisou<\/div><\/div><\/figcaption><\/figure><div class=\"fg-loader\"><\/div><\/div><div class=\"fg-item fg-type-image fg-idle\"><figure class=\"fg-item-inner\"><a href=\"https:\/\/www.smetanaquartet.com\/wp-content\/uploads\/2026\/02\/06_Scan0022.jpg\" data-caption-title=\"Anton\u00edn Kohout, Kulhanov\u00e1, Lu\u010dany nad Nisou, Marie Kohoutov\u00e1\" data-attachment-id=\"1019\" data-type=\"image\" class=\"fg-thumb\"><span class=\"fg-image-wrap\"><img decoding=\"async\" title=\"Anton\u00edn Kohout, Kulhanov\u00e1, Lu\u010dany nad Nisou, Marie Kohoutov\u00e1\" height=\"300\" width=\"427\" class=\"skip-lazy fg-image\" data-src-fg=\"https:\/\/www.smetanaquartet.com\/wp-content\/uploads\/cache\/2026\/02\/06_Scan0022\/2341930948.jpg\" data-srcset-fg=\"https:\/\/www.smetanaquartet.com\/wp-content\/uploads\/cache\/2026\/02\/06_Scan0022\/3394273747.jpg 2x\" src=\"data:image\/svg+xml,%3Csvg%20xmlns%3D%22http%3A%2F%2Fwww.w3.org%2F2000%2Fsvg%22%20width%3D%22427%22%20height%3D%22300%22%20viewBox%3D%220%200%20427%20300%22%3E%3C%2Fsvg%3E\" loading=\"eager\"><\/span><span class=\"fg-image-overlay\"><\/span><\/a><figcaption class=\"fg-caption\"><div class=\"fg-caption-inner\"><div class=\"fg-caption-title\">Anton\u00edn Kohout, Kulhanov\u00e1, Lu\u010dany nad Nisou, Marie Kohoutov\u00e1<\/div><\/div><\/figcaption><\/figure><div class=\"fg-loader\"><\/div><\/div><div class=\"fg-item fg-type-image fg-idle\"><figure class=\"fg-item-inner\"><a href=\"https:\/\/www.smetanaquartet.com\/wp-content\/uploads\/2026\/02\/08_Scan0009.jpg\" data-caption-title=\"1975, Ji\u0159\u00ed Nov\u00e1k, Lu\u010dany nad Nisou\" data-attachment-id=\"1020\" data-type=\"image\" class=\"fg-thumb\"><span class=\"fg-image-wrap\"><img decoding=\"async\" title=\"1975, Ji\u0159\u00ed Nov\u00e1k, Lu\u010dany nad Nisou\" height=\"300\" width=\"406\" class=\"skip-lazy fg-image\" data-src-fg=\"https:\/\/www.smetanaquartet.com\/wp-content\/uploads\/cache\/2026\/02\/08_Scan0009\/639364779.jpg\" data-srcset-fg=\"https:\/\/www.smetanaquartet.com\/wp-content\/uploads\/cache\/2026\/02\/08_Scan0009\/1019513569.jpg 2x\" src=\"data:image\/svg+xml,%3Csvg%20xmlns%3D%22http%3A%2F%2Fwww.w3.org%2F2000%2Fsvg%22%20width%3D%22406%22%20height%3D%22300%22%20viewBox%3D%220%200%20406%20300%22%3E%3C%2Fsvg%3E\" loading=\"eager\"><\/span><span class=\"fg-image-overlay\"><\/span><\/a><figcaption class=\"fg-caption\"><div class=\"fg-caption-inner\"><div class=\"fg-caption-title\">1975, Ji\u0159\u00ed Nov\u00e1k, Lu\u010dany nad Nisou<\/div><\/div><\/figcaption><\/figure><div class=\"fg-loader\"><\/div><\/div><div class=\"fg-item fg-type-image fg-idle\"><figure class=\"fg-item-inner\"><a href=\"https:\/\/www.smetanaquartet.com\/wp-content\/uploads\/2026\/02\/11_Scan0012.jpg\" data-caption-title=\"1958, Anton\u00edn Kohout, Ji\u0159\u00ed Nov\u00e1k, Lu\u010dany nad Nisou, Lubom\u00edr Kosteck\u00fd, Milan \u0160kampa\" data-attachment-id=\"1021\" data-type=\"image\" class=\"fg-thumb\"><span class=\"fg-image-wrap\"><img decoding=\"async\" title=\"1958, Anton\u00edn Kohout, Ji\u0159\u00ed Nov\u00e1k, Lu\u010dany nad Nisou, Lubom\u00edr Kosteck\u00fd, Milan \u0160kampa\" height=\"300\" width=\"416\" class=\"skip-lazy fg-image\" data-src-fg=\"https:\/\/www.smetanaquartet.com\/wp-content\/uploads\/cache\/2026\/02\/11_Scan0012\/2013793209.jpg\" data-srcset-fg=\"https:\/\/www.smetanaquartet.com\/wp-content\/uploads\/cache\/2026\/02\/11_Scan0012\/2732826109.jpg 2x\" src=\"data:image\/svg+xml,%3Csvg%20xmlns%3D%22http%3A%2F%2Fwww.w3.org%2F2000%2Fsvg%22%20width%3D%22416%22%20height%3D%22300%22%20viewBox%3D%220%200%20416%20300%22%3E%3C%2Fsvg%3E\" loading=\"eager\"><\/span><span class=\"fg-image-overlay\"><\/span><\/a><figcaption class=\"fg-caption\"><div class=\"fg-caption-inner\"><div class=\"fg-caption-title\">1958, Anton\u00edn Kohout, Ji\u0159\u00ed Nov\u00e1k, Lu\u010dany nad Nisou, Lubom\u00edr Kosteck\u00fd, Milan \u0160kampa<\/div><\/div><\/figcaption><\/figure><div class=\"fg-loader\"><\/div><\/div><\/div>\n","protected":false},"excerpt":{"rendered":"","protected":false},"author":1,"featured_media":1011,"parent":47,"menu_order":0,"comment_status":"closed","ping_status":"closed","template":"","meta":{"footnotes":""},"class_list":["post-67","page","type-page","status-publish","has-post-thumbnail","hentry"],"_links":{"self":[{"href":"https:\/\/www.smetanaquartet.com\/en\/wp-json\/wp\/v2\/pages\/67","targetHints":{"allow":["GET"]}}],"collection":[{"href":"https:\/\/www.smetanaquartet.com\/en\/wp-json\/wp\/v2\/pages"}],"about":[{"href":"https:\/\/www.smetanaquartet.com\/en\/wp-json\/wp\/v2\/types\/page"}],"author":[{"embeddable":true,"href":"https:\/\/www.smetanaquartet.com\/en\/wp-json\/wp\/v2\/users\/1"}],"replies":[{"embeddable":true,"href":"https:\/\/www.smetanaquartet.com\/en\/wp-json\/wp\/v2\/comments?post=67"}],"version-history":[{"count":2,"href":"https:\/\/www.smetanaquartet.com\/en\/wp-json\/wp\/v2\/pages\/67\/revisions"}],"predecessor-version":[{"id":1287,"href":"https:\/\/www.smetanaquartet.com\/en\/wp-json\/wp\/v2\/pages\/67\/revisions\/1287"}],"up":[{"embeddable":true,"href":"https:\/\/www.smetanaquartet.com\/en\/wp-json\/wp\/v2\/pages\/47"}],"wp:featuredmedia":[{"embeddable":true,"href":"https:\/\/www.smetanaquartet.com\/en\/wp-json\/wp\/v2\/media\/1011"}],"wp:attachment":[{"href":"https:\/\/www.smetanaquartet.com\/en\/wp-json\/wp\/v2\/media?parent=67"}],"curies":[{"name":"wp","href":"https:\/\/api.w.org\/{rel}","templated":true}]}}