{"id":69,"date":"2026-01-19T10:00:11","date_gmt":"2026-01-19T10:00:11","guid":{"rendered":"https:\/\/www.smetanaquartet.com\/?page_id=69"},"modified":"2026-02-18T15:34:26","modified_gmt":"2026-02-18T15:34:26","slug":"filmmaking","status":"publish","type":"page","link":"https:\/\/www.smetanaquartet.com\/en\/gallery\/filmmaking\/","title":{"rendered":"Film shooting"},"content":{"rendered":"<style type=\"text\/css\">\n#foogallery-gallery-1023.fg-justified .fg-item { margin-right: 2px; margin-bottom: 2px; }\n#foogallery-gallery-1023.fg-justified .fg-image { height: 200px; }<\/style>\n\t\t\t<div class=\"foogallery foogallery-container foogallery-justified foogallery-lightbox-foogallery fg-justified fg-ready fg-light fg-shadow-outline fg-loading-default fg-loaded-fade-in fg-caption-always fg-hover-fade fg-hover-zoom2\" id=\"foogallery-gallery-1023\" data-foogallery=\"{&quot;item&quot;:{&quot;showCaptionTitle&quot;:true,&quot;showCaptionDescription&quot;:false},&quot;lazy&quot;:true,&quot;template&quot;:{&quot;rowHeight&quot;:200,&quot;maxRowHeight&quot;:300,&quot;margins&quot;:2,&quot;align&quot;:&quot;center&quot;,&quot;lastRow&quot;:&quot;smart&quot;}}\" data-foogallery-lightbox=\"{&quot;thumbs&quot;:&quot;bottom&quot;,&quot;thumbsCaptions&quot;:false,&quot;thumbsBestFit&quot;:false,&quot;thumbsSmall&quot;:false,&quot;thumbsCaptionsAlign&quot;:&quot;default&quot;,&quot;info&quot;:&quot;bottom&quot;,&quot;infoVisible&quot;:true,&quot;infoOverlay&quot;:true,&quot;infoAlign&quot;:&quot;default&quot;,&quot;transition&quot;:&quot;fade&quot;,&quot;hoverButtons&quot;:false,&quot;fitMedia&quot;:false,&quot;noScrollbars&quot;:true,&quot;preserveButtonSpace&quot;:true,&quot;buttons&quot;:{&quot;fullscreen&quot;:true,&quot;info&quot;:true,&quot;thumbs&quot;:false},&quot;video&quot;:{&quot;autoPlay&quot;:true}}\" style=\"--fg-title-line-clamp: 1; --fg-description-line-clamp: 2;\" >\n\t<div class=\"fg-item fg-type-image fg-idle\"><figure class=\"fg-item-inner\"><a href=\"https:\/\/www.smetanaquartet.com\/wp-content\/uploads\/2026\/02\/02_Scan0003.jpg\" data-caption-title=\"Anton\u00edn Kohout, Ji\u0159\u00ed Nov\u00e1k, Lubom\u00edr Kosteck\u00fd, Milan \u0160kampa, V Cibulk\u00e1ch\" data-attachment-id=\"1024\" data-type=\"image\" class=\"fg-thumb\"><span class=\"fg-image-wrap\"><img fetchpriority=\"high\" decoding=\"async\" title=\"Anton\u00edn Kohout, Ji\u0159\u00ed Nov\u00e1k, Lubom\u00edr Kosteck\u00fd, Milan \u0160kampa, V Cibulk\u00e1ch\" height=\"300\" width=\"401\" class=\"skip-lazy fg-image\" data-src-fg=\"https:\/\/www.smetanaquartet.com\/wp-content\/uploads\/cache\/2026\/02\/02_Scan0003\/3707999015.jpg\" data-srcset-fg=\"https:\/\/www.smetanaquartet.com\/wp-content\/uploads\/cache\/2026\/02\/02_Scan0003\/2814807658.jpg 2x\" src=\"data:image\/svg+xml,%3Csvg%20xmlns%3D%22http%3A%2F%2Fwww.w3.org%2F2000%2Fsvg%22%20width%3D%22401%22%20height%3D%22300%22%20viewBox%3D%220%200%20401%20300%22%3E%3C%2Fsvg%3E\" loading=\"eager\"><\/span><span class=\"fg-image-overlay\"><\/span><\/a><figcaption class=\"fg-caption\"><div class=\"fg-caption-inner\"><div class=\"fg-caption-title\">Anton\u00edn Kohout, Ji\u0159\u00ed Nov\u00e1k, Lubom\u00edr Kosteck\u00fd, Milan \u0160kampa, V Cibulk\u00e1ch<\/div><\/div><\/figcaption><\/figure><div class=\"fg-loader\"><\/div><\/div><div class=\"fg-item fg-type-image fg-idle\"><figure class=\"fg-item-inner\"><a href=\"https:\/\/www.smetanaquartet.com\/wp-content\/uploads\/2026\/02\/02_Scan0005.jpg\" data-caption-title=\"Anton\u00edn Kohout, d \u0160orm, Jabkenice, Ji\u0159\u00ed Nov\u00e1k, Lubom\u00edr Kosteck\u00fd, Milan \u0160kampa\" data-attachment-id=\"1025\" data-type=\"image\" class=\"fg-thumb\"><span class=\"fg-image-wrap\"><img decoding=\"async\" title=\"Anton\u00edn Kohout, Evald \u0160orm, Jabkenice, Ji\u0159\u00ed Nov\u00e1k, Lubom\u00edr Kosteck\u00fd, Milan \u0160kampa\" height=\"300\" width=\"413\" class=\"skip-lazy fg-image\" data-src-fg=\"https:\/\/www.smetanaquartet.com\/wp-content\/uploads\/cache\/2026\/02\/02_Scan0005\/2173322651.jpg\" data-srcset-fg=\"https:\/\/www.smetanaquartet.com\/wp-content\/uploads\/cache\/2026\/02\/02_Scan0005\/4248300135.jpg 2x\" src=\"data:image\/svg+xml,%3Csvg%20xmlns%3D%22http%3A%2F%2Fwww.w3.org%2F2000%2Fsvg%22%20width%3D%22413%22%20height%3D%22300%22%20viewBox%3D%220%200%20413%20300%22%3E%3C%2Fsvg%3E\" loading=\"eager\"><\/span><span class=\"fg-image-overlay\"><\/span><\/a><figcaption class=\"fg-caption\"><div class=\"fg-caption-inner\"><div class=\"fg-caption-title\">Anton\u00edn Kohout, d \u0160orm, Jabkenice, Ji\u0159\u00ed Nov\u00e1k, Lubom\u00edr Kosteck\u00fd, Milan \u0160kampa<\/div><\/div><\/figcaption><\/figure><div class=\"fg-loader\"><\/div><\/div><div class=\"fg-item fg-type-image fg-idle\"><figure class=\"fg-item-inner\"><a href=\"https:\/\/www.smetanaquartet.com\/wp-content\/uploads\/2026\/02\/02_Scan0006.jpg\" data-caption-title=\"Anton\u00edn Kohout, Jabkenice, Ji\u0159\u00ed Nov\u00e1k, Lubom\u00edr Kosteck\u00fd, Milan \u0160kampa\" data-attachment-id=\"1026\" data-type=\"image\" class=\"fg-thumb\"><span class=\"fg-image-wrap\"><img decoding=\"async\" title=\"Anton\u00edn Kohout, Jabkenice, Ji\u0159\u00ed Nov\u00e1k, Lubom\u00edr Kosteck\u00fd, Milan \u0160kampa\" height=\"300\" width=\"413\" class=\"skip-lazy fg-image\" data-src-fg=\"https:\/\/www.smetanaquartet.com\/wp-content\/uploads\/cache\/2026\/02\/02_Scan0006\/2069833076.jpg\" data-srcset-fg=\"https:\/\/www.smetanaquartet.com\/wp-content\/uploads\/cache\/2026\/02\/02_Scan0006\/2306615799.jpg 2x\" src=\"data:image\/svg+xml,%3Csvg%20xmlns%3D%22http%3A%2F%2Fwww.w3.org%2F2000%2Fsvg%22%20width%3D%22413%22%20height%3D%22300%22%20viewBox%3D%220%200%20413%20300%22%3E%3C%2Fsvg%3E\" loading=\"eager\"><\/span><span class=\"fg-image-overlay\"><\/span><\/a><figcaption class=\"fg-caption\"><div class=\"fg-caption-inner\"><div class=\"fg-caption-title\">Anton\u00edn Kohout, Jabkenice, Ji\u0159\u00ed Nov\u00e1k, Lubom\u00edr Kosteck\u00fd, Milan \u0160kampa<\/div><\/div><\/figcaption><\/figure><div class=\"fg-loader\"><\/div><\/div><div class=\"fg-item fg-type-image fg-idle\"><figure class=\"fg-item-inner\"><a href=\"https:\/\/www.smetanaquartet.com\/wp-content\/uploads\/2026\/02\/04_scan-16.jpg\" data-caption-title=\"Anton\u00edn Kohout, Jabkenice, Ji\u0159\u00ed Nov\u00e1k, Milan \u0160kampa\" data-attachment-id=\"1027\" data-type=\"image\" class=\"fg-thumb\"><span class=\"fg-image-wrap\"><img decoding=\"async\" title=\"Anton\u00edn Kohout, Jabkenice, Ji\u0159\u00ed Nov\u00e1k, Milan \u0160kampa\" height=\"300\" width=\"218\" class=\"skip-lazy fg-image\" data-src-fg=\"https:\/\/www.smetanaquartet.com\/wp-content\/uploads\/cache\/2026\/02\/04_scan-16\/2939671602.jpg\" data-srcset-fg=\"https:\/\/www.smetanaquartet.com\/wp-content\/uploads\/cache\/2026\/02\/04_scan-16\/2309581700.jpg 2x\" src=\"data:image\/svg+xml,%3Csvg%20xmlns%3D%22http%3A%2F%2Fwww.w3.org%2F2000%2Fsvg%22%20width%3D%22218%22%20height%3D%22300%22%20viewBox%3D%220%200%20218%20300%22%3E%3C%2Fsvg%3E\" loading=\"eager\"><\/span><span class=\"fg-image-overlay\"><\/span><\/a><figcaption class=\"fg-caption\"><div class=\"fg-caption-inner\"><div class=\"fg-caption-title\">Anton\u00edn Kohout, Jabkenice, Ji\u0159\u00ed Nov\u00e1k, Milan \u0160kampa<\/div><\/div><\/figcaption><\/figure><div class=\"fg-loader\"><\/div><\/div><div class=\"fg-item fg-type-image fg-idle\"><figure class=\"fg-item-inner\"><a href=\"https:\/\/www.smetanaquartet.com\/wp-content\/uploads\/2026\/02\/04_scan-18.jpg\" data-caption-title=\"Anton\u00edn Kohout, Jabkenice, Ji\u0159\u00ed Nov\u00e1k, Lubom\u00edr Kosteck\u00fd, Milan \u0160kampa\" data-attachment-id=\"1028\" data-type=\"image\" class=\"fg-thumb\"><span class=\"fg-image-wrap\"><img decoding=\"async\" title=\"Anton\u00edn Kohout, Jabkenice, Ji\u0159\u00ed Nov\u00e1k, Lubom\u00edr Kosteck\u00fd, Milan \u0160kampa\" height=\"300\" width=\"413\" class=\"skip-lazy fg-image\" data-src-fg=\"https:\/\/www.smetanaquartet.com\/wp-content\/uploads\/cache\/2026\/02\/04_scan-18\/1228670477.jpg\" data-srcset-fg=\"https:\/\/www.smetanaquartet.com\/wp-content\/uploads\/cache\/2026\/02\/04_scan-18\/679235011.jpg 2x\" src=\"data:image\/svg+xml,%3Csvg%20xmlns%3D%22http%3A%2F%2Fwww.w3.org%2F2000%2Fsvg%22%20width%3D%22413%22%20height%3D%22300%22%20viewBox%3D%220%200%20413%20300%22%3E%3C%2Fsvg%3E\" loading=\"eager\"><\/span><span class=\"fg-image-overlay\"><\/span><\/a><figcaption class=\"fg-caption\"><div class=\"fg-caption-inner\"><div class=\"fg-caption-title\">Anton\u00edn Kohout, Jabkenice, Ji\u0159\u00ed Nov\u00e1k, Lubom\u00edr Kosteck\u00fd, Milan \u0160kampa<\/div><\/div><\/figcaption><\/figure><div class=\"fg-loader\"><\/div><\/div><div class=\"fg-item fg-type-image fg-idle\"><figure class=\"fg-item-inner\"><a href=\"https:\/\/www.smetanaquartet.com\/wp-content\/uploads\/2026\/02\/04_scan-20.jpg\" data-caption-title=\"d \u0160orm, Jabkenice, Ji\u0159\u00ed Nov\u00e1k, Lubom\u00edr Kosteck\u00fd, Milan \u0160kampa\" data-attachment-id=\"1029\" data-type=\"image\" class=\"fg-thumb\"><span class=\"fg-image-wrap\"><img decoding=\"async\" title=\"Evald \u0160orm, Jabkenice, Ji\u0159\u00ed Nov\u00e1k, Lubom\u00edr Kosteck\u00fd, Milan \u0160kampa\" height=\"300\" width=\"413\" class=\"skip-lazy fg-image\" data-src-fg=\"https:\/\/www.smetanaquartet.com\/wp-content\/uploads\/cache\/2026\/02\/04_scan-20\/4198018300.jpg\" data-srcset-fg=\"https:\/\/www.smetanaquartet.com\/wp-content\/uploads\/cache\/2026\/02\/04_scan-20\/2608391986.jpg 2x\" src=\"data:image\/svg+xml,%3Csvg%20xmlns%3D%22http%3A%2F%2Fwww.w3.org%2F2000%2Fsvg%22%20width%3D%22413%22%20height%3D%22300%22%20viewBox%3D%220%200%20413%20300%22%3E%3C%2Fsvg%3E\" loading=\"eager\"><\/span><span class=\"fg-image-overlay\"><\/span><\/a><figcaption class=\"fg-caption\"><div class=\"fg-caption-inner\"><div class=\"fg-caption-title\">d \u0160orm, Jabkenice, Ji\u0159\u00ed Nov\u00e1k, Lubom\u00edr Kosteck\u00fd, Milan \u0160kampa<\/div><\/div><\/figcaption><\/figure><div class=\"fg-loader\"><\/div><\/div><div class=\"fg-item fg-type-image fg-idle\"><figure class=\"fg-item-inner\"><a href=\"https:\/\/www.smetanaquartet.com\/wp-content\/uploads\/2026\/02\/04_scan-22.jpg\" data-caption-title=\"Anton\u00edn Kohout, Jabkenice, Ji\u0159\u00ed Nov\u00e1k, Lubom\u00edr Kosteck\u00fd, Milan \u0160kampa\" data-attachment-id=\"1030\" data-type=\"image\" class=\"fg-thumb\"><span class=\"fg-image-wrap\"><img decoding=\"async\" title=\"Anton\u00edn Kohout, Jabkenice, Ji\u0159\u00ed Nov\u00e1k, Lubom\u00edr Kosteck\u00fd, Milan \u0160kampa\" height=\"300\" width=\"413\" class=\"skip-lazy fg-image\" data-src-fg=\"https:\/\/www.smetanaquartet.com\/wp-content\/uploads\/cache\/2026\/02\/04_scan-22\/3714097136.jpg\" data-srcset-fg=\"https:\/\/www.smetanaquartet.com\/wp-content\/uploads\/cache\/2026\/02\/04_scan-22\/3156268094.jpg 2x\" src=\"data:image\/svg+xml,%3Csvg%20xmlns%3D%22http%3A%2F%2Fwww.w3.org%2F2000%2Fsvg%22%20width%3D%22413%22%20height%3D%22300%22%20viewBox%3D%220%200%20413%20300%22%3E%3C%2Fsvg%3E\" loading=\"eager\"><\/span><span class=\"fg-image-overlay\"><\/span><\/a><figcaption class=\"fg-caption\"><div class=\"fg-caption-inner\"><div class=\"fg-caption-title\">Anton\u00edn Kohout, Jabkenice, Ji\u0159\u00ed Nov\u00e1k, Lubom\u00edr Kosteck\u00fd, Milan \u0160kampa<\/div><\/div><\/figcaption><\/figure><div class=\"fg-loader\"><\/div><\/div><div class=\"fg-item fg-type-image fg-idle\"><figure class=\"fg-item-inner\"><a href=\"https:\/\/www.smetanaquartet.com\/wp-content\/uploads\/2026\/02\/04_scan-24.jpg\" data-caption-title=\"Anton\u00edn Kohout, Jabkenice, Ji\u0159\u00ed Nov\u00e1k\" data-attachment-id=\"1031\" data-type=\"image\" class=\"fg-thumb\"><span class=\"fg-image-wrap\"><img decoding=\"async\" title=\"Anton\u00edn Kohout, Jabkenice, Ji\u0159\u00ed Nov\u00e1k\" height=\"300\" width=\"413\" class=\"skip-lazy fg-image\" data-src-fg=\"https:\/\/www.smetanaquartet.com\/wp-content\/uploads\/cache\/2026\/02\/04_scan-24\/1113791478.jpg\" data-srcset-fg=\"https:\/\/www.smetanaquartet.com\/wp-content\/uploads\/cache\/2026\/02\/04_scan-24\/589516856.jpg 2x\" src=\"data:image\/svg+xml,%3Csvg%20xmlns%3D%22http%3A%2F%2Fwww.w3.org%2F2000%2Fsvg%22%20width%3D%22413%22%20height%3D%22300%22%20viewBox%3D%220%200%20413%20300%22%3E%3C%2Fsvg%3E\" loading=\"eager\"><\/span><span class=\"fg-image-overlay\"><\/span><\/a><figcaption class=\"fg-caption\"><div class=\"fg-caption-inner\"><div class=\"fg-caption-title\">Anton\u00edn Kohout, Jabkenice, Ji\u0159\u00ed Nov\u00e1k<\/div><\/div><\/figcaption><\/figure><div class=\"fg-loader\"><\/div><\/div><div class=\"fg-item fg-type-image fg-idle\"><figure class=\"fg-item-inner\"><a href=\"https:\/\/www.smetanaquartet.com\/wp-content\/uploads\/2026\/02\/04_scan-26.jpg\" data-caption-title=\"Anton\u00edn Kohout, Jabkenice, Ji\u0159\u00ed Nov\u00e1k, Lubom\u00edr Kosteck\u00fd, Milan \u0160kampa\" data-attachment-id=\"1032\" data-type=\"image\" class=\"fg-thumb\"><span class=\"fg-image-wrap\"><img decoding=\"async\" title=\"Anton\u00edn Kohout, Jabkenice, Ji\u0159\u00ed Nov\u00e1k, Lubom\u00edr Kosteck\u00fd, Milan \u0160kampa\" height=\"300\" width=\"413\" class=\"skip-lazy fg-image\" data-src-fg=\"https:\/\/www.smetanaquartet.com\/wp-content\/uploads\/cache\/2026\/02\/04_scan-26\/3958606344.jpg\" data-srcset-fg=\"https:\/\/www.smetanaquartet.com\/wp-content\/uploads\/cache\/2026\/02\/04_scan-26\/2327036358.jpg 2x\" src=\"data:image\/svg+xml,%3Csvg%20xmlns%3D%22http%3A%2F%2Fwww.w3.org%2F2000%2Fsvg%22%20width%3D%22413%22%20height%3D%22300%22%20viewBox%3D%220%200%20413%20300%22%3E%3C%2Fsvg%3E\" loading=\"eager\"><\/span><span class=\"fg-image-overlay\"><\/span><\/a><figcaption class=\"fg-caption\"><div class=\"fg-caption-inner\"><div class=\"fg-caption-title\">Anton\u00edn Kohout, Jabkenice, Ji\u0159\u00ed Nov\u00e1k, Lubom\u00edr Kosteck\u00fd, Milan \u0160kampa<\/div><\/div><\/figcaption><\/figure><div class=\"fg-loader\"><\/div><\/div><div class=\"fg-item fg-type-image fg-idle\"><figure class=\"fg-item-inner\"><a href=\"https:\/\/www.smetanaquartet.com\/wp-content\/uploads\/2026\/02\/04_scan-28.jpg\" data-caption-title=\"Anton\u00edn Kohout, Jabkenice, Ji\u0159\u00ed Nov\u00e1k, Lubom\u00edr Kosteck\u00fd, Milan \u0160kampa\" data-attachment-id=\"1033\" data-type=\"image\" class=\"fg-thumb\"><span class=\"fg-image-wrap\"><img decoding=\"async\" title=\"Anton\u00edn Kohout, Jabkenice, Ji\u0159\u00ed Nov\u00e1k, Lubom\u00edr Kosteck\u00fd, Milan \u0160kampa\" height=\"300\" width=\"415\" class=\"skip-lazy fg-image\" data-src-fg=\"https:\/\/www.smetanaquartet.com\/wp-content\/uploads\/cache\/2026\/02\/04_scan-28\/2803176891.jpg\" data-srcset-fg=\"https:\/\/www.smetanaquartet.com\/wp-content\/uploads\/cache\/2026\/02\/04_scan-28\/666029990.jpg 2x\" src=\"data:image\/svg+xml,%3Csvg%20xmlns%3D%22http%3A%2F%2Fwww.w3.org%2F2000%2Fsvg%22%20width%3D%22415%22%20height%3D%22300%22%20viewBox%3D%220%200%20415%20300%22%3E%3C%2Fsvg%3E\" loading=\"eager\"><\/span><span class=\"fg-image-overlay\"><\/span><\/a><figcaption class=\"fg-caption\"><div class=\"fg-caption-inner\"><div class=\"fg-caption-title\">Anton\u00edn Kohout, Jabkenice, Ji\u0159\u00ed Nov\u00e1k, Lubom\u00edr Kosteck\u00fd, Milan \u0160kampa<\/div><\/div><\/figcaption><\/figure><div class=\"fg-loader\"><\/div><\/div><div class=\"fg-item fg-type-image fg-idle\"><figure class=\"fg-item-inner\"><a href=\"https:\/\/www.smetanaquartet.com\/wp-content\/uploads\/2026\/02\/04_scan-30.jpg\" data-caption-title=\"Anton\u00edn Kohout, Jabkenice, Ji\u0159\u00ed Nov\u00e1k, Lubom\u00edr Kosteck\u00fd, Milan \u0160kampa\" data-attachment-id=\"1034\" data-type=\"image\" class=\"fg-thumb\"><span class=\"fg-image-wrap\"><img decoding=\"async\" title=\"Anton\u00edn Kohout, Jabkenice, Ji\u0159\u00ed Nov\u00e1k, Lubom\u00edr Kosteck\u00fd, Milan \u0160kampa\" height=\"300\" width=\"413\" class=\"skip-lazy fg-image\" data-src-fg=\"https:\/\/www.smetanaquartet.com\/wp-content\/uploads\/cache\/2026\/02\/04_scan-30\/922598539.jpg\" data-srcset-fg=\"https:\/\/www.smetanaquartet.com\/wp-content\/uploads\/cache\/2026\/02\/04_scan-30\/2012312024.jpg 2x\" src=\"data:image\/svg+xml,%3Csvg%20xmlns%3D%22http%3A%2F%2Fwww.w3.org%2F2000%2Fsvg%22%20width%3D%22413%22%20height%3D%22300%22%20viewBox%3D%220%200%20413%20300%22%3E%3C%2Fsvg%3E\" loading=\"eager\"><\/span><span class=\"fg-image-overlay\"><\/span><\/a><figcaption class=\"fg-caption\"><div class=\"fg-caption-inner\"><div class=\"fg-caption-title\">Anton\u00edn Kohout, Jabkenice, Ji\u0159\u00ed Nov\u00e1k, Lubom\u00edr Kosteck\u00fd, Milan \u0160kampa<\/div><\/div><\/figcaption><\/figure><div class=\"fg-loader\"><\/div><\/div><div class=\"fg-item fg-type-image fg-idle\"><figure class=\"fg-item-inner\"><a href=\"https:\/\/www.smetanaquartet.com\/wp-content\/uploads\/2026\/02\/06_Scan0025.jpg\" data-attachment-id=\"1035\" data-type=\"image\" class=\"fg-thumb\"><span class=\"fg-image-wrap\"><img decoding=\"async\" height=\"300\" width=\"413\" class=\"skip-lazy fg-image\" data-src-fg=\"https:\/\/www.smetanaquartet.com\/wp-content\/uploads\/cache\/2026\/02\/06_Scan0025\/1843741993.jpg\" data-srcset-fg=\"https:\/\/www.smetanaquartet.com\/wp-content\/uploads\/cache\/2026\/02\/06_Scan0025\/2680572330.jpg 2x\" src=\"data:image\/svg+xml,%3Csvg%20xmlns%3D%22http%3A%2F%2Fwww.w3.org%2F2000%2Fsvg%22%20width%3D%22413%22%20height%3D%22300%22%20viewBox%3D%220%200%20413%20300%22%3E%3C%2Fsvg%3E\" loading=\"eager\"><\/span><span class=\"fg-image-overlay\"><\/span><\/a><\/figure><div class=\"fg-loader\"><\/div><\/div><div class=\"fg-item fg-type-image fg-idle\"><figure class=\"fg-item-inner\"><a href=\"https:\/\/www.smetanaquartet.com\/wp-content\/uploads\/2026\/02\/06_Scan0026.jpg\" data-caption-title=\"Anton\u00edn Kohout, Ji\u0159\u00ed Nov\u00e1k, Lubom\u00edr Kosteck\u00fd, Milan \u0160kampa\" data-attachment-id=\"1036\" data-type=\"image\" class=\"fg-thumb\"><span class=\"fg-image-wrap\"><img decoding=\"async\" title=\"Anton\u00edn Kohout, Ji\u0159\u00ed Nov\u00e1k, Lubom\u00edr Kosteck\u00fd, Milan \u0160kampa\" height=\"300\" width=\"222\" class=\"skip-lazy fg-image\" data-src-fg=\"https:\/\/www.smetanaquartet.com\/wp-content\/uploads\/cache\/2026\/02\/06_Scan0026\/2536515014.jpg\" data-srcset-fg=\"https:\/\/www.smetanaquartet.com\/wp-content\/uploads\/cache\/2026\/02\/06_Scan0026\/2288944171.jpg 2x\" src=\"data:image\/svg+xml,%3Csvg%20xmlns%3D%22http%3A%2F%2Fwww.w3.org%2F2000%2Fsvg%22%20width%3D%22222%22%20height%3D%22300%22%20viewBox%3D%220%200%20222%20300%22%3E%3C%2Fsvg%3E\" loading=\"eager\"><\/span><span class=\"fg-image-overlay\"><\/span><\/a><figcaption class=\"fg-caption\"><div class=\"fg-caption-inner\"><div class=\"fg-caption-title\">Anton\u00edn Kohout, Ji\u0159\u00ed Nov\u00e1k, Lubom\u00edr Kosteck\u00fd, Milan \u0160kampa<\/div><\/div><\/figcaption><\/figure><div class=\"fg-loader\"><\/div><\/div><div class=\"fg-item fg-type-image fg-idle\"><figure class=\"fg-item-inner\"><a href=\"https:\/\/www.smetanaquartet.com\/wp-content\/uploads\/2026\/02\/06_Scan0027.jpg\" data-caption-title=\"Anton\u00edn Kohout, Milan \u0160kampa\" data-attachment-id=\"1037\" data-type=\"image\" class=\"fg-thumb\"><span class=\"fg-image-wrap\"><img decoding=\"async\" title=\"Anton\u00edn Kohout, Milan \u0160kampa\" height=\"300\" width=\"396\" class=\"skip-lazy fg-image\" data-src-fg=\"https:\/\/www.smetanaquartet.com\/wp-content\/uploads\/cache\/2026\/02\/06_Scan0027\/3246193251.jpg\" data-srcset-fg=\"https:\/\/www.smetanaquartet.com\/wp-content\/uploads\/cache\/2026\/02\/06_Scan0027\/711823937.jpg 2x\" src=\"data:image\/svg+xml,%3Csvg%20xmlns%3D%22http%3A%2F%2Fwww.w3.org%2F2000%2Fsvg%22%20width%3D%22396%22%20height%3D%22300%22%20viewBox%3D%220%200%20396%20300%22%3E%3C%2Fsvg%3E\" loading=\"eager\"><\/span><span class=\"fg-image-overlay\"><\/span><\/a><figcaption class=\"fg-caption\"><div class=\"fg-caption-inner\"><div class=\"fg-caption-title\">Anton\u00edn Kohout, Milan \u0160kampa<\/div><\/div><\/figcaption><\/figure><div class=\"fg-loader\"><\/div><\/div><div class=\"fg-item fg-type-image fg-idle\"><figure class=\"fg-item-inner\"><a href=\"https:\/\/www.smetanaquartet.com\/wp-content\/uploads\/2026\/02\/06_Scan0028.jpg\" data-attachment-id=\"1038\" data-type=\"image\" class=\"fg-thumb\"><span class=\"fg-image-wrap\"><img decoding=\"async\" height=\"300\" width=\"420\" class=\"skip-lazy fg-image\" data-src-fg=\"https:\/\/www.smetanaquartet.com\/wp-content\/uploads\/cache\/2026\/02\/06_Scan0028\/1713247666.jpg\" data-srcset-fg=\"https:\/\/www.smetanaquartet.com\/wp-content\/uploads\/cache\/2026\/02\/06_Scan0028\/1703061430.jpg 2x\" src=\"data:image\/svg+xml,%3Csvg%20xmlns%3D%22http%3A%2F%2Fwww.w3.org%2F2000%2Fsvg%22%20width%3D%22420%22%20height%3D%22300%22%20viewBox%3D%220%200%20420%20300%22%3E%3C%2Fsvg%3E\" loading=\"eager\"><\/span><span class=\"fg-image-overlay\"><\/span><\/a><\/figure><div class=\"fg-loader\"><\/div><\/div><div class=\"fg-item fg-type-image fg-idle\"><figure class=\"fg-item-inner\"><a href=\"https:\/\/www.smetanaquartet.com\/wp-content\/uploads\/2026\/02\/06_Scan0041.jpg\" data-caption-title=\"1998, Jaromil Jire\u0161, Ji\u0159\u00ed Nov\u00e1k\" data-attachment-id=\"1039\" data-type=\"image\" class=\"fg-thumb\"><span class=\"fg-image-wrap\"><img decoding=\"async\" title=\"1998, Jaromil Jire\u0161, Ji\u0159\u00ed Nov\u00e1k\" height=\"300\" width=\"429\" class=\"skip-lazy fg-image\" data-src-fg=\"https:\/\/www.smetanaquartet.com\/wp-content\/uploads\/cache\/2026\/02\/06_Scan0041\/2427299880.jpg\" data-srcset-fg=\"https:\/\/www.smetanaquartet.com\/wp-content\/uploads\/cache\/2026\/02\/06_Scan0041\/136120959.jpg 2x\" src=\"data:image\/svg+xml,%3Csvg%20xmlns%3D%22http%3A%2F%2Fwww.w3.org%2F2000%2Fsvg%22%20width%3D%22429%22%20height%3D%22300%22%20viewBox%3D%220%200%20429%20300%22%3E%3C%2Fsvg%3E\" loading=\"eager\"><\/span><span class=\"fg-image-overlay\"><\/span><\/a><figcaption class=\"fg-caption\"><div class=\"fg-caption-inner\"><div class=\"fg-caption-title\">1998, Jaromil Jire\u0161, Ji\u0159\u00ed Nov\u00e1k<\/div><\/div><\/figcaption><\/figure><div class=\"fg-loader\"><\/div><\/div><\/div>\n","protected":false},"excerpt":{"rendered":"","protected":false},"author":1,"featured_media":1035,"parent":47,"menu_order":0,"comment_status":"closed","ping_status":"closed","template":"","meta":{"footnotes":""},"class_list":["post-69","page","type-page","status-publish","has-post-thumbnail","hentry"],"_links":{"self":[{"href":"https:\/\/www.smetanaquartet.com\/en\/wp-json\/wp\/v2\/pages\/69","targetHints":{"allow":["GET"]}}],"collection":[{"href":"https:\/\/www.smetanaquartet.com\/en\/wp-json\/wp\/v2\/pages"}],"about":[{"href":"https:\/\/www.smetanaquartet.com\/en\/wp-json\/wp\/v2\/types\/page"}],"author":[{"embeddable":true,"href":"https:\/\/www.smetanaquartet.com\/en\/wp-json\/wp\/v2\/users\/1"}],"replies":[{"embeddable":true,"href":"https:\/\/www.smetanaquartet.com\/en\/wp-json\/wp\/v2\/comments?post=69"}],"version-history":[{"count":2,"href":"https:\/\/www.smetanaquartet.com\/en\/wp-json\/wp\/v2\/pages\/69\/revisions"}],"predecessor-version":[{"id":1288,"href":"https:\/\/www.smetanaquartet.com\/en\/wp-json\/wp\/v2\/pages\/69\/revisions\/1288"}],"up":[{"embeddable":true,"href":"https:\/\/www.smetanaquartet.com\/en\/wp-json\/wp\/v2\/pages\/47"}],"wp:featuredmedia":[{"embeddable":true,"href":"https:\/\/www.smetanaquartet.com\/en\/wp-json\/wp\/v2\/media\/1035"}],"wp:attachment":[{"href":"https:\/\/www.smetanaquartet.com\/en\/wp-json\/wp\/v2\/media?parent=69"}],"curies":[{"name":"wp","href":"https:\/\/api.w.org\/{rel}","templated":true}]}}