{"id":71,"date":"2026-01-19T10:00:26","date_gmt":"2026-01-19T10:00:26","guid":{"rendered":"https:\/\/www.smetanaquartet.com\/?page_id=71"},"modified":"2026-02-18T15:34:28","modified_gmt":"2026-02-18T15:34:28","slug":"friends-of-the-quartet","status":"publish","type":"page","link":"https:\/\/www.smetanaquartet.com\/en\/gallery\/friends-of-the-quartet\/","title":{"rendered":"Friends of the quartet"},"content":{"rendered":"<style type=\"text\/css\">\n#foogallery-gallery-1041.fg-justified .fg-item { margin-right: 2px; margin-bottom: 2px; }\n#foogallery-gallery-1041.fg-justified .fg-image { height: 200px; }<\/style>\n\t\t\t<div class=\"foogallery foogallery-container foogallery-justified foogallery-lightbox-foogallery fg-justified fg-ready fg-light fg-shadow-outline fg-loading-default fg-loaded-fade-in fg-caption-always fg-hover-fade fg-hover-zoom2\" id=\"foogallery-gallery-1041\" data-foogallery=\"{&quot;item&quot;:{&quot;showCaptionTitle&quot;:true,&quot;showCaptionDescription&quot;:false},&quot;lazy&quot;:true,&quot;template&quot;:{&quot;rowHeight&quot;:200,&quot;maxRowHeight&quot;:300,&quot;margins&quot;:2,&quot;align&quot;:&quot;center&quot;,&quot;lastRow&quot;:&quot;smart&quot;}}\" data-foogallery-lightbox=\"{&quot;thumbs&quot;:&quot;bottom&quot;,&quot;thumbsCaptions&quot;:false,&quot;thumbsBestFit&quot;:false,&quot;thumbsSmall&quot;:false,&quot;thumbsCaptionsAlign&quot;:&quot;default&quot;,&quot;info&quot;:&quot;bottom&quot;,&quot;infoVisible&quot;:true,&quot;infoOverlay&quot;:true,&quot;infoAlign&quot;:&quot;default&quot;,&quot;transition&quot;:&quot;fade&quot;,&quot;hoverButtons&quot;:false,&quot;fitMedia&quot;:false,&quot;noScrollbars&quot;:true,&quot;preserveButtonSpace&quot;:true,&quot;buttons&quot;:{&quot;fullscreen&quot;:true,&quot;info&quot;:true,&quot;thumbs&quot;:false},&quot;video&quot;:{&quot;autoPlay&quot;:true}}\" style=\"--fg-title-line-clamp: 1; --fg-description-line-clamp: 2;\" >\n\t<div class=\"fg-item fg-type-image fg-idle\"><figure class=\"fg-item-inner\"><a href=\"https:\/\/www.smetanaquartet.com\/wp-content\/uploads\/2026\/02\/01_Scan0026.jpg\" data-caption-title=\"Anton\u00edn Kohout, Ji\u0159\u00ed Nov\u00e1k, Josef Suk, Lubom\u00edr Kosteck\u00fd, Marie Kohoutov\u00e1, Milan \u0160kampa\" data-attachment-id=\"1044\" data-type=\"image\" class=\"fg-thumb\"><span class=\"fg-image-wrap\"><img fetchpriority=\"high\" decoding=\"async\" title=\"Anton\u00edn Kohout, Ji\u0159\u00ed Nov\u00e1k, Josef Suk, Lubom\u00edr Kosteck\u00fd, Marie Kohoutov\u00e1, Milan \u0160kampa\" height=\"300\" width=\"422\" class=\"skip-lazy fg-image\" data-src-fg=\"https:\/\/www.smetanaquartet.com\/wp-content\/uploads\/cache\/2026\/02\/01_Scan0026\/977250039.jpg\" data-srcset-fg=\"https:\/\/www.smetanaquartet.com\/wp-content\/uploads\/cache\/2026\/02\/01_Scan0026\/467818983.jpg 2x\" src=\"data:image\/svg+xml,%3Csvg%20xmlns%3D%22http%3A%2F%2Fwww.w3.org%2F2000%2Fsvg%22%20width%3D%22422%22%20height%3D%22300%22%20viewBox%3D%220%200%20422%20300%22%3E%3C%2Fsvg%3E\" loading=\"eager\"><\/span><span class=\"fg-image-overlay\"><\/span><\/a><figcaption class=\"fg-caption\"><div class=\"fg-caption-inner\"><div class=\"fg-caption-title\">Anton\u00edn Kohout, Ji\u0159\u00ed Nov\u00e1k, Josef Suk, Lubom\u00edr Kosteck\u00fd, Marie Kohoutov\u00e1, Milan \u0160kampa<\/div><\/div><\/figcaption><\/figure><div class=\"fg-loader\"><\/div><\/div><div class=\"fg-item fg-type-image fg-idle\"><figure class=\"fg-item-inner\"><a href=\"https:\/\/www.smetanaquartet.com\/wp-content\/uploads\/2026\/02\/01_Scan0033.jpg\" data-caption-title=\"Anton\u00edn Kohout, Ctirad Kohoutek, Ji\u0159\u00ed Nov\u00e1k, Lubom\u00edr Kosteck\u00fd, Milan \u0160kampa\" data-attachment-id=\"1045\" data-type=\"image\" class=\"fg-thumb\"><span class=\"fg-image-wrap\"><img decoding=\"async\" title=\"Anton\u00edn Kohout, Ctirad Kohoutek, Ji\u0159\u00ed Nov\u00e1k, Lubom\u00edr Kosteck\u00fd, Milan \u0160kampa\" height=\"300\" width=\"420\" class=\"skip-lazy fg-image\" data-src-fg=\"https:\/\/www.smetanaquartet.com\/wp-content\/uploads\/cache\/2026\/02\/01_Scan0033\/4282541035.jpg\" data-srcset-fg=\"https:\/\/www.smetanaquartet.com\/wp-content\/uploads\/cache\/2026\/02\/01_Scan0033\/4242461167.jpg 2x\" src=\"data:image\/svg+xml,%3Csvg%20xmlns%3D%22http%3A%2F%2Fwww.w3.org%2F2000%2Fsvg%22%20width%3D%22420%22%20height%3D%22300%22%20viewBox%3D%220%200%20420%20300%22%3E%3C%2Fsvg%3E\" loading=\"eager\"><\/span><span class=\"fg-image-overlay\"><\/span><\/a><figcaption class=\"fg-caption\"><div class=\"fg-caption-inner\"><div class=\"fg-caption-title\">Anton\u00edn Kohout, Ctirad Kohoutek, Ji\u0159\u00ed Nov\u00e1k, Lubom\u00edr Kosteck\u00fd, Milan \u0160kampa<\/div><\/div><\/figcaption><\/figure><div class=\"fg-loader\"><\/div><\/div><div class=\"fg-item fg-type-image fg-idle\"><figure class=\"fg-item-inner\"><a href=\"https:\/\/www.smetanaquartet.com\/wp-content\/uploads\/2026\/02\/01_Scan0034.jpg\" data-caption-title=\"Anton\u00edn Kohout, Ji\u0159\u00ed Nov\u00e1k, Josef P\u00e1len\u00ed\u010dek, Lubom\u00edr Kosteck\u00fd, Milan \u0160kampa\" data-attachment-id=\"1046\" data-type=\"image\" class=\"fg-thumb\"><span class=\"fg-image-wrap\"><img decoding=\"async\" title=\"Anton\u00edn Kohout, Ji\u0159\u00ed Nov\u00e1k, Josef P\u00e1len\u00ed\u010dek, Lubom\u00edr Kosteck\u00fd, Milan \u0160kampa\" height=\"300\" width=\"450\" class=\"skip-lazy fg-image\" data-src-fg=\"https:\/\/www.smetanaquartet.com\/wp-content\/uploads\/cache\/2026\/02\/01_Scan0034\/2178747902.jpg\" data-srcset-fg=\"https:\/\/www.smetanaquartet.com\/wp-content\/uploads\/cache\/2026\/02\/01_Scan0034\/3951180822.jpg 2x\" src=\"data:image\/svg+xml,%3Csvg%20xmlns%3D%22http%3A%2F%2Fwww.w3.org%2F2000%2Fsvg%22%20width%3D%22450%22%20height%3D%22300%22%20viewBox%3D%220%200%20450%20300%22%3E%3C%2Fsvg%3E\" loading=\"eager\"><\/span><span class=\"fg-image-overlay\"><\/span><\/a><figcaption class=\"fg-caption\"><div class=\"fg-caption-inner\"><div class=\"fg-caption-title\">Anton\u00edn Kohout, Ji\u0159\u00ed Nov\u00e1k, Josef P\u00e1len\u00ed\u010dek, Lubom\u00edr Kosteck\u00fd, Milan \u0160kampa<\/div><\/div><\/figcaption><\/figure><div class=\"fg-loader\"><\/div><\/div><div class=\"fg-item fg-type-image fg-idle\"><figure class=\"fg-item-inner\"><a href=\"https:\/\/www.smetanaquartet.com\/wp-content\/uploads\/2026\/02\/01_Scan0035.jpg\" data-caption-title=\"Bohuslav Matou\u0161ek, Jaroslav Pekelsk\u00fd, Ji\u0159\u00ed Nov\u00e1k, V\u00e1clav Sn\u00edtil\" data-attachment-id=\"1047\" data-type=\"image\" class=\"fg-thumb\"><span class=\"fg-image-wrap\"><img decoding=\"async\" title=\"Bohuslav Matou\u0161ek, Jaroslav Pekelsk\u00fd, Ji\u0159\u00ed Nov\u00e1k, V\u00e1clav Sn\u00edtil\" height=\"300\" width=\"574\" class=\"skip-lazy fg-image\" data-src-fg=\"https:\/\/www.smetanaquartet.com\/wp-content\/uploads\/cache\/2026\/02\/01_Scan0035\/3616658011.jpg\" data-srcset-fg=\"https:\/\/www.smetanaquartet.com\/wp-content\/uploads\/cache\/2026\/02\/01_Scan0035\/811460018.jpg 2x\" src=\"data:image\/svg+xml,%3Csvg%20xmlns%3D%22http%3A%2F%2Fwww.w3.org%2F2000%2Fsvg%22%20width%3D%22574%22%20height%3D%22300%22%20viewBox%3D%220%200%20574%20300%22%3E%3C%2Fsvg%3E\" loading=\"eager\"><\/span><span class=\"fg-image-overlay\"><\/span><\/a><figcaption class=\"fg-caption\"><div class=\"fg-caption-inner\"><div class=\"fg-caption-title\">Bohuslav Matou\u0161ek, Jaroslav Pekelsk\u00fd, Ji\u0159\u00ed Nov\u00e1k, V\u00e1clav Sn\u00edtil<\/div><\/div><\/figcaption><\/figure><div class=\"fg-loader\"><\/div><\/div><div class=\"fg-item fg-type-image fg-idle\"><figure class=\"fg-item-inner\"><a href=\"https:\/\/www.smetanaquartet.com\/wp-content\/uploads\/2026\/02\/01_Scan0036.jpg\" data-caption-title=\"Anton\u00edn Kohout, Brno, Jan\u00e1\u010dkovo kvarteto, Ji\u0159\u00ed Nov\u00e1k, Lubom\u00edr Kosteck\u00fd, Milan \u0160kampa\" data-attachment-id=\"1048\" data-type=\"image\" class=\"fg-thumb\"><span class=\"fg-image-wrap\"><img decoding=\"async\" title=\"Anton\u00edn Kohout, Brno, Jan\u00e1\u010dkovo kvarteto, Ji\u0159\u00ed Nov\u00e1k, Lubom\u00edr Kosteck\u00fd, Milan \u0160kampa\" height=\"300\" width=\"473\" class=\"skip-lazy fg-image\" data-src-fg=\"https:\/\/www.smetanaquartet.com\/wp-content\/uploads\/cache\/2026\/02\/01_Scan0036\/660351173.jpg\" data-srcset-fg=\"https:\/\/www.smetanaquartet.com\/wp-content\/uploads\/cache\/2026\/02\/01_Scan0036\/1590237360.jpg 2x\" src=\"data:image\/svg+xml,%3Csvg%20xmlns%3D%22http%3A%2F%2Fwww.w3.org%2F2000%2Fsvg%22%20width%3D%22473%22%20height%3D%22300%22%20viewBox%3D%220%200%20473%20300%22%3E%3C%2Fsvg%3E\" loading=\"eager\"><\/span><span class=\"fg-image-overlay\"><\/span><\/a><figcaption class=\"fg-caption\"><div class=\"fg-caption-inner\"><div class=\"fg-caption-title\">Anton\u00edn Kohout, Brno, Jan\u00e1\u010dkovo kvarteto, Ji\u0159\u00ed Nov\u00e1k, Lubom\u00edr Kosteck\u00fd, Milan \u0160kampa<\/div><\/div><\/figcaption><\/figure><div class=\"fg-loader\"><\/div><\/div><div class=\"fg-item fg-type-image fg-idle\"><figure class=\"fg-item-inner\"><a href=\"https:\/\/www.smetanaquartet.com\/wp-content\/uploads\/2026\/02\/01_Scan0037.jpg\" data-caption-title=\"Anton\u00edn Kohout, Brno, Jan\u00e1\u010dkovo kvarteto, Ji\u0159\u00ed Nov\u00e1k, Lubom\u00edr Kosteck\u00fd, Milan \u0160kampa\" data-attachment-id=\"1049\" data-type=\"image\" class=\"fg-thumb\"><span class=\"fg-image-wrap\"><img decoding=\"async\" title=\"Anton\u00edn Kohout, Brno, Jan\u00e1\u010dkovo kvarteto, Ji\u0159\u00ed Nov\u00e1k, Lubom\u00edr Kosteck\u00fd, Milan \u0160kampa\" height=\"300\" width=\"441\" class=\"skip-lazy fg-image\" data-src-fg=\"https:\/\/www.smetanaquartet.com\/wp-content\/uploads\/cache\/2026\/02\/01_Scan0037\/1896937312.jpg\" data-srcset-fg=\"https:\/\/www.smetanaquartet.com\/wp-content\/uploads\/cache\/2026\/02\/01_Scan0037\/3185847959.jpg 2x\" src=\"data:image\/svg+xml,%3Csvg%20xmlns%3D%22http%3A%2F%2Fwww.w3.org%2F2000%2Fsvg%22%20width%3D%22441%22%20height%3D%22300%22%20viewBox%3D%220%200%20441%20300%22%3E%3C%2Fsvg%3E\" loading=\"eager\"><\/span><span class=\"fg-image-overlay\"><\/span><\/a><figcaption class=\"fg-caption\"><div class=\"fg-caption-inner\"><div class=\"fg-caption-title\">Anton\u00edn Kohout, Brno, Jan\u00e1\u010dkovo kvarteto, Ji\u0159\u00ed Nov\u00e1k, Lubom\u00edr Kosteck\u00fd, Milan \u0160kampa<\/div><\/div><\/figcaption><\/figure><div class=\"fg-loader\"><\/div><\/div><div class=\"fg-item fg-type-image fg-idle\"><figure class=\"fg-item-inner\"><a href=\"https:\/\/www.smetanaquartet.com\/wp-content\/uploads\/2026\/02\/01_Scan0038.jpg\" data-caption-title=\"Anton\u00edn Kohout, Jan\u00e1\u010dkovo kvarteto, Ji\u0159\u00ed Nov\u00e1k, Lubom\u00edr Kosteck\u00fd, Milan \u0160kampa\" data-attachment-id=\"1050\" data-type=\"image\" class=\"fg-thumb\"><span class=\"fg-image-wrap\"><img decoding=\"async\" title=\"Anton\u00edn Kohout, Jan\u00e1\u010dkovo kvarteto, Ji\u0159\u00ed Nov\u00e1k, Lubom\u00edr Kosteck\u00fd, Milan \u0160kampa\" height=\"300\" width=\"402\" class=\"skip-lazy fg-image\" data-src-fg=\"https:\/\/www.smetanaquartet.com\/wp-content\/uploads\/cache\/2026\/02\/01_Scan0038\/2404899154.jpg\" data-srcset-fg=\"https:\/\/www.smetanaquartet.com\/wp-content\/uploads\/cache\/2026\/02\/01_Scan0038\/3175098335.jpg 2x\" src=\"data:image\/svg+xml,%3Csvg%20xmlns%3D%22http%3A%2F%2Fwww.w3.org%2F2000%2Fsvg%22%20width%3D%22402%22%20height%3D%22300%22%20viewBox%3D%220%200%20402%20300%22%3E%3C%2Fsvg%3E\" loading=\"eager\"><\/span><span class=\"fg-image-overlay\"><\/span><\/a><figcaption class=\"fg-caption\"><div class=\"fg-caption-inner\"><div class=\"fg-caption-title\">Anton\u00edn Kohout, Jan\u00e1\u010dkovo kvarteto, Ji\u0159\u00ed Nov\u00e1k, Lubom\u00edr Kosteck\u00fd, Milan \u0160kampa<\/div><\/div><\/figcaption><\/figure><div class=\"fg-loader\"><\/div><\/div><div class=\"fg-item fg-type-image fg-idle\"><figure class=\"fg-item-inner\"><a href=\"https:\/\/www.smetanaquartet.com\/wp-content\/uploads\/2026\/02\/04_1987-2.jpg\" data-caption-title=\"Eva Panenkov\u00e1, Graham Melville Mason, Jan Panenka, Ji\u0159\u00ed Nov\u00e1k, Milan \u0160kampa\" data-attachment-id=\"1051\" data-type=\"image\" class=\"fg-thumb\"><span class=\"fg-image-wrap\"><img decoding=\"async\" title=\"Eva Panenkov\u00e1, Graham Melville Mason, Jan Panenka, Ji\u0159\u00ed Nov\u00e1k, Milan \u0160kampa\" height=\"300\" width=\"423\" class=\"skip-lazy fg-image\" data-src-fg=\"https:\/\/www.smetanaquartet.com\/wp-content\/uploads\/cache\/2026\/02\/04_1987-2\/499051721.jpg\" data-srcset-fg=\"https:\/\/www.smetanaquartet.com\/wp-content\/uploads\/cache\/2026\/02\/04_1987-2\/1457486512.jpg 2x\" src=\"data:image\/svg+xml,%3Csvg%20xmlns%3D%22http%3A%2F%2Fwww.w3.org%2F2000%2Fsvg%22%20width%3D%22423%22%20height%3D%22300%22%20viewBox%3D%220%200%20423%20300%22%3E%3C%2Fsvg%3E\" loading=\"eager\"><\/span><span class=\"fg-image-overlay\"><\/span><\/a><figcaption class=\"fg-caption\"><div class=\"fg-caption-inner\"><div class=\"fg-caption-title\">Eva Panenkov\u00e1, Graham Melville Mason, Jan Panenka, Ji\u0159\u00ed Nov\u00e1k, Milan \u0160kampa<\/div><\/div><\/figcaption><\/figure><div class=\"fg-loader\"><\/div><\/div><div class=\"fg-item fg-type-image fg-idle\"><figure class=\"fg-item-inner\"><a href=\"https:\/\/www.smetanaquartet.com\/wp-content\/uploads\/2026\/02\/04_1987-4.jpg\" data-caption-title=\"Graham Melville Mason, Milan \u0160kampa\" data-attachment-id=\"1052\" data-type=\"image\" class=\"fg-thumb\"><span class=\"fg-image-wrap\"><img decoding=\"async\" title=\"Graham Melville Mason, Milan \u0160kampa\" height=\"300\" width=\"424\" class=\"skip-lazy fg-image\" data-src-fg=\"https:\/\/www.smetanaquartet.com\/wp-content\/uploads\/cache\/2026\/02\/04_1987-4\/1618041227.jpg\" data-srcset-fg=\"https:\/\/www.smetanaquartet.com\/wp-content\/uploads\/cache\/2026\/02\/04_1987-4\/3256419513.jpg 2x\" src=\"data:image\/svg+xml,%3Csvg%20xmlns%3D%22http%3A%2F%2Fwww.w3.org%2F2000%2Fsvg%22%20width%3D%22424%22%20height%3D%22300%22%20viewBox%3D%220%200%20424%20300%22%3E%3C%2Fsvg%3E\" loading=\"eager\"><\/span><span class=\"fg-image-overlay\"><\/span><\/a><figcaption class=\"fg-caption\"><div class=\"fg-caption-inner\"><div class=\"fg-caption-title\">Graham Melville Mason, Milan \u0160kampa<\/div><\/div><\/figcaption><\/figure><div class=\"fg-loader\"><\/div><\/div><div class=\"fg-item fg-type-image fg-idle\"><figure class=\"fg-item-inner\"><a href=\"https:\/\/www.smetanaquartet.com\/wp-content\/uploads\/2026\/02\/04_1987-6.jpg\" data-caption-title=\"Graham Melville Mason, Jarmila \u0160kampov\u00e1\" data-attachment-id=\"1053\" data-type=\"image\" class=\"fg-thumb\"><span class=\"fg-image-wrap\"><img decoding=\"async\" title=\"Graham Melville Mason, Jarmila \u0160kampov\u00e1\" height=\"300\" width=\"420\" class=\"skip-lazy fg-image\" data-src-fg=\"https:\/\/www.smetanaquartet.com\/wp-content\/uploads\/cache\/2026\/02\/04_1987-6\/4259629194.jpg\" data-srcset-fg=\"https:\/\/www.smetanaquartet.com\/wp-content\/uploads\/cache\/2026\/02\/04_1987-6\/3548392556.jpg 2x\" src=\"data:image\/svg+xml,%3Csvg%20xmlns%3D%22http%3A%2F%2Fwww.w3.org%2F2000%2Fsvg%22%20width%3D%22420%22%20height%3D%22300%22%20viewBox%3D%220%200%20420%20300%22%3E%3C%2Fsvg%3E\" loading=\"eager\"><\/span><span class=\"fg-image-overlay\"><\/span><\/a><figcaption class=\"fg-caption\"><div class=\"fg-caption-inner\"><div class=\"fg-caption-title\">Graham Melville Mason, Jarmila \u0160kampov\u00e1<\/div><\/div><\/figcaption><\/figure><div class=\"fg-loader\"><\/div><\/div><div class=\"fg-item fg-type-image fg-idle\"><figure class=\"fg-item-inner\"><a href=\"https:\/\/www.smetanaquartet.com\/wp-content\/uploads\/2026\/02\/04_scan-34.jpg\" data-caption-title=\"Anton\u00edn Kohout, Jan\u00e1\u010dkovo kvarteto, Ji\u0159\u00ed Nov\u00e1k, Lubom\u00edr Kosteck\u00fd, Milan \u0160kampa\" data-attachment-id=\"1054\" data-type=\"image\" class=\"fg-thumb\"><span class=\"fg-image-wrap\"><img decoding=\"async\" title=\"Anton\u00edn Kohout, Jan\u00e1\u010dkovo kvarteto, Ji\u0159\u00ed Nov\u00e1k, Lubom\u00edr Kosteck\u00fd, Milan \u0160kampa\" height=\"300\" width=\"458\" class=\"skip-lazy fg-image\" data-src-fg=\"https:\/\/www.smetanaquartet.com\/wp-content\/uploads\/cache\/2026\/02\/04_scan-34\/259717463.jpg\" data-srcset-fg=\"https:\/\/www.smetanaquartet.com\/wp-content\/uploads\/cache\/2026\/02\/04_scan-34\/168115427.jpg 2x\" src=\"data:image\/svg+xml,%3Csvg%20xmlns%3D%22http%3A%2F%2Fwww.w3.org%2F2000%2Fsvg%22%20width%3D%22458%22%20height%3D%22300%22%20viewBox%3D%220%200%20458%20300%22%3E%3C%2Fsvg%3E\" loading=\"eager\"><\/span><span class=\"fg-image-overlay\"><\/span><\/a><figcaption class=\"fg-caption\"><div class=\"fg-caption-inner\"><div class=\"fg-caption-title\">Anton\u00edn Kohout, Jan\u00e1\u010dkovo kvarteto, Ji\u0159\u00ed Nov\u00e1k, Lubom\u00edr Kosteck\u00fd, Milan \u0160kampa<\/div><\/div><\/figcaption><\/figure><div class=\"fg-loader\"><\/div><\/div><div class=\"fg-item fg-type-image fg-idle\"><figure class=\"fg-item-inner\"><a href=\"https:\/\/www.smetanaquartet.com\/wp-content\/uploads\/2026\/02\/04_scan-36.jpg\" data-caption-title=\"Anton\u00edn Kohout, Jan\u00e1\u010dkovo kvarteto, Ji\u0159\u00ed Nov\u00e1k, Lubom\u00edr Kosteck\u00fd, Milan \u0160kampa\" data-attachment-id=\"1055\" data-type=\"image\" class=\"fg-thumb\"><span class=\"fg-image-wrap\"><img decoding=\"async\" title=\"Anton\u00edn Kohout, Jan\u00e1\u010dkovo kvarteto, Ji\u0159\u00ed Nov\u00e1k, Lubom\u00edr Kosteck\u00fd, Milan \u0160kampa\" height=\"300\" width=\"400\" class=\"skip-lazy fg-image\" data-src-fg=\"https:\/\/www.smetanaquartet.com\/wp-content\/uploads\/cache\/2026\/02\/04_scan-36\/338916267.jpg\" data-srcset-fg=\"https:\/\/www.smetanaquartet.com\/wp-content\/uploads\/cache\/2026\/02\/04_scan-36\/2604142781.jpg 2x\" src=\"data:image\/svg+xml,%3Csvg%20xmlns%3D%22http%3A%2F%2Fwww.w3.org%2F2000%2Fsvg%22%20width%3D%22400%22%20height%3D%22300%22%20viewBox%3D%220%200%20400%20300%22%3E%3C%2Fsvg%3E\" loading=\"eager\"><\/span><span class=\"fg-image-overlay\"><\/span><\/a><figcaption class=\"fg-caption\"><div class=\"fg-caption-inner\"><div class=\"fg-caption-title\">Anton\u00edn Kohout, Jan\u00e1\u010dkovo kvarteto, Ji\u0159\u00ed Nov\u00e1k, Lubom\u00edr Kosteck\u00fd, Milan \u0160kampa<\/div><\/div><\/figcaption><\/figure><div class=\"fg-loader\"><\/div><\/div><div class=\"fg-item fg-type-image fg-idle\"><figure class=\"fg-item-inner\"><a href=\"https:\/\/www.smetanaquartet.com\/wp-content\/uploads\/2026\/02\/04_scan-46.jpg\" data-caption-title=\"Jan\u00e1\u010dkovo kvarteto, Ji\u0159\u00ed Nov\u00e1k, Ji\u0159\u00ed Tr\u00e1vn\u00ed\u010dek\" data-attachment-id=\"1056\" data-type=\"image\" class=\"fg-thumb\"><span class=\"fg-image-wrap\"><img decoding=\"async\" title=\"Jan\u00e1\u010dkovo kvarteto, Ji\u0159\u00ed Nov\u00e1k, Ji\u0159\u00ed Tr\u00e1vn\u00ed\u010dek\" height=\"300\" width=\"212\" class=\"skip-lazy fg-image\" data-src-fg=\"https:\/\/www.smetanaquartet.com\/wp-content\/uploads\/cache\/2026\/02\/04_scan-46\/2615642337.jpg\" data-srcset-fg=\"https:\/\/www.smetanaquartet.com\/wp-content\/uploads\/cache\/2026\/02\/04_scan-46\/1461184754.jpg 2x\" src=\"data:image\/svg+xml,%3Csvg%20xmlns%3D%22http%3A%2F%2Fwww.w3.org%2F2000%2Fsvg%22%20width%3D%22212%22%20height%3D%22300%22%20viewBox%3D%220%200%20212%20300%22%3E%3C%2Fsvg%3E\" loading=\"eager\"><\/span><span class=\"fg-image-overlay\"><\/span><\/a><figcaption class=\"fg-caption\"><div class=\"fg-caption-inner\"><div class=\"fg-caption-title\">Jan\u00e1\u010dkovo kvarteto, Ji\u0159\u00ed Nov\u00e1k, Ji\u0159\u00ed Tr\u00e1vn\u00ed\u010dek<\/div><\/div><\/figcaption><\/figure><div class=\"fg-loader\"><\/div><\/div><div class=\"fg-item fg-type-image fg-idle\"><figure class=\"fg-item-inner\"><a href=\"https:\/\/www.smetanaquartet.com\/wp-content\/uploads\/2026\/02\/04_scan-48.jpg\" data-caption-title=\"Jan\u00e1\u010dkovo kvarteto, Ji\u0159\u00ed Nov\u00e1k, Lubom\u00edr Kosteck\u00fd, Milan \u0160kampa\" data-attachment-id=\"1057\" data-type=\"image\" class=\"fg-thumb\"><span class=\"fg-image-wrap\"><img decoding=\"async\" title=\"Jan\u00e1\u010dkovo kvarteto, Ji\u0159\u00ed Nov\u00e1k, Lubom\u00edr Kosteck\u00fd, Milan \u0160kampa\" height=\"300\" width=\"401\" class=\"skip-lazy fg-image\" data-src-fg=\"https:\/\/www.smetanaquartet.com\/wp-content\/uploads\/cache\/2026\/02\/04_scan-48\/3607172946.jpg\" data-srcset-fg=\"https:\/\/www.smetanaquartet.com\/wp-content\/uploads\/cache\/2026\/02\/04_scan-48\/1477080132.jpg 2x\" src=\"data:image\/svg+xml,%3Csvg%20xmlns%3D%22http%3A%2F%2Fwww.w3.org%2F2000%2Fsvg%22%20width%3D%22401%22%20height%3D%22300%22%20viewBox%3D%220%200%20401%20300%22%3E%3C%2Fsvg%3E\" loading=\"eager\"><\/span><span class=\"fg-image-overlay\"><\/span><\/a><figcaption class=\"fg-caption\"><div class=\"fg-caption-inner\"><div class=\"fg-caption-title\">Jan\u00e1\u010dkovo kvarteto, Ji\u0159\u00ed Nov\u00e1k, Lubom\u00edr Kosteck\u00fd, Milan \u0160kampa<\/div><\/div><\/figcaption><\/figure><div class=\"fg-loader\"><\/div><\/div><div class=\"fg-item fg-type-image fg-idle\"><figure class=\"fg-item-inner\"><a href=\"https:\/\/www.smetanaquartet.com\/wp-content\/uploads\/2026\/02\/04_scan-72.jpg\" data-caption-title=\"Josef Micka\" data-attachment-id=\"1058\" data-type=\"image\" class=\"fg-thumb\"><span class=\"fg-image-wrap\"><img decoding=\"async\" title=\"Josef Micka\" height=\"300\" width=\"212\" class=\"skip-lazy fg-image\" data-src-fg=\"https:\/\/www.smetanaquartet.com\/wp-content\/uploads\/cache\/2026\/02\/04_scan-72\/2362308434.jpg\" data-srcset-fg=\"https:\/\/www.smetanaquartet.com\/wp-content\/uploads\/cache\/2026\/02\/04_scan-72\/1077778241.jpg 2x\" src=\"data:image\/svg+xml,%3Csvg%20xmlns%3D%22http%3A%2F%2Fwww.w3.org%2F2000%2Fsvg%22%20width%3D%22212%22%20height%3D%22300%22%20viewBox%3D%220%200%20212%20300%22%3E%3C%2Fsvg%3E\" loading=\"eager\"><\/span><span class=\"fg-image-overlay\"><\/span><\/a><figcaption class=\"fg-caption\"><div class=\"fg-caption-inner\"><div class=\"fg-caption-title\">Josef Micka<\/div><\/div><\/figcaption><\/figure><div class=\"fg-loader\"><\/div><\/div><div class=\"fg-item fg-type-image fg-idle\"><figure class=\"fg-item-inner\"><a href=\"https:\/\/www.smetanaquartet.com\/wp-content\/uploads\/2026\/02\/06_Scan0020.jpg\" data-caption-title=\"Anton\u00edn Kohout, Eduard Herzog, Vladim\u00edr \u0160efl\" data-attachment-id=\"1059\" data-type=\"image\" class=\"fg-thumb\"><span class=\"fg-image-wrap\"><img decoding=\"async\" title=\"Anton\u00edn Kohout, Eduard Herzog, Vladim\u00edr \u0160efl\" height=\"300\" width=\"448\" class=\"skip-lazy fg-image\" data-src-fg=\"https:\/\/www.smetanaquartet.com\/wp-content\/uploads\/cache\/2026\/02\/06_Scan0020\/4256012682.jpg\" data-srcset-fg=\"https:\/\/www.smetanaquartet.com\/wp-content\/uploads\/cache\/2026\/02\/06_Scan0020\/428989114.jpg 2x\" src=\"data:image\/svg+xml,%3Csvg%20xmlns%3D%22http%3A%2F%2Fwww.w3.org%2F2000%2Fsvg%22%20width%3D%22448%22%20height%3D%22300%22%20viewBox%3D%220%200%20448%20300%22%3E%3C%2Fsvg%3E\" loading=\"eager\"><\/span><span class=\"fg-image-overlay\"><\/span><\/a><figcaption class=\"fg-caption\"><div class=\"fg-caption-inner\"><div class=\"fg-caption-title\">Anton\u00edn Kohout, Eduard Herzog, Vladim\u00edr \u0160efl<\/div><\/div><\/figcaption><\/figure><div class=\"fg-loader\"><\/div><\/div><div class=\"fg-item fg-type-image fg-idle\"><figure class=\"fg-item-inner\"><a href=\"https:\/\/www.smetanaquartet.com\/wp-content\/uploads\/2026\/02\/06_Scan0021.jpg\" data-caption-title=\"Josef P\u00e1len\u00ed\u010dek, Miloslav Kulhan\" data-attachment-id=\"1060\" data-type=\"image\" class=\"fg-thumb\"><span class=\"fg-image-wrap\"><img decoding=\"async\" title=\"Josef P\u00e1len\u00ed\u010dek, Miloslav Kulhan\" height=\"300\" width=\"411\" class=\"skip-lazy fg-image\" data-src-fg=\"https:\/\/www.smetanaquartet.com\/wp-content\/uploads\/cache\/2026\/02\/06_Scan0021\/2922626109.jpg\" data-srcset-fg=\"https:\/\/www.smetanaquartet.com\/wp-content\/uploads\/cache\/2026\/02\/06_Scan0021\/2589782017.jpg 2x\" src=\"data:image\/svg+xml,%3Csvg%20xmlns%3D%22http%3A%2F%2Fwww.w3.org%2F2000%2Fsvg%22%20width%3D%22411%22%20height%3D%22300%22%20viewBox%3D%220%200%20411%20300%22%3E%3C%2Fsvg%3E\" loading=\"eager\"><\/span><span class=\"fg-image-overlay\"><\/span><\/a><figcaption class=\"fg-caption\"><div class=\"fg-caption-inner\"><div class=\"fg-caption-title\">Josef P\u00e1len\u00ed\u010dek, Miloslav Kulhan<\/div><\/div><\/figcaption><\/figure><div class=\"fg-loader\"><\/div><\/div><\/div>\n","protected":false},"excerpt":{"rendered":"","protected":false},"author":1,"featured_media":1054,"parent":47,"menu_order":0,"comment_status":"closed","ping_status":"closed","template":"","meta":{"footnotes":""},"class_list":["post-71","page","type-page","status-publish","has-post-thumbnail","hentry"],"_links":{"self":[{"href":"https:\/\/www.smetanaquartet.com\/en\/wp-json\/wp\/v2\/pages\/71","targetHints":{"allow":["GET"]}}],"collection":[{"href":"https:\/\/www.smetanaquartet.com\/en\/wp-json\/wp\/v2\/pages"}],"about":[{"href":"https:\/\/www.smetanaquartet.com\/en\/wp-json\/wp\/v2\/types\/page"}],"author":[{"embeddable":true,"href":"https:\/\/www.smetanaquartet.com\/en\/wp-json\/wp\/v2\/users\/1"}],"replies":[{"embeddable":true,"href":"https:\/\/www.smetanaquartet.com\/en\/wp-json\/wp\/v2\/comments?post=71"}],"version-history":[{"count":2,"href":"https:\/\/www.smetanaquartet.com\/en\/wp-json\/wp\/v2\/pages\/71\/revisions"}],"predecessor-version":[{"id":1289,"href":"https:\/\/www.smetanaquartet.com\/en\/wp-json\/wp\/v2\/pages\/71\/revisions\/1289"}],"up":[{"embeddable":true,"href":"https:\/\/www.smetanaquartet.com\/en\/wp-json\/wp\/v2\/pages\/47"}],"wp:featuredmedia":[{"embeddable":true,"href":"https:\/\/www.smetanaquartet.com\/en\/wp-json\/wp\/v2\/media\/1054"}],"wp:attachment":[{"href":"https:\/\/www.smetanaquartet.com\/en\/wp-json\/wp\/v2\/media?parent=71"}],"curies":[{"name":"wp","href":"https:\/\/api.w.org\/{rel}","templated":true}]}}