{"id":75,"date":"2026-01-19T10:00:55","date_gmt":"2026-01-19T10:00:55","guid":{"rendered":"https:\/\/www.smetanaquartet.com\/?page_id=75"},"modified":"2026-02-18T15:34:31","modified_gmt":"2026-02-18T15:34:31","slug":"other-tours","status":"publish","type":"page","link":"https:\/\/www.smetanaquartet.com\/ja\/gallery\/other-tours\/","title":{"rendered":"\u305d\u306e\u4ed6\u306e\u30c4\u30a2\u30fc"},"content":{"rendered":"<style type=\"text\/css\">\n#foogallery-gallery-1043.fg-justified .fg-item { margin-right: 2px; margin-bottom: 2px; }\n#foogallery-gallery-1043.fg-justified .fg-image { height: 200px; }<\/style>\n\t\t\t<div class=\"foogallery foogallery-container foogallery-justified foogallery-lightbox-foogallery fg-justified fg-ready fg-light fg-shadow-outline fg-loading-default fg-loaded-fade-in fg-caption-always fg-hover-fade fg-hover-zoom2\" id=\"foogallery-gallery-1043\" data-foogallery=\"{&quot;item&quot;:{&quot;showCaptionTitle&quot;:true,&quot;showCaptionDescription&quot;:false},&quot;lazy&quot;:true,&quot;template&quot;:{&quot;rowHeight&quot;:200,&quot;maxRowHeight&quot;:300,&quot;margins&quot;:2,&quot;align&quot;:&quot;center&quot;,&quot;lastRow&quot;:&quot;smart&quot;}}\" data-foogallery-lightbox=\"{&quot;thumbs&quot;:&quot;bottom&quot;,&quot;thumbsCaptions&quot;:false,&quot;thumbsBestFit&quot;:false,&quot;thumbsSmall&quot;:false,&quot;thumbsCaptionsAlign&quot;:&quot;default&quot;,&quot;info&quot;:&quot;bottom&quot;,&quot;infoVisible&quot;:true,&quot;infoOverlay&quot;:true,&quot;infoAlign&quot;:&quot;default&quot;,&quot;transition&quot;:&quot;fade&quot;,&quot;hoverButtons&quot;:false,&quot;fitMedia&quot;:false,&quot;noScrollbars&quot;:true,&quot;preserveButtonSpace&quot;:true,&quot;buttons&quot;:{&quot;fullscreen&quot;:true,&quot;info&quot;:true,&quot;thumbs&quot;:false},&quot;video&quot;:{&quot;autoPlay&quot;:true}}\" style=\"--fg-title-line-clamp: 1; --fg-description-line-clamp: 2;\" >\n\t<div class=\"fg-item fg-type-image fg-idle\"><figure class=\"fg-item-inner\"><a href=\"https:\/\/www.smetanaquartet.com\/wp-content\/uploads\/2026\/02\/01_Scan0018-1.jpg\" data-caption-title=\"Ji\u0159\u00ed Nov\u00e1k, Milan \u0160kampa\" data-attachment-id=\"1065\" data-type=\"image\" class=\"fg-thumb\"><span class=\"fg-image-wrap\"><img fetchpriority=\"high\" decoding=\"async\" title=\"Ji\u0159\u00ed Nov\u00e1k, Milan \u0160kampa\" height=\"300\" width=\"214\" class=\"skip-lazy fg-image\" data-src-fg=\"https:\/\/www.smetanaquartet.com\/wp-content\/uploads\/cache\/2026\/02\/01_Scan0018-1\/4142055627.jpg\" data-srcset-fg=\"https:\/\/www.smetanaquartet.com\/wp-content\/uploads\/cache\/2026\/02\/01_Scan0018-1\/625176894.jpg 2x\" src=\"data:image\/svg+xml,%3Csvg%20xmlns%3D%22http%3A%2F%2Fwww.w3.org%2F2000%2Fsvg%22%20width%3D%22214%22%20height%3D%22300%22%20viewBox%3D%220%200%20214%20300%22%3E%3C%2Fsvg%3E\" loading=\"eager\"><\/span><span class=\"fg-image-overlay\"><\/span><\/a><figcaption class=\"fg-caption\"><div class=\"fg-caption-inner\"><div class=\"fg-caption-title\">Ji\u0159\u00ed Nov\u00e1k, Milan \u0160kampa<\/div><\/div><\/figcaption><\/figure><div class=\"fg-loader\"><\/div><\/div><div class=\"fg-item fg-type-image fg-idle\"><figure class=\"fg-item-inner\"><a href=\"https:\/\/www.smetanaquartet.com\/wp-content\/uploads\/2026\/02\/01_Scan0019.jpg\" data-caption-title=\"Anton\u00edn Kohout, Ji\u0159\u00ed Nov\u00e1k, Lubom\u00edr Kosteck\u00fd, Milan \u0160kampa\" data-attachment-id=\"1066\" data-type=\"image\" class=\"fg-thumb\"><span class=\"fg-image-wrap\"><img decoding=\"async\" title=\"Anton\u00edn Kohout, Ji\u0159\u00ed Nov\u00e1k, Lubom\u00edr Kosteck\u00fd, Milan \u0160kampa\" height=\"300\" width=\"411\" class=\"skip-lazy fg-image\" data-src-fg=\"https:\/\/www.smetanaquartet.com\/wp-content\/uploads\/cache\/2026\/02\/01_Scan0019\/2924221798.jpg\" data-srcset-fg=\"https:\/\/www.smetanaquartet.com\/wp-content\/uploads\/cache\/2026\/02\/01_Scan0019\/347994661.jpg 2x\" src=\"data:image\/svg+xml,%3Csvg%20xmlns%3D%22http%3A%2F%2Fwww.w3.org%2F2000%2Fsvg%22%20width%3D%22411%22%20height%3D%22300%22%20viewBox%3D%220%200%20411%20300%22%3E%3C%2Fsvg%3E\" loading=\"eager\"><\/span><span class=\"fg-image-overlay\"><\/span><\/a><figcaption class=\"fg-caption\"><div class=\"fg-caption-inner\"><div class=\"fg-caption-title\">Anton\u00edn Kohout, Ji\u0159\u00ed Nov\u00e1k, Lubom\u00edr Kosteck\u00fd, Milan \u0160kampa<\/div><\/div><\/figcaption><\/figure><div class=\"fg-loader\"><\/div><\/div><div class=\"fg-item fg-type-image fg-idle\"><figure class=\"fg-item-inner\"><a href=\"https:\/\/www.smetanaquartet.com\/wp-content\/uploads\/2026\/02\/01_Scan0020.jpg\" data-caption-title=\"Anton\u00edn Kohout, Ji\u0159\u00ed Nov\u00e1k, Lubom\u00edr Kosteck\u00fd, Milan \u0160kampa\" data-attachment-id=\"1067\" data-type=\"image\" class=\"fg-thumb\"><span class=\"fg-image-wrap\"><img decoding=\"async\" title=\"Anton\u00edn Kohout, Ji\u0159\u00ed Nov\u00e1k, Lubom\u00edr Kosteck\u00fd, Milan \u0160kampa\" height=\"300\" width=\"416\" class=\"skip-lazy fg-image\" data-src-fg=\"https:\/\/www.smetanaquartet.com\/wp-content\/uploads\/cache\/2026\/02\/01_Scan0020\/308866483.jpg\" data-srcset-fg=\"https:\/\/www.smetanaquartet.com\/wp-content\/uploads\/cache\/2026\/02\/01_Scan0020\/3364060151.jpg 2x\" src=\"data:image\/svg+xml,%3Csvg%20xmlns%3D%22http%3A%2F%2Fwww.w3.org%2F2000%2Fsvg%22%20width%3D%22416%22%20height%3D%22300%22%20viewBox%3D%220%200%20416%20300%22%3E%3C%2Fsvg%3E\" loading=\"eager\"><\/span><span class=\"fg-image-overlay\"><\/span><\/a><figcaption class=\"fg-caption\"><div class=\"fg-caption-inner\"><div class=\"fg-caption-title\">Anton\u00edn Kohout, Ji\u0159\u00ed Nov\u00e1k, Lubom\u00edr Kosteck\u00fd, Milan \u0160kampa<\/div><\/div><\/figcaption><\/figure><div class=\"fg-loader\"><\/div><\/div><div class=\"fg-item fg-type-image fg-idle\"><figure class=\"fg-item-inner\"><a href=\"https:\/\/www.smetanaquartet.com\/wp-content\/uploads\/2026\/02\/01_Scan0028.jpg\" data-caption-title=\"Anton\u00edn Kohout, Ji\u0159\u00ed Nov\u00e1k, Lubom\u00edr Kosteck\u00fd, Milan \u0160kampa\" data-attachment-id=\"1068\" data-type=\"image\" class=\"fg-thumb\"><span class=\"fg-image-wrap\"><img decoding=\"async\" title=\"Anton\u00edn Kohout, Ji\u0159\u00ed Nov\u00e1k, Lubom\u00edr Kosteck\u00fd, Milan \u0160kampa\" height=\"300\" width=\"418\" class=\"skip-lazy fg-image\" data-src-fg=\"https:\/\/www.smetanaquartet.com\/wp-content\/uploads\/cache\/2026\/02\/01_Scan0028\/3218017147.jpg\" data-srcset-fg=\"https:\/\/www.smetanaquartet.com\/wp-content\/uploads\/cache\/2026\/02\/01_Scan0028\/2741558656.jpg 2x\" src=\"data:image\/svg+xml,%3Csvg%20xmlns%3D%22http%3A%2F%2Fwww.w3.org%2F2000%2Fsvg%22%20width%3D%22418%22%20height%3D%22300%22%20viewBox%3D%220%200%20418%20300%22%3E%3C%2Fsvg%3E\" loading=\"eager\"><\/span><span class=\"fg-image-overlay\"><\/span><\/a><figcaption class=\"fg-caption\"><div class=\"fg-caption-inner\"><div class=\"fg-caption-title\">Anton\u00edn Kohout, Ji\u0159\u00ed Nov\u00e1k, Lubom\u00edr Kosteck\u00fd, Milan \u0160kampa<\/div><\/div><\/figcaption><\/figure><div class=\"fg-loader\"><\/div><\/div><div class=\"fg-item fg-type-image fg-idle\"><figure class=\"fg-item-inner\"><a href=\"https:\/\/www.smetanaquartet.com\/wp-content\/uploads\/2026\/02\/11_Scan0013.jpg\" data-caption-title=\"Anton\u00edn Kohout, Ji\u0159\u00ed Nov\u00e1k, Lubom\u00edr Kosteck\u00fd, Milan \u0160kampa\" data-attachment-id=\"1069\" data-type=\"image\" class=\"fg-thumb\"><span class=\"fg-image-wrap\"><img decoding=\"async\" title=\"Anton\u00edn Kohout, Ji\u0159\u00ed Nov\u00e1k, Lubom\u00edr Kosteck\u00fd, Milan \u0160kampa\" height=\"300\" width=\"406\" class=\"skip-lazy fg-image\" data-src-fg=\"https:\/\/www.smetanaquartet.com\/wp-content\/uploads\/cache\/2026\/02\/11_Scan0013\/2929476146.jpg\" data-srcset-fg=\"https:\/\/www.smetanaquartet.com\/wp-content\/uploads\/cache\/2026\/02\/11_Scan0013\/987596039.jpg 2x\" src=\"data:image\/svg+xml,%3Csvg%20xmlns%3D%22http%3A%2F%2Fwww.w3.org%2F2000%2Fsvg%22%20width%3D%22406%22%20height%3D%22300%22%20viewBox%3D%220%200%20406%20300%22%3E%3C%2Fsvg%3E\" loading=\"eager\"><\/span><span class=\"fg-image-overlay\"><\/span><\/a><figcaption class=\"fg-caption\"><div class=\"fg-caption-inner\"><div class=\"fg-caption-title\">Anton\u00edn Kohout, Ji\u0159\u00ed Nov\u00e1k, Lubom\u00edr Kosteck\u00fd, Milan \u0160kampa<\/div><\/div><\/figcaption><\/figure><div class=\"fg-loader\"><\/div><\/div><div class=\"fg-item fg-type-image fg-idle\"><figure class=\"fg-item-inner\"><a href=\"https:\/\/www.smetanaquartet.com\/wp-content\/uploads\/2026\/02\/11_Scan0014.jpg\" data-caption-title=\"Anton\u00edn Kohout, Ji\u0159\u00ed Nov\u00e1k, Lubom\u00edr Kosteck\u00fd, Milan \u0160kampa\" data-attachment-id=\"1070\" data-type=\"image\" class=\"fg-thumb\"><span class=\"fg-image-wrap\"><img decoding=\"async\" title=\"Anton\u00edn Kohout, Ji\u0159\u00ed Nov\u00e1k, Lubom\u00edr Kosteck\u00fd, Milan \u0160kampa\" height=\"300\" width=\"414\" class=\"skip-lazy fg-image\" data-src-fg=\"https:\/\/www.smetanaquartet.com\/wp-content\/uploads\/cache\/2026\/02\/11_Scan0014\/2201909173.jpg\" data-srcset-fg=\"https:\/\/www.smetanaquartet.com\/wp-content\/uploads\/cache\/2026\/02\/11_Scan0014\/3770203318.jpg 2x\" src=\"data:image\/svg+xml,%3Csvg%20xmlns%3D%22http%3A%2F%2Fwww.w3.org%2F2000%2Fsvg%22%20width%3D%22414%22%20height%3D%22300%22%20viewBox%3D%220%200%20414%20300%22%3E%3C%2Fsvg%3E\" loading=\"eager\"><\/span><span class=\"fg-image-overlay\"><\/span><\/a><figcaption class=\"fg-caption\"><div class=\"fg-caption-inner\"><div class=\"fg-caption-title\">Anton\u00edn Kohout, Ji\u0159\u00ed Nov\u00e1k, Lubom\u00edr Kosteck\u00fd, Milan \u0160kampa<\/div><\/div><\/figcaption><\/figure><div class=\"fg-loader\"><\/div><\/div><div class=\"fg-item fg-type-image fg-idle\"><figure class=\"fg-item-inner\"><a href=\"https:\/\/www.smetanaquartet.com\/wp-content\/uploads\/2026\/02\/11_Scan0017.jpg\" data-caption-title=\"Anton\u00edn Kohout, Ji\u0159\u00ed Nov\u00e1k, Lubom\u00edr Kosteck\u00fd, Milan \u0160kampa\" data-attachment-id=\"1071\" data-type=\"image\" class=\"fg-thumb\"><span class=\"fg-image-wrap\"><img decoding=\"async\" title=\"Anton\u00edn Kohout, Ji\u0159\u00ed Nov\u00e1k, Lubom\u00edr Kosteck\u00fd, Milan \u0160kampa\" height=\"300\" width=\"451\" class=\"skip-lazy fg-image\" data-src-fg=\"https:\/\/www.smetanaquartet.com\/wp-content\/uploads\/cache\/2026\/02\/11_Scan0017\/2539106157.jpg\" data-srcset-fg=\"https:\/\/www.smetanaquartet.com\/wp-content\/uploads\/cache\/2026\/02\/11_Scan0017\/4245200517.jpg 2x\" src=\"data:image\/svg+xml,%3Csvg%20xmlns%3D%22http%3A%2F%2Fwww.w3.org%2F2000%2Fsvg%22%20width%3D%22451%22%20height%3D%22300%22%20viewBox%3D%220%200%20451%20300%22%3E%3C%2Fsvg%3E\" loading=\"eager\"><\/span><span class=\"fg-image-overlay\"><\/span><\/a><figcaption class=\"fg-caption\"><div class=\"fg-caption-inner\"><div class=\"fg-caption-title\">Anton\u00edn Kohout, Ji\u0159\u00ed Nov\u00e1k, Lubom\u00edr Kosteck\u00fd, Milan \u0160kampa<\/div><\/div><\/figcaption><\/figure><div class=\"fg-loader\"><\/div><\/div><div class=\"fg-item fg-type-image fg-idle\"><figure class=\"fg-item-inner\"><a href=\"https:\/\/www.smetanaquartet.com\/wp-content\/uploads\/2026\/02\/11_Scan0018.jpg\" data-caption-title=\"Anton\u00edn Kohout, Ji\u0159\u00ed Nov\u00e1k, Lubom\u00edr Kosteck\u00fd, Milan \u0160kampa\" data-attachment-id=\"1072\" data-type=\"image\" class=\"fg-thumb\"><span class=\"fg-image-wrap\"><img decoding=\"async\" title=\"Anton\u00edn Kohout, Ji\u0159\u00ed Nov\u00e1k, Lubom\u00edr Kosteck\u00fd, Milan \u0160kampa\" height=\"300\" width=\"365\" class=\"skip-lazy fg-image\" data-src-fg=\"https:\/\/www.smetanaquartet.com\/wp-content\/uploads\/cache\/2026\/02\/11_Scan0018\/976083661.jpg\" data-srcset-fg=\"https:\/\/www.smetanaquartet.com\/wp-content\/uploads\/cache\/2026\/02\/11_Scan0018\/508877084.jpg 2x\" src=\"data:image\/svg+xml,%3Csvg%20xmlns%3D%22http%3A%2F%2Fwww.w3.org%2F2000%2Fsvg%22%20width%3D%22365%22%20height%3D%22300%22%20viewBox%3D%220%200%20365%20300%22%3E%3C%2Fsvg%3E\" loading=\"eager\"><\/span><span class=\"fg-image-overlay\"><\/span><\/a><figcaption class=\"fg-caption\"><div class=\"fg-caption-inner\"><div class=\"fg-caption-title\">Anton\u00edn Kohout, Ji\u0159\u00ed Nov\u00e1k, Lubom\u00edr Kosteck\u00fd, Milan \u0160kampa<\/div><\/div><\/figcaption><\/figure><div class=\"fg-loader\"><\/div><\/div><div class=\"fg-item fg-type-image fg-idle\"><figure class=\"fg-item-inner\"><a href=\"https:\/\/www.smetanaquartet.com\/wp-content\/uploads\/2026\/02\/16_Scan0014-popis.jpg\" data-attachment-id=\"1073\" data-type=\"image\" class=\"fg-thumb\"><span class=\"fg-image-wrap\"><img decoding=\"async\" height=\"300\" width=\"80\" class=\"skip-lazy fg-image\" data-src-fg=\"https:\/\/www.smetanaquartet.com\/wp-content\/uploads\/cache\/2026\/02\/16_Scan0014-popis\/1691423376.jpg\" data-srcset-fg=\"https:\/\/www.smetanaquartet.com\/wp-content\/uploads\/cache\/2026\/02\/16_Scan0014-popis\/2413112635.jpg 2x\" src=\"data:image\/svg+xml,%3Csvg%20xmlns%3D%22http%3A%2F%2Fwww.w3.org%2F2000%2Fsvg%22%20width%3D%2280%22%20height%3D%22300%22%20viewBox%3D%220%200%2080%20300%22%3E%3C%2Fsvg%3E\" loading=\"eager\"><\/span><span class=\"fg-image-overlay\"><\/span><\/a><\/figure><div class=\"fg-loader\"><\/div><\/div><div class=\"fg-item fg-type-image fg-idle\"><figure class=\"fg-item-inner\"><a href=\"https:\/\/www.smetanaquartet.com\/wp-content\/uploads\/2026\/02\/16_Scan0014.jpg\" data-caption-title=\"\u0160pan\u011blsko\" data-attachment-id=\"1074\" data-type=\"image\" class=\"fg-thumb\"><span class=\"fg-image-wrap\"><img decoding=\"async\" title=\"\u0160pan\u011blsko\" height=\"300\" width=\"369\" class=\"skip-lazy fg-image\" data-src-fg=\"https:\/\/www.smetanaquartet.com\/wp-content\/uploads\/cache\/2026\/02\/16_Scan0014\/2779020753.jpg\" data-srcset-fg=\"https:\/\/www.smetanaquartet.com\/wp-content\/uploads\/cache\/2026\/02\/16_Scan0014\/3787917063.jpg 2x\" src=\"data:image\/svg+xml,%3Csvg%20xmlns%3D%22http%3A%2F%2Fwww.w3.org%2F2000%2Fsvg%22%20width%3D%22369%22%20height%3D%22300%22%20viewBox%3D%220%200%20369%20300%22%3E%3C%2Fsvg%3E\" loading=\"eager\"><\/span><span class=\"fg-image-overlay\"><\/span><\/a><figcaption class=\"fg-caption\"><div class=\"fg-caption-inner\"><div class=\"fg-caption-title\">\u0160pan\u011blsko<\/div><\/div><\/figcaption><\/figure><div class=\"fg-loader\"><\/div><\/div><div class=\"fg-item fg-type-image fg-idle\"><figure class=\"fg-item-inner\"><a href=\"https:\/\/www.smetanaquartet.com\/wp-content\/uploads\/2026\/02\/17_Scan0002.jpg\" data-attachment-id=\"1075\" data-type=\"image\" class=\"fg-thumb\"><span class=\"fg-image-wrap\"><img decoding=\"async\" height=\"300\" width=\"266\" class=\"skip-lazy fg-image\" data-src-fg=\"https:\/\/www.smetanaquartet.com\/wp-content\/uploads\/cache\/2026\/02\/17_Scan0002\/1777366125.jpg\" data-srcset-fg=\"https:\/\/www.smetanaquartet.com\/wp-content\/uploads\/cache\/2026\/02\/17_Scan0002\/2634190961.jpg 2x\" src=\"data:image\/svg+xml,%3Csvg%20xmlns%3D%22http%3A%2F%2Fwww.w3.org%2F2000%2Fsvg%22%20width%3D%22266%22%20height%3D%22300%22%20viewBox%3D%220%200%20266%20300%22%3E%3C%2Fsvg%3E\" loading=\"eager\"><\/span><span class=\"fg-image-overlay\"><\/span><\/a><\/figure><div class=\"fg-loader\"><\/div><\/div><\/div>\n","protected":false},"excerpt":{"rendered":"","protected":false},"author":1,"featured_media":1066,"parent":47,"menu_order":0,"comment_status":"closed","ping_status":"closed","template":"","meta":{"footnotes":""},"class_list":["post-75","page","type-page","status-publish","has-post-thumbnail","hentry"],"_links":{"self":[{"href":"https:\/\/www.smetanaquartet.com\/ja\/wp-json\/wp\/v2\/pages\/75","targetHints":{"allow":["GET"]}}],"collection":[{"href":"https:\/\/www.smetanaquartet.com\/ja\/wp-json\/wp\/v2\/pages"}],"about":[{"href":"https:\/\/www.smetanaquartet.com\/ja\/wp-json\/wp\/v2\/types\/page"}],"author":[{"embeddable":true,"href":"https:\/\/www.smetanaquartet.com\/ja\/wp-json\/wp\/v2\/users\/1"}],"replies":[{"embeddable":true,"href":"https:\/\/www.smetanaquartet.com\/ja\/wp-json\/wp\/v2\/comments?post=75"}],"version-history":[{"count":2,"href":"https:\/\/www.smetanaquartet.com\/ja\/wp-json\/wp\/v2\/pages\/75\/revisions"}],"predecessor-version":[{"id":1291,"href":"https:\/\/www.smetanaquartet.com\/ja\/wp-json\/wp\/v2\/pages\/75\/revisions\/1291"}],"up":[{"embeddable":true,"href":"https:\/\/www.smetanaquartet.com\/ja\/wp-json\/wp\/v2\/pages\/47"}],"wp:featuredmedia":[{"embeddable":true,"href":"https:\/\/www.smetanaquartet.com\/ja\/wp-json\/wp\/v2\/media\/1066"}],"wp:attachment":[{"href":"https:\/\/www.smetanaquartet.com\/ja\/wp-json\/wp\/v2\/media?parent=75"}],"curies":[{"name":"wp","href":"https:\/\/api.w.org\/{rel}","templated":true}]}}